{"id":988,"date":"2020-08-09T00:04:27","date_gmt":"2020-08-09T03:04:27","guid":{"rendered":"https:\/\/facon.com.ar\/?post_type=product&#038;p=988"},"modified":"2025-11-19T11:29:15","modified_gmt":"2025-11-19T14:29:15","slug":"capuchones-de-botella-chane","status":"publish","type":"product","link":"https:\/\/facon.com.ar\/en\/productos\/capuchones-de-botella-chane\/","title":{"rendered":"CAPUCHONES DE BOTELLA CHAN\u00c9"},"content":{"rendered":"","protected":false},"excerpt":{"rendered":"<p class=\"\">Region: Salta<\/p>\n<p>Check available designs.<\/p>\n<p class=\"\">Entirely carved and painted by hand. Variety of animals.<\/p>\n<p class=\"\">In the Chan\u00e9 culture they are used only in the\u00a0<em>Ceremonia del Arete<\/em>. They consider that being a party attended by the living and the dead, they prevent people from being harmed by a deceased relative who, out of longing, tries to kidnap the soul of one of the loved ones. To this precautionary intention is added the playful nature of preventing the participants from being discovered in their true personality.<\/p>\n<p>Being a handcrafted product, it can vary in size, shapes and colors, but always respecting the quality it is presented and the usefulness for which it was designed.<\/p>\n<p>Any questions, you can contact us at <a href=\"mailto:info@facon.com.ar\">info@facon.com.ar<\/a><\/p>","protected":false},"featured_media":1020,"template":"","meta":{"_acf_changed":false},"product_brand":[],"product_cat":[20],"product_tag":[53,54,110,109,111,40,39,55,58,59,56],"class_list":{"0":"post-988","1":"product","2":"type-product","3":"status-publish","4":"has-post-thumbnail","6":"product_cat-hogar-deco","7":"product_tag-animales","8":"product_tag-animales-tallados","9":"product_tag-botella","10":"product_tag-capuchones","11":"product_tag-capuchones-chane","12":"product_tag-handmade","13":"product_tag-hecho-a-mano","14":"product_tag-piezas-unicas","15":"product_tag-tallado-a-mano","16":"product_tag-tintes-naturales","17":"product_tag-unique-pieces","19":"first","20":"instock","21":"shipping-taxable","22":"purchasable","23":"product-type-simple"},"acf":[],"yoast_head":"<!-- This site is optimized with the Yoast SEO plugin v27.3 - https:\/\/yoast.com\/product\/yoast-seo-wordpress\/ -->\n<title>CAPUCHONES DE BOTELLA CHAN\u00c9 - Facon Argentina<\/title>\n<meta name=\"robots\" content=\"index, follow, max-snippet:-1, max-image-preview:large, max-video-preview:-1\" \/>\n<link rel=\"canonical\" href=\"https:\/\/facon.com.ar\/en\/productos\/capuchones-de-botella-chane\/\" \/>\n<meta property=\"og:locale\" content=\"en_US\" \/>\n<meta property=\"og:type\" content=\"article\" \/>\n<meta property=\"og:title\" content=\"CAPUCHONES DE BOTELLA CHAN\u00c9 - Facon Argentina\" \/>\n<meta property=\"og:description\" content=\"Regi\u00f3n: Salta. Consultar dise\u00f1os disponibles. \u00cdntegramente tallados y pintados a mano. Variedad de animales. En la cultura chan\u00e9 las utilizan solamente en la\u00a0Ceremonia del Arete. Consideran que siendo una fiesta a la que concurren los vivos y los muertos, estas impiden que las personas sean da\u00f1adas por alg\u00fan pariente ya difunto que, por a\u00f1oranza, intente raptar el alma de uno de los seres queridos. A esta intenci\u00f3n precautoria se a\u00f1ade el car\u00e1cter l\u00fadico de impedir que los participantes sean descubiertos en su verdadera personalidad. Al ser un producto artesanal, \u00e9ste puede variar en su tama\u00f1o, formas y colores, pero siempre respetando la calidad que se presenta y la utilidad para el que fue pensado.  Cualquier duda, nos pod\u00e9s contactar en info@facon.com.ar\" \/>\n<meta property=\"og:url\" content=\"https:\/\/facon.com.ar\/en\/productos\/capuchones-de-botella-chane\/\" \/>\n<meta property=\"og:site_name\" content=\"Facon Argentina\" \/>\n<meta property=\"article:modified_time\" content=\"2025-11-19T14:29:15+00:00\" \/>\n<meta property=\"og:image\" content=\"https:\/\/facon.com.ar\/wp-content\/uploads\/92110956_1134673756703148_6024429654050340864_o.jpg\" \/>\n\t<meta property=\"og:image:width\" content=\"768\" \/>\n\t<meta property=\"og:image:height\" content=\"960\" \/>\n\t<meta property=\"og:image:type\" content=\"image\/jpeg\" \/>\n<meta name=\"twitter:card\" content=\"summary_large_image\" \/>\n<script type=\"application\/ld+json\" class=\"yoast-schema-graph\">{\"@context\":\"https:\\\/\\\/schema.org\",\"@graph\":[{\"@type\":\"WebPage\",\"@id\":\"https:\\\/\\\/facon.com.ar\\\/productos\\\/capuchones-de-botella-chane\\\/\",\"url\":\"https:\\\/\\\/facon.com.ar\\\/productos\\\/capuchones-de-botella-chane\\\/\",\"name\":\"CAPUCHONES DE BOTELLA CHAN\u00c9 - Facon Argentina\",\"isPartOf\":{\"@id\":\"https:\\\/\\\/facon.com.ar\\\/#website\"},\"primaryImageOfPage\":{\"@id\":\"https:\\\/\\\/facon.com.ar\\\/productos\\\/capuchones-de-botella-chane\\\/#primaryimage\"},\"image\":{\"@id\":\"https:\\\/\\\/facon.com.ar\\\/productos\\\/capuchones-de-botella-chane\\\/#primaryimage\"},\"thumbnailUrl\":\"https:\\\/\\\/facon.com.ar\\\/wp-content\\\/uploads\\\/92110956_1134673756703148_6024429654050340864_o.jpg\",\"datePublished\":\"2020-08-09T03:04:27+00:00\",\"dateModified\":\"2025-11-19T14:29:15+00:00\",\"breadcrumb\":{\"@id\":\"https:\\\/\\\/facon.com.ar\\\/productos\\\/capuchones-de-botella-chane\\\/#breadcrumb\"},\"inLanguage\":\"en-US\",\"potentialAction\":[{\"@type\":\"ReadAction\",\"target\":[\"https:\\\/\\\/facon.com.ar\\\/productos\\\/capuchones-de-botella-chane\\\/\"]}]},{\"@type\":\"ImageObject\",\"inLanguage\":\"en-US\",\"@id\":\"https:\\\/\\\/facon.com.ar\\\/productos\\\/capuchones-de-botella-chane\\\/#primaryimage\",\"url\":\"https:\\\/\\\/facon.com.ar\\\/wp-content\\\/uploads\\\/92110956_1134673756703148_6024429654050340864_o.jpg\",\"contentUrl\":\"https:\\\/\\\/facon.com.ar\\\/wp-content\\\/uploads\\\/92110956_1134673756703148_6024429654050340864_o.jpg\",\"width\":768,\"height\":960},{\"@type\":\"BreadcrumbList\",\"@id\":\"https:\\\/\\\/facon.com.ar\\\/productos\\\/capuchones-de-botella-chane\\\/#breadcrumb\",\"itemListElement\":[{\"@type\":\"ListItem\",\"position\":1,\"name\":\"Portada\",\"item\":\"https:\\\/\\\/facon.com.ar\\\/\"},{\"@type\":\"ListItem\",\"position\":2,\"name\":\"Tienda\",\"item\":\"https:\\\/\\\/facon.com.ar\\\/tienda\\\/\"},{\"@type\":\"ListItem\",\"position\":3,\"name\":\"CAPUCHONES DE BOTELLA CHAN\u00c9\"}]},{\"@type\":\"WebSite\",\"@id\":\"https:\\\/\\\/facon.com.ar\\\/#website\",\"url\":\"https:\\\/\\\/facon.com.ar\\\/\",\"name\":\"Facon Argentina\",\"description\":\"Piezas \u00fanicas de artistas locales\",\"publisher\":{\"@id\":\"https:\\\/\\\/facon.com.ar\\\/#organization\"},\"potentialAction\":[{\"@type\":\"SearchAction\",\"target\":{\"@type\":\"EntryPoint\",\"urlTemplate\":\"https:\\\/\\\/facon.com.ar\\\/?s={search_term_string}\"},\"query-input\":{\"@type\":\"PropertyValueSpecification\",\"valueRequired\":true,\"valueName\":\"search_term_string\"}}],\"inLanguage\":\"en-US\"},{\"@type\":\"Organization\",\"@id\":\"https:\\\/\\\/facon.com.ar\\\/#organization\",\"name\":\"Facon Argentina\",\"url\":\"https:\\\/\\\/facon.com.ar\\\/\",\"logo\":{\"@type\":\"ImageObject\",\"inLanguage\":\"en-US\",\"@id\":\"https:\\\/\\\/facon.com.ar\\\/#\\\/schema\\\/logo\\\/image\\\/\",\"url\":\"https:\\\/\\\/facon.com.ar\\\/wp-content\\\/uploads\\\/logo-t.png\",\"contentUrl\":\"https:\\\/\\\/facon.com.ar\\\/wp-content\\\/uploads\\\/logo-t.png\",\"width\":955,\"height\":793,\"caption\":\"Facon Argentina\"},\"image\":{\"@id\":\"https:\\\/\\\/facon.com.ar\\\/#\\\/schema\\\/logo\\\/image\\\/\"}}]}<\/script>\n<!-- \/ Yoast SEO plugin. -->","yoast_head_json":{"title":"CAPUCHONES DE BOTELLA CHAN\u00c9 - Facon Argentina","robots":{"index":"index","follow":"follow","max-snippet":"max-snippet:-1","max-image-preview":"max-image-preview:large","max-video-preview":"max-video-preview:-1"},"canonical":"https:\/\/facon.com.ar\/en\/productos\/capuchones-de-botella-chane\/","og_locale":"en_US","og_type":"article","og_title":"CAPUCHONES DE BOTELLA CHAN\u00c9 - Facon Argentina","og_description":"Regi\u00f3n: Salta. Consultar dise\u00f1os disponibles. \u00cdntegramente tallados y pintados a mano. Variedad de animales. En la cultura chan\u00e9 las utilizan solamente en la\u00a0Ceremonia del Arete. Consideran que siendo una fiesta a la que concurren los vivos y los muertos, estas impiden que las personas sean da\u00f1adas por alg\u00fan pariente ya difunto que, por a\u00f1oranza, intente raptar el alma de uno de los seres queridos. A esta intenci\u00f3n precautoria se a\u00f1ade el car\u00e1cter l\u00fadico de impedir que los participantes sean descubiertos en su verdadera personalidad. Al ser un producto artesanal, \u00e9ste puede variar en su tama\u00f1o, formas y colores, pero siempre respetando la calidad que se presenta y la utilidad para el que fue pensado.  Cualquier duda, nos pod\u00e9s contactar en info@facon.com.ar","og_url":"https:\/\/facon.com.ar\/en\/productos\/capuchones-de-botella-chane\/","og_site_name":"Facon Argentina","article_modified_time":"2025-11-19T14:29:15+00:00","og_image":[{"width":768,"height":960,"url":"https:\/\/facon.com.ar\/wp-content\/uploads\/92110956_1134673756703148_6024429654050340864_o.jpg","type":"image\/jpeg"}],"twitter_card":"summary_large_image","schema":{"@context":"https:\/\/schema.org","@graph":[{"@type":"WebPage","@id":"https:\/\/facon.com.ar\/productos\/capuchones-de-botella-chane\/","url":"https:\/\/facon.com.ar\/productos\/capuchones-de-botella-chane\/","name":"CAPUCHONES DE BOTELLA CHAN\u00c9 - Facon Argentina","isPartOf":{"@id":"https:\/\/facon.com.ar\/#website"},"primaryImageOfPage":{"@id":"https:\/\/facon.com.ar\/productos\/capuchones-de-botella-chane\/#primaryimage"},"image":{"@id":"https:\/\/facon.com.ar\/productos\/capuchones-de-botella-chane\/#primaryimage"},"thumbnailUrl":"https:\/\/facon.com.ar\/wp-content\/uploads\/92110956_1134673756703148_6024429654050340864_o.jpg","datePublished":"2020-08-09T03:04:27+00:00","dateModified":"2025-11-19T14:29:15+00:00","breadcrumb":{"@id":"https:\/\/facon.com.ar\/productos\/capuchones-de-botella-chane\/#breadcrumb"},"inLanguage":"en-US","potentialAction":[{"@type":"ReadAction","target":["https:\/\/facon.com.ar\/productos\/capuchones-de-botella-chane\/"]}]},{"@type":"ImageObject","inLanguage":"en-US","@id":"https:\/\/facon.com.ar\/productos\/capuchones-de-botella-chane\/#primaryimage","url":"https:\/\/facon.com.ar\/wp-content\/uploads\/92110956_1134673756703148_6024429654050340864_o.jpg","contentUrl":"https:\/\/facon.com.ar\/wp-content\/uploads\/92110956_1134673756703148_6024429654050340864_o.jpg","width":768,"height":960},{"@type":"BreadcrumbList","@id":"https:\/\/facon.com.ar\/productos\/capuchones-de-botella-chane\/#breadcrumb","itemListElement":[{"@type":"ListItem","position":1,"name":"Portada","item":"https:\/\/facon.com.ar\/"},{"@type":"ListItem","position":2,"name":"Tienda","item":"https:\/\/facon.com.ar\/tienda\/"},{"@type":"ListItem","position":3,"name":"CAPUCHONES DE BOTELLA CHAN\u00c9"}]},{"@type":"WebSite","@id":"https:\/\/facon.com.ar\/#website","url":"https:\/\/facon.com.ar\/","name":"Facon Argentina","description":"Piezas \u00fanicas de artistas locales","publisher":{"@id":"https:\/\/facon.com.ar\/#organization"},"potentialAction":[{"@type":"SearchAction","target":{"@type":"EntryPoint","urlTemplate":"https:\/\/facon.com.ar\/?s={search_term_string}"},"query-input":{"@type":"PropertyValueSpecification","valueRequired":true,"valueName":"search_term_string"}}],"inLanguage":"en-US"},{"@type":"Organization","@id":"https:\/\/facon.com.ar\/#organization","name":"Facon Argentina","url":"https:\/\/facon.com.ar\/","logo":{"@type":"ImageObject","inLanguage":"en-US","@id":"https:\/\/facon.com.ar\/#\/schema\/logo\/image\/","url":"https:\/\/facon.com.ar\/wp-content\/uploads\/logo-t.png","contentUrl":"https:\/\/facon.com.ar\/wp-content\/uploads\/logo-t.png","width":955,"height":793,"caption":"Facon Argentina"},"image":{"@id":"https:\/\/facon.com.ar\/#\/schema\/logo\/image\/"}}]}},"_links":{"self":[{"href":"https:\/\/facon.com.ar\/en\/wp-json\/wp\/v2\/product\/988","targetHints":{"allow":["GET"]}}],"collection":[{"href":"https:\/\/facon.com.ar\/en\/wp-json\/wp\/v2\/product"}],"about":[{"href":"https:\/\/facon.com.ar\/en\/wp-json\/wp\/v2\/types\/product"}],"version-history":[{"count":2,"href":"https:\/\/facon.com.ar\/en\/wp-json\/wp\/v2\/product\/988\/revisions"}],"predecessor-version":[{"id":113231,"href":"https:\/\/facon.com.ar\/en\/wp-json\/wp\/v2\/product\/988\/revisions\/113231"}],"wp:featuredmedia":[{"embeddable":true,"href":"https:\/\/facon.com.ar\/en\/wp-json\/wp\/v2\/media\/1020"}],"wp:attachment":[{"href":"https:\/\/facon.com.ar\/en\/wp-json\/wp\/v2\/media?parent=988"}],"wp:term":[{"taxonomy":"product_brand","embeddable":true,"href":"https:\/\/facon.com.ar\/en\/wp-json\/wp\/v2\/product_brand?post=988"},{"taxonomy":"product_cat","embeddable":true,"href":"https:\/\/facon.com.ar\/en\/wp-json\/wp\/v2\/product_cat?post=988"},{"taxonomy":"product_tag","embeddable":true,"href":"https:\/\/facon.com.ar\/en\/wp-json\/wp\/v2\/product_tag?post=988"}],"curies":[{"name":"wp","href":"https:\/\/api.w.org\/{rel}","templated":true}]}}