{"id":962,"date":"2020-08-08T23:04:09","date_gmt":"2020-08-09T02:04:09","guid":{"rendered":"https:\/\/facon.com.ar\/?post_type=product&#038;p=962"},"modified":"2025-12-28T09:19:34","modified_gmt":"2025-12-28T12:19:34","slug":"sol-federal-junto-a-ines-bonadeo","status":"publish","type":"product","link":"https:\/\/facon.com.ar\/en\/productos\/sol-federal-junto-a-ines-bonadeo\/","title":{"rendered":"SOL FEDERAL JUNTO A INES BONADEO"},"content":{"rendered":"","protected":false},"excerpt":{"rendered":"<p class=\"\">Region: Buenos Aires.<\/p>\n<p>Federal Sun 70 cm in diameter.<br \/>\nFederal Sun 45 cm in diameter.<\/p>\n<p>As a handcrafted bronze product, it can vary in size, shape, and color, but always respecting the quality presented and the intended use.<\/p>\n<p>Any questions, you can contact us at <a href=\"mailto:info@facon.com.ar\">info@facon.com.ar<\/a><\/p>","protected":false},"featured_media":112867,"template":"","meta":{"_acf_changed":false},"product_brand":[],"product_cat":[20,22],"product_tag":[226,40,39,55,151,56],"class_list":{"0":"post-962","1":"product","2":"type-product","3":"status-publish","4":"has-post-thumbnail","6":"product_cat-hogar-deco","7":"product_cat-wall-art","8":"product_tag-bronce","9":"product_tag-handmade","10":"product_tag-hecho-a-mano","11":"product_tag-piezas-unicas","12":"product_tag-sol","13":"product_tag-unique-pieces","15":"first","16":"instock","17":"shipping-taxable","18":"purchasable","19":"product-type-variable"},"acf":[],"yoast_head":"<!-- This site is optimized with the Yoast SEO plugin v27.3 - https:\/\/yoast.com\/product\/yoast-seo-wordpress\/ -->\n<title>SOL FEDERAL JUNTO A INES BONADEO - Facon Argentina<\/title>\n<meta name=\"robots\" content=\"index, follow, max-snippet:-1, max-image-preview:large, max-video-preview:-1\" \/>\n<link rel=\"canonical\" href=\"https:\/\/facon.com.ar\/en\/productos\/sol-federal-junto-a-ines-bonadeo\/\" \/>\n<meta property=\"og:locale\" content=\"en_US\" \/>\n<meta property=\"og:type\" content=\"article\" \/>\n<meta property=\"og:title\" content=\"SOL FEDERAL JUNTO A INES BONADEO - Facon Argentina\" \/>\n<meta property=\"og:description\" content=\"Regi\u00f3n: Buenos Aires. Sol Federal 70 cm de diametro. Sol Federal 45 cm de diametro.  Al ser un producto artesanal de bronce, \u00e9ste puede variar en su tama\u00f1o, formas y colores, pero siempre respetando la calidad que se presenta y la utilidad para el que fue pensado.  Cualquier duda, nos pod\u00e9s contactar en info@facon.com.ar\" \/>\n<meta property=\"og:url\" content=\"https:\/\/facon.com.ar\/en\/productos\/sol-federal-junto-a-ines-bonadeo\/\" \/>\n<meta property=\"og:site_name\" content=\"Facon Argentina\" \/>\n<meta property=\"article:modified_time\" content=\"2025-12-28T12:19:34+00:00\" \/>\n<meta property=\"og:image\" content=\"https:\/\/facon.com.ar\/wp-content\/uploads\/sol-federal-3.jpg\" \/>\n\t<meta property=\"og:image:width\" content=\"1125\" \/>\n\t<meta property=\"og:image:height\" content=\"1396\" \/>\n\t<meta property=\"og:image:type\" content=\"image\/jpeg\" \/>\n<meta name=\"twitter:card\" content=\"summary_large_image\" \/>\n<script type=\"application\/ld+json\" class=\"yoast-schema-graph\">{\"@context\":\"https:\\\/\\\/schema.org\",\"@graph\":[{\"@type\":\"WebPage\",\"@id\":\"https:\\\/\\\/facon.com.ar\\\/productos\\\/sol-federal-junto-a-ines-bonadeo\\\/\",\"url\":\"https:\\\/\\\/facon.com.ar\\\/productos\\\/sol-federal-junto-a-ines-bonadeo\\\/\",\"name\":\"SOL FEDERAL JUNTO A INES BONADEO - Facon Argentina\",\"isPartOf\":{\"@id\":\"https:\\\/\\\/facon.com.ar\\\/#website\"},\"primaryImageOfPage\":{\"@id\":\"https:\\\/\\\/facon.com.ar\\\/productos\\\/sol-federal-junto-a-ines-bonadeo\\\/#primaryimage\"},\"image\":{\"@id\":\"https:\\\/\\\/facon.com.ar\\\/productos\\\/sol-federal-junto-a-ines-bonadeo\\\/#primaryimage\"},\"thumbnailUrl\":\"https:\\\/\\\/facon.com.ar\\\/wp-content\\\/uploads\\\/sol-federal-3.jpg\",\"datePublished\":\"2020-08-09T02:04:09+00:00\",\"dateModified\":\"2025-12-28T12:19:34+00:00\",\"breadcrumb\":{\"@id\":\"https:\\\/\\\/facon.com.ar\\\/productos\\\/sol-federal-junto-a-ines-bonadeo\\\/#breadcrumb\"},\"inLanguage\":\"en-US\",\"potentialAction\":[{\"@type\":\"ReadAction\",\"target\":[\"https:\\\/\\\/facon.com.ar\\\/productos\\\/sol-federal-junto-a-ines-bonadeo\\\/\"]}]},{\"@type\":\"ImageObject\",\"inLanguage\":\"en-US\",\"@id\":\"https:\\\/\\\/facon.com.ar\\\/productos\\\/sol-federal-junto-a-ines-bonadeo\\\/#primaryimage\",\"url\":\"https:\\\/\\\/facon.com.ar\\\/wp-content\\\/uploads\\\/sol-federal-3.jpg\",\"contentUrl\":\"https:\\\/\\\/facon.com.ar\\\/wp-content\\\/uploads\\\/sol-federal-3.jpg\",\"width\":1125,\"height\":1396},{\"@type\":\"BreadcrumbList\",\"@id\":\"https:\\\/\\\/facon.com.ar\\\/productos\\\/sol-federal-junto-a-ines-bonadeo\\\/#breadcrumb\",\"itemListElement\":[{\"@type\":\"ListItem\",\"position\":1,\"name\":\"Portada\",\"item\":\"https:\\\/\\\/facon.com.ar\\\/\"},{\"@type\":\"ListItem\",\"position\":2,\"name\":\"Tienda\",\"item\":\"https:\\\/\\\/facon.com.ar\\\/tienda\\\/\"},{\"@type\":\"ListItem\",\"position\":3,\"name\":\"SOL FEDERAL JUNTO A INES BONADEO\"}]},{\"@type\":\"WebSite\",\"@id\":\"https:\\\/\\\/facon.com.ar\\\/#website\",\"url\":\"https:\\\/\\\/facon.com.ar\\\/\",\"name\":\"Facon Argentina\",\"description\":\"Piezas \u00fanicas de artistas locales\",\"publisher\":{\"@id\":\"https:\\\/\\\/facon.com.ar\\\/#organization\"},\"potentialAction\":[{\"@type\":\"SearchAction\",\"target\":{\"@type\":\"EntryPoint\",\"urlTemplate\":\"https:\\\/\\\/facon.com.ar\\\/?s={search_term_string}\"},\"query-input\":{\"@type\":\"PropertyValueSpecification\",\"valueRequired\":true,\"valueName\":\"search_term_string\"}}],\"inLanguage\":\"en-US\"},{\"@type\":\"Organization\",\"@id\":\"https:\\\/\\\/facon.com.ar\\\/#organization\",\"name\":\"Facon Argentina\",\"url\":\"https:\\\/\\\/facon.com.ar\\\/\",\"logo\":{\"@type\":\"ImageObject\",\"inLanguage\":\"en-US\",\"@id\":\"https:\\\/\\\/facon.com.ar\\\/#\\\/schema\\\/logo\\\/image\\\/\",\"url\":\"https:\\\/\\\/facon.com.ar\\\/wp-content\\\/uploads\\\/logo-t.png\",\"contentUrl\":\"https:\\\/\\\/facon.com.ar\\\/wp-content\\\/uploads\\\/logo-t.png\",\"width\":955,\"height\":793,\"caption\":\"Facon Argentina\"},\"image\":{\"@id\":\"https:\\\/\\\/facon.com.ar\\\/#\\\/schema\\\/logo\\\/image\\\/\"}}]}<\/script>\n<!-- \/ Yoast SEO plugin. -->","yoast_head_json":{"title":"SOL FEDERAL JUNTO A INES BONADEO - Facon Argentina","robots":{"index":"index","follow":"follow","max-snippet":"max-snippet:-1","max-image-preview":"max-image-preview:large","max-video-preview":"max-video-preview:-1"},"canonical":"https:\/\/facon.com.ar\/en\/productos\/sol-federal-junto-a-ines-bonadeo\/","og_locale":"en_US","og_type":"article","og_title":"SOL FEDERAL JUNTO A INES BONADEO - Facon Argentina","og_description":"Regi\u00f3n: Buenos Aires. Sol Federal 70 cm de diametro. Sol Federal 45 cm de diametro.  Al ser un producto artesanal de bronce, \u00e9ste puede variar en su tama\u00f1o, formas y colores, pero siempre respetando la calidad que se presenta y la utilidad para el que fue pensado.  Cualquier duda, nos pod\u00e9s contactar en info@facon.com.ar","og_url":"https:\/\/facon.com.ar\/en\/productos\/sol-federal-junto-a-ines-bonadeo\/","og_site_name":"Facon Argentina","article_modified_time":"2025-12-28T12:19:34+00:00","og_image":[{"width":1125,"height":1396,"url":"https:\/\/facon.com.ar\/wp-content\/uploads\/sol-federal-3.jpg","type":"image\/jpeg"}],"twitter_card":"summary_large_image","schema":{"@context":"https:\/\/schema.org","@graph":[{"@type":"WebPage","@id":"https:\/\/facon.com.ar\/productos\/sol-federal-junto-a-ines-bonadeo\/","url":"https:\/\/facon.com.ar\/productos\/sol-federal-junto-a-ines-bonadeo\/","name":"SOL FEDERAL JUNTO A INES BONADEO - Facon Argentina","isPartOf":{"@id":"https:\/\/facon.com.ar\/#website"},"primaryImageOfPage":{"@id":"https:\/\/facon.com.ar\/productos\/sol-federal-junto-a-ines-bonadeo\/#primaryimage"},"image":{"@id":"https:\/\/facon.com.ar\/productos\/sol-federal-junto-a-ines-bonadeo\/#primaryimage"},"thumbnailUrl":"https:\/\/facon.com.ar\/wp-content\/uploads\/sol-federal-3.jpg","datePublished":"2020-08-09T02:04:09+00:00","dateModified":"2025-12-28T12:19:34+00:00","breadcrumb":{"@id":"https:\/\/facon.com.ar\/productos\/sol-federal-junto-a-ines-bonadeo\/#breadcrumb"},"inLanguage":"en-US","potentialAction":[{"@type":"ReadAction","target":["https:\/\/facon.com.ar\/productos\/sol-federal-junto-a-ines-bonadeo\/"]}]},{"@type":"ImageObject","inLanguage":"en-US","@id":"https:\/\/facon.com.ar\/productos\/sol-federal-junto-a-ines-bonadeo\/#primaryimage","url":"https:\/\/facon.com.ar\/wp-content\/uploads\/sol-federal-3.jpg","contentUrl":"https:\/\/facon.com.ar\/wp-content\/uploads\/sol-federal-3.jpg","width":1125,"height":1396},{"@type":"BreadcrumbList","@id":"https:\/\/facon.com.ar\/productos\/sol-federal-junto-a-ines-bonadeo\/#breadcrumb","itemListElement":[{"@type":"ListItem","position":1,"name":"Portada","item":"https:\/\/facon.com.ar\/"},{"@type":"ListItem","position":2,"name":"Tienda","item":"https:\/\/facon.com.ar\/tienda\/"},{"@type":"ListItem","position":3,"name":"SOL FEDERAL JUNTO A INES BONADEO"}]},{"@type":"WebSite","@id":"https:\/\/facon.com.ar\/#website","url":"https:\/\/facon.com.ar\/","name":"Facon Argentina","description":"Piezas \u00fanicas de artistas locales","publisher":{"@id":"https:\/\/facon.com.ar\/#organization"},"potentialAction":[{"@type":"SearchAction","target":{"@type":"EntryPoint","urlTemplate":"https:\/\/facon.com.ar\/?s={search_term_string}"},"query-input":{"@type":"PropertyValueSpecification","valueRequired":true,"valueName":"search_term_string"}}],"inLanguage":"en-US"},{"@type":"Organization","@id":"https:\/\/facon.com.ar\/#organization","name":"Facon Argentina","url":"https:\/\/facon.com.ar\/","logo":{"@type":"ImageObject","inLanguage":"en-US","@id":"https:\/\/facon.com.ar\/#\/schema\/logo\/image\/","url":"https:\/\/facon.com.ar\/wp-content\/uploads\/logo-t.png","contentUrl":"https:\/\/facon.com.ar\/wp-content\/uploads\/logo-t.png","width":955,"height":793,"caption":"Facon Argentina"},"image":{"@id":"https:\/\/facon.com.ar\/#\/schema\/logo\/image\/"}}]}},"_links":{"self":[{"href":"https:\/\/facon.com.ar\/en\/wp-json\/wp\/v2\/product\/962","targetHints":{"allow":["GET"]}}],"collection":[{"href":"https:\/\/facon.com.ar\/en\/wp-json\/wp\/v2\/product"}],"about":[{"href":"https:\/\/facon.com.ar\/en\/wp-json\/wp\/v2\/types\/product"}],"version-history":[{"count":3,"href":"https:\/\/facon.com.ar\/en\/wp-json\/wp\/v2\/product\/962\/revisions"}],"predecessor-version":[{"id":113026,"href":"https:\/\/facon.com.ar\/en\/wp-json\/wp\/v2\/product\/962\/revisions\/113026"}],"wp:featuredmedia":[{"embeddable":true,"href":"https:\/\/facon.com.ar\/en\/wp-json\/wp\/v2\/media\/112867"}],"wp:attachment":[{"href":"https:\/\/facon.com.ar\/en\/wp-json\/wp\/v2\/media?parent=962"}],"wp:term":[{"taxonomy":"product_brand","embeddable":true,"href":"https:\/\/facon.com.ar\/en\/wp-json\/wp\/v2\/product_brand?post=962"},{"taxonomy":"product_cat","embeddable":true,"href":"https:\/\/facon.com.ar\/en\/wp-json\/wp\/v2\/product_cat?post=962"},{"taxonomy":"product_tag","embeddable":true,"href":"https:\/\/facon.com.ar\/en\/wp-json\/wp\/v2\/product_tag?post=962"}],"curies":[{"name":"wp","href":"https:\/\/api.w.org\/{rel}","templated":true}]}}