{"id":836,"date":"2020-07-30T14:50:22","date_gmt":"2020-07-30T17:50:22","guid":{"rendered":"https:\/\/facon.com.ar\/?post_type=product&#038;p=836"},"modified":"2025-07-23T15:25:22","modified_gmt":"2025-07-23T18:25:22","slug":"print-colores-de-misiones","status":"publish","type":"product","link":"https:\/\/facon.com.ar\/en\/productos\/print-colores-de-misiones\/","title":{"rendered":"PRINT COLORES DE MISIONES"},"content":{"rendered":"","protected":false},"excerpt":{"rendered":"<p class=\"\">Print Colores de Misiones.<\/p>\n<p class=\"\">Production time: 10 days +\/-<\/p>\n<p class=\"\">Frame not included<\/p>\n<p class=\"\">The province of Misiones is located in the northeast of Argentina. It limits to the west with Paraguay, from which it is separated by the Paran\u00e1 river, to the east, north and south with Brazil, through the Iguaz\u00fa, San Antonio and Pepir\u00ed Guaz\u00fa rivers, in addition to some 20km of dry border and to the southwest with the Province of Corrientes through the Itaemb\u00e9 and Chimiray streams along with a 30 km section of dry border.<\/p>\n<p class=\"\">The province is divided into 75 municipalities grouped into 17 departments, the municipalities occupying the entire provincial territory.<\/p>\n<p>Any questions, you can contact us at <a href=\"mailto:info@facon.com.ar\">info@facon.com.ar<\/a><\/p>","protected":false},"featured_media":839,"template":"","meta":{"_acf_changed":false},"product_brand":[],"product_cat":[22],"product_tag":[52,51,37],"class_list":{"0":"post-836","1":"product","2":"type-product","3":"status-publish","4":"has-post-thumbnail","6":"product_cat-wall-art","7":"product_tag-misiones","8":"product_tag-print","9":"product_tag-wall-art","11":"first","12":"onbackorder","13":"shipping-taxable","14":"purchasable","15":"product-type-variable"},"acf":[],"yoast_head":"<!-- This site is optimized with the Yoast SEO plugin v27.3 - https:\/\/yoast.com\/product\/yoast-seo-wordpress\/ -->\n<title>PRINT COLORES DE MISIONES - Facon Argentina<\/title>\n<meta name=\"robots\" content=\"index, follow, max-snippet:-1, max-image-preview:large, max-video-preview:-1\" \/>\n<link rel=\"canonical\" href=\"https:\/\/facon.com.ar\/en\/productos\/print-colores-de-misiones\/\" \/>\n<meta property=\"og:locale\" content=\"en_US\" \/>\n<meta property=\"og:type\" content=\"article\" \/>\n<meta property=\"og:title\" content=\"PRINT COLORES DE MISIONES - Facon Argentina\" \/>\n<meta property=\"og:description\" content=\"Print Colores de Misiones. Tiempo de producci\u00f3n: 10 d\u00edas +\/- No incluye enmarcado. La provincia de Misiones esta situada al noreste de la Argentina. Limita al oeste con el\u00a0Paraguay, del que est\u00e1 separada por el r\u00edo Paran\u00e1, al este, norte y sur con el\u00a0Brasil, por medio de los r\u00edos Iguaz\u00fa,\u00a0San Antonio\u00a0y Pepir\u00ed Guaz\u00fa, adem\u00e1s de unos 20km de\u00a0frontera\u00a0seca y al suroeste con la Provincia de Corrientes a trav\u00e9s de los arroyos Itaemb\u00e9 y Chimiray junto con un tramo de frontera seca de 30 km. La provincia se encuentra dividida en 75 municipios agrupados en 17 departamentos, los municipios ocupan todo el territorio provincial. Cualquier duda, nos pod\u00e9s contactar en info@facon.com.ar\" \/>\n<meta property=\"og:url\" content=\"https:\/\/facon.com.ar\/en\/productos\/print-colores-de-misiones\/\" \/>\n<meta property=\"og:site_name\" content=\"Facon Argentina\" \/>\n<meta property=\"article:modified_time\" content=\"2025-07-23T18:25:22+00:00\" \/>\n<meta property=\"og:image\" content=\"https:\/\/facon.com.ar\/wp-content\/uploads\/WhatsAppImage2019-12-11at12.23.00copy.jpeg\" \/>\n\t<meta property=\"og:image:width\" content=\"1082\" \/>\n\t<meta property=\"og:image:height\" content=\"758\" \/>\n\t<meta property=\"og:image:type\" content=\"image\/jpeg\" \/>\n<meta name=\"twitter:card\" content=\"summary_large_image\" \/>\n<script type=\"application\/ld+json\" class=\"yoast-schema-graph\">{\"@context\":\"https:\\\/\\\/schema.org\",\"@graph\":[{\"@type\":\"WebPage\",\"@id\":\"https:\\\/\\\/facon.com.ar\\\/productos\\\/print-colores-de-misiones\\\/\",\"url\":\"https:\\\/\\\/facon.com.ar\\\/productos\\\/print-colores-de-misiones\\\/\",\"name\":\"PRINT COLORES DE MISIONES - Facon Argentina\",\"isPartOf\":{\"@id\":\"https:\\\/\\\/facon.com.ar\\\/#website\"},\"primaryImageOfPage\":{\"@id\":\"https:\\\/\\\/facon.com.ar\\\/productos\\\/print-colores-de-misiones\\\/#primaryimage\"},\"image\":{\"@id\":\"https:\\\/\\\/facon.com.ar\\\/productos\\\/print-colores-de-misiones\\\/#primaryimage\"},\"thumbnailUrl\":\"https:\\\/\\\/facon.com.ar\\\/wp-content\\\/uploads\\\/WhatsAppImage2019-12-11at12.23.00copy.jpeg\",\"datePublished\":\"2020-07-30T17:50:22+00:00\",\"dateModified\":\"2025-07-23T18:25:22+00:00\",\"breadcrumb\":{\"@id\":\"https:\\\/\\\/facon.com.ar\\\/productos\\\/print-colores-de-misiones\\\/#breadcrumb\"},\"inLanguage\":\"en-US\",\"potentialAction\":[{\"@type\":\"ReadAction\",\"target\":[\"https:\\\/\\\/facon.com.ar\\\/productos\\\/print-colores-de-misiones\\\/\"]}]},{\"@type\":\"ImageObject\",\"inLanguage\":\"en-US\",\"@id\":\"https:\\\/\\\/facon.com.ar\\\/productos\\\/print-colores-de-misiones\\\/#primaryimage\",\"url\":\"https:\\\/\\\/facon.com.ar\\\/wp-content\\\/uploads\\\/WhatsAppImage2019-12-11at12.23.00copy.jpeg\",\"contentUrl\":\"https:\\\/\\\/facon.com.ar\\\/wp-content\\\/uploads\\\/WhatsAppImage2019-12-11at12.23.00copy.jpeg\",\"width\":1082,\"height\":758},{\"@type\":\"BreadcrumbList\",\"@id\":\"https:\\\/\\\/facon.com.ar\\\/productos\\\/print-colores-de-misiones\\\/#breadcrumb\",\"itemListElement\":[{\"@type\":\"ListItem\",\"position\":1,\"name\":\"Portada\",\"item\":\"https:\\\/\\\/facon.com.ar\\\/\"},{\"@type\":\"ListItem\",\"position\":2,\"name\":\"Tienda\",\"item\":\"https:\\\/\\\/facon.com.ar\\\/tienda\\\/\"},{\"@type\":\"ListItem\",\"position\":3,\"name\":\"PRINT COLORES DE MISIONES\"}]},{\"@type\":\"WebSite\",\"@id\":\"https:\\\/\\\/facon.com.ar\\\/#website\",\"url\":\"https:\\\/\\\/facon.com.ar\\\/\",\"name\":\"Facon Argentina\",\"description\":\"Piezas \u00fanicas de artistas locales\",\"publisher\":{\"@id\":\"https:\\\/\\\/facon.com.ar\\\/#organization\"},\"potentialAction\":[{\"@type\":\"SearchAction\",\"target\":{\"@type\":\"EntryPoint\",\"urlTemplate\":\"https:\\\/\\\/facon.com.ar\\\/?s={search_term_string}\"},\"query-input\":{\"@type\":\"PropertyValueSpecification\",\"valueRequired\":true,\"valueName\":\"search_term_string\"}}],\"inLanguage\":\"en-US\"},{\"@type\":\"Organization\",\"@id\":\"https:\\\/\\\/facon.com.ar\\\/#organization\",\"name\":\"Facon Argentina\",\"url\":\"https:\\\/\\\/facon.com.ar\\\/\",\"logo\":{\"@type\":\"ImageObject\",\"inLanguage\":\"en-US\",\"@id\":\"https:\\\/\\\/facon.com.ar\\\/#\\\/schema\\\/logo\\\/image\\\/\",\"url\":\"https:\\\/\\\/facon.com.ar\\\/wp-content\\\/uploads\\\/logo-t.png\",\"contentUrl\":\"https:\\\/\\\/facon.com.ar\\\/wp-content\\\/uploads\\\/logo-t.png\",\"width\":955,\"height\":793,\"caption\":\"Facon Argentina\"},\"image\":{\"@id\":\"https:\\\/\\\/facon.com.ar\\\/#\\\/schema\\\/logo\\\/image\\\/\"}}]}<\/script>\n<!-- \/ Yoast SEO plugin. -->","yoast_head_json":{"title":"PRINT COLORES DE MISIONES - Facon Argentina","robots":{"index":"index","follow":"follow","max-snippet":"max-snippet:-1","max-image-preview":"max-image-preview:large","max-video-preview":"max-video-preview:-1"},"canonical":"https:\/\/facon.com.ar\/en\/productos\/print-colores-de-misiones\/","og_locale":"en_US","og_type":"article","og_title":"PRINT COLORES DE MISIONES - Facon Argentina","og_description":"Print Colores de Misiones. Tiempo de producci\u00f3n: 10 d\u00edas +\/- No incluye enmarcado. La provincia de Misiones esta situada al noreste de la Argentina. Limita al oeste con el\u00a0Paraguay, del que est\u00e1 separada por el r\u00edo Paran\u00e1, al este, norte y sur con el\u00a0Brasil, por medio de los r\u00edos Iguaz\u00fa,\u00a0San Antonio\u00a0y Pepir\u00ed Guaz\u00fa, adem\u00e1s de unos 20km de\u00a0frontera\u00a0seca y al suroeste con la Provincia de Corrientes a trav\u00e9s de los arroyos Itaemb\u00e9 y Chimiray junto con un tramo de frontera seca de 30 km. La provincia se encuentra dividida en 75 municipios agrupados en 17 departamentos, los municipios ocupan todo el territorio provincial. Cualquier duda, nos pod\u00e9s contactar en info@facon.com.ar","og_url":"https:\/\/facon.com.ar\/en\/productos\/print-colores-de-misiones\/","og_site_name":"Facon Argentina","article_modified_time":"2025-07-23T18:25:22+00:00","og_image":[{"width":1082,"height":758,"url":"https:\/\/facon.com.ar\/wp-content\/uploads\/WhatsAppImage2019-12-11at12.23.00copy.jpeg","type":"image\/jpeg"}],"twitter_card":"summary_large_image","schema":{"@context":"https:\/\/schema.org","@graph":[{"@type":"WebPage","@id":"https:\/\/facon.com.ar\/productos\/print-colores-de-misiones\/","url":"https:\/\/facon.com.ar\/productos\/print-colores-de-misiones\/","name":"PRINT COLORES DE MISIONES - Facon Argentina","isPartOf":{"@id":"https:\/\/facon.com.ar\/#website"},"primaryImageOfPage":{"@id":"https:\/\/facon.com.ar\/productos\/print-colores-de-misiones\/#primaryimage"},"image":{"@id":"https:\/\/facon.com.ar\/productos\/print-colores-de-misiones\/#primaryimage"},"thumbnailUrl":"https:\/\/facon.com.ar\/wp-content\/uploads\/WhatsAppImage2019-12-11at12.23.00copy.jpeg","datePublished":"2020-07-30T17:50:22+00:00","dateModified":"2025-07-23T18:25:22+00:00","breadcrumb":{"@id":"https:\/\/facon.com.ar\/productos\/print-colores-de-misiones\/#breadcrumb"},"inLanguage":"en-US","potentialAction":[{"@type":"ReadAction","target":["https:\/\/facon.com.ar\/productos\/print-colores-de-misiones\/"]}]},{"@type":"ImageObject","inLanguage":"en-US","@id":"https:\/\/facon.com.ar\/productos\/print-colores-de-misiones\/#primaryimage","url":"https:\/\/facon.com.ar\/wp-content\/uploads\/WhatsAppImage2019-12-11at12.23.00copy.jpeg","contentUrl":"https:\/\/facon.com.ar\/wp-content\/uploads\/WhatsAppImage2019-12-11at12.23.00copy.jpeg","width":1082,"height":758},{"@type":"BreadcrumbList","@id":"https:\/\/facon.com.ar\/productos\/print-colores-de-misiones\/#breadcrumb","itemListElement":[{"@type":"ListItem","position":1,"name":"Portada","item":"https:\/\/facon.com.ar\/"},{"@type":"ListItem","position":2,"name":"Tienda","item":"https:\/\/facon.com.ar\/tienda\/"},{"@type":"ListItem","position":3,"name":"PRINT COLORES DE MISIONES"}]},{"@type":"WebSite","@id":"https:\/\/facon.com.ar\/#website","url":"https:\/\/facon.com.ar\/","name":"Facon Argentina","description":"Piezas \u00fanicas de artistas locales","publisher":{"@id":"https:\/\/facon.com.ar\/#organization"},"potentialAction":[{"@type":"SearchAction","target":{"@type":"EntryPoint","urlTemplate":"https:\/\/facon.com.ar\/?s={search_term_string}"},"query-input":{"@type":"PropertyValueSpecification","valueRequired":true,"valueName":"search_term_string"}}],"inLanguage":"en-US"},{"@type":"Organization","@id":"https:\/\/facon.com.ar\/#organization","name":"Facon Argentina","url":"https:\/\/facon.com.ar\/","logo":{"@type":"ImageObject","inLanguage":"en-US","@id":"https:\/\/facon.com.ar\/#\/schema\/logo\/image\/","url":"https:\/\/facon.com.ar\/wp-content\/uploads\/logo-t.png","contentUrl":"https:\/\/facon.com.ar\/wp-content\/uploads\/logo-t.png","width":955,"height":793,"caption":"Facon Argentina"},"image":{"@id":"https:\/\/facon.com.ar\/#\/schema\/logo\/image\/"}}]}},"_links":{"self":[{"href":"https:\/\/facon.com.ar\/en\/wp-json\/wp\/v2\/product\/836","targetHints":{"allow":["GET"]}}],"collection":[{"href":"https:\/\/facon.com.ar\/en\/wp-json\/wp\/v2\/product"}],"about":[{"href":"https:\/\/facon.com.ar\/en\/wp-json\/wp\/v2\/types\/product"}],"version-history":[{"count":2,"href":"https:\/\/facon.com.ar\/en\/wp-json\/wp\/v2\/product\/836\/revisions"}],"predecessor-version":[{"id":113214,"href":"https:\/\/facon.com.ar\/en\/wp-json\/wp\/v2\/product\/836\/revisions\/113214"}],"wp:featuredmedia":[{"embeddable":true,"href":"https:\/\/facon.com.ar\/en\/wp-json\/wp\/v2\/media\/839"}],"wp:attachment":[{"href":"https:\/\/facon.com.ar\/en\/wp-json\/wp\/v2\/media?parent=836"}],"wp:term":[{"taxonomy":"product_brand","embeddable":true,"href":"https:\/\/facon.com.ar\/en\/wp-json\/wp\/v2\/product_brand?post=836"},{"taxonomy":"product_cat","embeddable":true,"href":"https:\/\/facon.com.ar\/en\/wp-json\/wp\/v2\/product_cat?post=836"},{"taxonomy":"product_tag","embeddable":true,"href":"https:\/\/facon.com.ar\/en\/wp-json\/wp\/v2\/product_tag?post=836"}],"curies":[{"name":"wp","href":"https:\/\/api.w.org\/{rel}","templated":true}]}}