{"id":806,"date":"2020-07-30T14:30:47","date_gmt":"2020-07-30T17:30:47","guid":{"rendered":"https:\/\/facon.com.ar\/?post_type=product&#038;p=806"},"modified":"2025-07-23T15:26:05","modified_gmt":"2025-07-23T18:26:05","slug":"print-el-palmar","status":"publish","type":"product","link":"https:\/\/facon.com.ar\/en\/productos\/print-el-palmar\/","title":{"rendered":"PRINT EL PALMAR"},"content":{"rendered":"","protected":false},"excerpt":{"rendered":"<p class=\"\">Print El Palmar.<\/p>\n<p class=\"\">Located in Entre Rios Province<\/p>\n<p class=\"\">Production time: 10 days +\/-<\/p>\n<p class=\"\">Frame not included<\/p>\n<p class=\"\">A refuge for flora and fauna spread over a territory of\u00a0<strong>8,500 hectares in the eastern center of the Entre R\u00edos territory<\/strong>, the\u00a0<strong>El Palmar National Park<\/strong>\u00a0preserves the\u00a0<strong>yatay palm<\/strong>as an emblematic formation, an indigenous species that lives between 200 and 400 years, which usually decorate the skies with their yellow flowers, and that offers a delicious sweet fruit, used especially for the elaboration of liqueurs.<\/p>\n<p>Any questions, you can contact us at <a href=\"mailto:info@facon.com.ar\">info@facon.com.ar<\/a><\/p>","protected":false},"featured_media":809,"template":"","meta":{"_acf_changed":false},"product_brand":[],"product_cat":[22],"product_tag":[51,37],"class_list":{"0":"post-806","1":"product","2":"type-product","3":"status-publish","4":"has-post-thumbnail","6":"product_cat-wall-art","7":"product_tag-print","8":"product_tag-wall-art","10":"first","11":"onbackorder","12":"shipping-taxable","13":"purchasable","14":"product-type-variable"},"acf":[],"yoast_head":"<!-- This site is optimized with the Yoast SEO plugin v27.3 - https:\/\/yoast.com\/product\/yoast-seo-wordpress\/ -->\n<title>PRINT EL PALMAR - Facon Argentina<\/title>\n<meta name=\"robots\" content=\"index, follow, max-snippet:-1, max-image-preview:large, max-video-preview:-1\" \/>\n<link rel=\"canonical\" href=\"https:\/\/facon.com.ar\/en\/productos\/print-el-palmar\/\" \/>\n<meta property=\"og:locale\" content=\"en_US\" \/>\n<meta property=\"og:type\" content=\"article\" \/>\n<meta property=\"og:title\" content=\"PRINT EL PALMAR - Facon Argentina\" \/>\n<meta property=\"og:description\" content=\"Print El Palmar. Ubicado en la provincia de Entre R\u00edos. Tiempo de producci\u00f3n: 10 d\u00edas +\/- No incluye enmarcado. Refugio de flora y fauna desplegado por un territorio de\u00a08500 hect\u00e1reas en el centro este del territorio entrerriano, el\u00a0Parque Nacional El Palmar\u00a0preserva como formaci\u00f3n emblem\u00e1tica el\u00a0palmar de yatay, una especie aut\u00f3ctona que llega a vivir entre 200 y 400 a\u00f1os, que suele engalanar los cielos con sus flores amarillas, y que ofrece un delicioso fruto dulce, utilizado especialmente para la elaboraci\u00f3n de licores. Cualquier duda, nos pod\u00e9s contactar en info@facon.com.ar\" \/>\n<meta property=\"og:url\" content=\"https:\/\/facon.com.ar\/en\/productos\/print-el-palmar\/\" \/>\n<meta property=\"og:site_name\" content=\"Facon Argentina\" \/>\n<meta property=\"article:modified_time\" content=\"2025-07-23T18:26:05+00:00\" \/>\n<meta property=\"og:image\" content=\"https:\/\/facon.com.ar\/wp-content\/uploads\/Elpalmar.jpeg\" \/>\n\t<meta property=\"og:image:width\" content=\"1063\" \/>\n\t<meta property=\"og:image:height\" content=\"757\" \/>\n\t<meta property=\"og:image:type\" content=\"image\/jpeg\" \/>\n<meta name=\"twitter:card\" content=\"summary_large_image\" \/>\n<script type=\"application\/ld+json\" class=\"yoast-schema-graph\">{\"@context\":\"https:\\\/\\\/schema.org\",\"@graph\":[{\"@type\":\"WebPage\",\"@id\":\"https:\\\/\\\/facon.com.ar\\\/productos\\\/print-el-palmar\\\/\",\"url\":\"https:\\\/\\\/facon.com.ar\\\/productos\\\/print-el-palmar\\\/\",\"name\":\"PRINT EL PALMAR - Facon Argentina\",\"isPartOf\":{\"@id\":\"https:\\\/\\\/facon.com.ar\\\/#website\"},\"primaryImageOfPage\":{\"@id\":\"https:\\\/\\\/facon.com.ar\\\/productos\\\/print-el-palmar\\\/#primaryimage\"},\"image\":{\"@id\":\"https:\\\/\\\/facon.com.ar\\\/productos\\\/print-el-palmar\\\/#primaryimage\"},\"thumbnailUrl\":\"https:\\\/\\\/facon.com.ar\\\/wp-content\\\/uploads\\\/Elpalmar.jpeg\",\"datePublished\":\"2020-07-30T17:30:47+00:00\",\"dateModified\":\"2025-07-23T18:26:05+00:00\",\"breadcrumb\":{\"@id\":\"https:\\\/\\\/facon.com.ar\\\/productos\\\/print-el-palmar\\\/#breadcrumb\"},\"inLanguage\":\"en-US\",\"potentialAction\":[{\"@type\":\"ReadAction\",\"target\":[\"https:\\\/\\\/facon.com.ar\\\/productos\\\/print-el-palmar\\\/\"]}]},{\"@type\":\"ImageObject\",\"inLanguage\":\"en-US\",\"@id\":\"https:\\\/\\\/facon.com.ar\\\/productos\\\/print-el-palmar\\\/#primaryimage\",\"url\":\"https:\\\/\\\/facon.com.ar\\\/wp-content\\\/uploads\\\/Elpalmar.jpeg\",\"contentUrl\":\"https:\\\/\\\/facon.com.ar\\\/wp-content\\\/uploads\\\/Elpalmar.jpeg\",\"width\":1063,\"height\":757},{\"@type\":\"BreadcrumbList\",\"@id\":\"https:\\\/\\\/facon.com.ar\\\/productos\\\/print-el-palmar\\\/#breadcrumb\",\"itemListElement\":[{\"@type\":\"ListItem\",\"position\":1,\"name\":\"Portada\",\"item\":\"https:\\\/\\\/facon.com.ar\\\/\"},{\"@type\":\"ListItem\",\"position\":2,\"name\":\"Tienda\",\"item\":\"https:\\\/\\\/facon.com.ar\\\/tienda\\\/\"},{\"@type\":\"ListItem\",\"position\":3,\"name\":\"PRINT EL PALMAR\"}]},{\"@type\":\"WebSite\",\"@id\":\"https:\\\/\\\/facon.com.ar\\\/#website\",\"url\":\"https:\\\/\\\/facon.com.ar\\\/\",\"name\":\"Facon Argentina\",\"description\":\"Piezas \u00fanicas de artistas locales\",\"publisher\":{\"@id\":\"https:\\\/\\\/facon.com.ar\\\/#organization\"},\"potentialAction\":[{\"@type\":\"SearchAction\",\"target\":{\"@type\":\"EntryPoint\",\"urlTemplate\":\"https:\\\/\\\/facon.com.ar\\\/?s={search_term_string}\"},\"query-input\":{\"@type\":\"PropertyValueSpecification\",\"valueRequired\":true,\"valueName\":\"search_term_string\"}}],\"inLanguage\":\"en-US\"},{\"@type\":\"Organization\",\"@id\":\"https:\\\/\\\/facon.com.ar\\\/#organization\",\"name\":\"Facon Argentina\",\"url\":\"https:\\\/\\\/facon.com.ar\\\/\",\"logo\":{\"@type\":\"ImageObject\",\"inLanguage\":\"en-US\",\"@id\":\"https:\\\/\\\/facon.com.ar\\\/#\\\/schema\\\/logo\\\/image\\\/\",\"url\":\"https:\\\/\\\/facon.com.ar\\\/wp-content\\\/uploads\\\/logo-t.png\",\"contentUrl\":\"https:\\\/\\\/facon.com.ar\\\/wp-content\\\/uploads\\\/logo-t.png\",\"width\":955,\"height\":793,\"caption\":\"Facon Argentina\"},\"image\":{\"@id\":\"https:\\\/\\\/facon.com.ar\\\/#\\\/schema\\\/logo\\\/image\\\/\"}}]}<\/script>\n<!-- \/ Yoast SEO plugin. -->","yoast_head_json":{"title":"PRINT EL PALMAR - Facon Argentina","robots":{"index":"index","follow":"follow","max-snippet":"max-snippet:-1","max-image-preview":"max-image-preview:large","max-video-preview":"max-video-preview:-1"},"canonical":"https:\/\/facon.com.ar\/en\/productos\/print-el-palmar\/","og_locale":"en_US","og_type":"article","og_title":"PRINT EL PALMAR - Facon Argentina","og_description":"Print El Palmar. Ubicado en la provincia de Entre R\u00edos. Tiempo de producci\u00f3n: 10 d\u00edas +\/- No incluye enmarcado. Refugio de flora y fauna desplegado por un territorio de\u00a08500 hect\u00e1reas en el centro este del territorio entrerriano, el\u00a0Parque Nacional El Palmar\u00a0preserva como formaci\u00f3n emblem\u00e1tica el\u00a0palmar de yatay, una especie aut\u00f3ctona que llega a vivir entre 200 y 400 a\u00f1os, que suele engalanar los cielos con sus flores amarillas, y que ofrece un delicioso fruto dulce, utilizado especialmente para la elaboraci\u00f3n de licores. Cualquier duda, nos pod\u00e9s contactar en info@facon.com.ar","og_url":"https:\/\/facon.com.ar\/en\/productos\/print-el-palmar\/","og_site_name":"Facon Argentina","article_modified_time":"2025-07-23T18:26:05+00:00","og_image":[{"width":1063,"height":757,"url":"https:\/\/facon.com.ar\/wp-content\/uploads\/Elpalmar.jpeg","type":"image\/jpeg"}],"twitter_card":"summary_large_image","schema":{"@context":"https:\/\/schema.org","@graph":[{"@type":"WebPage","@id":"https:\/\/facon.com.ar\/productos\/print-el-palmar\/","url":"https:\/\/facon.com.ar\/productos\/print-el-palmar\/","name":"PRINT EL PALMAR - Facon Argentina","isPartOf":{"@id":"https:\/\/facon.com.ar\/#website"},"primaryImageOfPage":{"@id":"https:\/\/facon.com.ar\/productos\/print-el-palmar\/#primaryimage"},"image":{"@id":"https:\/\/facon.com.ar\/productos\/print-el-palmar\/#primaryimage"},"thumbnailUrl":"https:\/\/facon.com.ar\/wp-content\/uploads\/Elpalmar.jpeg","datePublished":"2020-07-30T17:30:47+00:00","dateModified":"2025-07-23T18:26:05+00:00","breadcrumb":{"@id":"https:\/\/facon.com.ar\/productos\/print-el-palmar\/#breadcrumb"},"inLanguage":"en-US","potentialAction":[{"@type":"ReadAction","target":["https:\/\/facon.com.ar\/productos\/print-el-palmar\/"]}]},{"@type":"ImageObject","inLanguage":"en-US","@id":"https:\/\/facon.com.ar\/productos\/print-el-palmar\/#primaryimage","url":"https:\/\/facon.com.ar\/wp-content\/uploads\/Elpalmar.jpeg","contentUrl":"https:\/\/facon.com.ar\/wp-content\/uploads\/Elpalmar.jpeg","width":1063,"height":757},{"@type":"BreadcrumbList","@id":"https:\/\/facon.com.ar\/productos\/print-el-palmar\/#breadcrumb","itemListElement":[{"@type":"ListItem","position":1,"name":"Portada","item":"https:\/\/facon.com.ar\/"},{"@type":"ListItem","position":2,"name":"Tienda","item":"https:\/\/facon.com.ar\/tienda\/"},{"@type":"ListItem","position":3,"name":"PRINT EL PALMAR"}]},{"@type":"WebSite","@id":"https:\/\/facon.com.ar\/#website","url":"https:\/\/facon.com.ar\/","name":"Facon Argentina","description":"Piezas \u00fanicas de artistas locales","publisher":{"@id":"https:\/\/facon.com.ar\/#organization"},"potentialAction":[{"@type":"SearchAction","target":{"@type":"EntryPoint","urlTemplate":"https:\/\/facon.com.ar\/?s={search_term_string}"},"query-input":{"@type":"PropertyValueSpecification","valueRequired":true,"valueName":"search_term_string"}}],"inLanguage":"en-US"},{"@type":"Organization","@id":"https:\/\/facon.com.ar\/#organization","name":"Facon Argentina","url":"https:\/\/facon.com.ar\/","logo":{"@type":"ImageObject","inLanguage":"en-US","@id":"https:\/\/facon.com.ar\/#\/schema\/logo\/image\/","url":"https:\/\/facon.com.ar\/wp-content\/uploads\/logo-t.png","contentUrl":"https:\/\/facon.com.ar\/wp-content\/uploads\/logo-t.png","width":955,"height":793,"caption":"Facon Argentina"},"image":{"@id":"https:\/\/facon.com.ar\/#\/schema\/logo\/image\/"}}]}},"_links":{"self":[{"href":"https:\/\/facon.com.ar\/en\/wp-json\/wp\/v2\/product\/806","targetHints":{"allow":["GET"]}}],"collection":[{"href":"https:\/\/facon.com.ar\/en\/wp-json\/wp\/v2\/product"}],"about":[{"href":"https:\/\/facon.com.ar\/en\/wp-json\/wp\/v2\/types\/product"}],"version-history":[{"count":2,"href":"https:\/\/facon.com.ar\/en\/wp-json\/wp\/v2\/product\/806\/revisions"}],"predecessor-version":[{"id":113218,"href":"https:\/\/facon.com.ar\/en\/wp-json\/wp\/v2\/product\/806\/revisions\/113218"}],"wp:featuredmedia":[{"embeddable":true,"href":"https:\/\/facon.com.ar\/en\/wp-json\/wp\/v2\/media\/809"}],"wp:attachment":[{"href":"https:\/\/facon.com.ar\/en\/wp-json\/wp\/v2\/media?parent=806"}],"wp:term":[{"taxonomy":"product_brand","embeddable":true,"href":"https:\/\/facon.com.ar\/en\/wp-json\/wp\/v2\/product_brand?post=806"},{"taxonomy":"product_cat","embeddable":true,"href":"https:\/\/facon.com.ar\/en\/wp-json\/wp\/v2\/product_cat?post=806"},{"taxonomy":"product_tag","embeddable":true,"href":"https:\/\/facon.com.ar\/en\/wp-json\/wp\/v2\/product_tag?post=806"}],"curies":[{"name":"wp","href":"https:\/\/api.w.org\/{rel}","templated":true}]}}