{"id":801,"date":"2020-07-30T14:27:17","date_gmt":"2020-07-30T17:27:17","guid":{"rendered":"https:\/\/facon.com.ar\/?post_type=product&#038;p=801"},"modified":"2026-01-20T22:57:24","modified_gmt":"2026-01-21T01:57:24","slug":"bandera-yaguarete-junto-a-consuelo-vidal","status":"publish","type":"product","link":"https:\/\/facon.com.ar\/en\/productos\/bandera-yaguarete-junto-a-consuelo-vidal\/","title":{"rendered":"BANDERA YAGUARETE JUNTO A CONSUELO VIDAL"},"content":{"rendered":"","protected":false},"excerpt":{"rendered":"<p class=\"\">Region: Buenos Aires.<\/p>\n<p class=\"\">Size: 65 cm x 50 cm.<\/p>\n<p>Acrylic on tussor.<\/p>\n<p>Being a handcrafted product, it can vary in size, shapes and colors, but always respecting the quality it is presented and the usefulness for which it was designed.<\/p>\n<p>Any questions, you can contact us at <a href=\"mailto:info@facon.com.ar\">info@facon.com.ar<\/a><\/p>\n<p>&nbsp;<\/p>","protected":false},"featured_media":113227,"template":"","meta":{"_acf_changed":false},"product_brand":[],"product_cat":[22],"product_tag":[33,34,248,40,39,37,47],"class_list":{"0":"post-801","1":"product","2":"type-product","3":"status-publish","4":"has-post-thumbnail","6":"product_cat-wall-art","7":"product_tag-bandera","8":"product_tag-bandera-pintada-a-mano","9":"product_tag-consuelo","10":"product_tag-handmade","11":"product_tag-hecho-a-mano","12":"product_tag-wall-art","13":"product_tag-yaguarete","15":"first","16":"onbackorder","17":"shipping-taxable","18":"purchasable","19":"product-type-simple"},"acf":[],"yoast_head":"<!-- This site is optimized with the Yoast SEO plugin v27.3 - https:\/\/yoast.com\/product\/yoast-seo-wordpress\/ -->\n<title>BANDERA YAGUARETE JUNTO A CONSUELO VIDAL - Facon Argentina<\/title>\n<meta name=\"robots\" content=\"index, follow, max-snippet:-1, max-image-preview:large, max-video-preview:-1\" \/>\n<link rel=\"canonical\" href=\"https:\/\/facon.com.ar\/en\/productos\/bandera-yaguarete-junto-a-consuelo-vidal\/\" \/>\n<meta property=\"og:locale\" content=\"en_US\" \/>\n<meta property=\"og:type\" content=\"article\" \/>\n<meta property=\"og:title\" content=\"BANDERA YAGUARETE JUNTO A CONSUELO VIDAL - Facon Argentina\" \/>\n<meta property=\"og:description\" content=\"Regi\u00f3n: Buenos Aires. Medidas: 65 cm x 50 cm. Acrilico sobre tussor.  Al ser un producto artesanal, \u00e9ste puede variar en su tama\u00f1o, formas y colores, pero siempre respetando la calidad que se presenta y la utilidad para el que fue pensado.  Cualquier duda, nos pod\u00e9s contactar en info@facon.com.ar  &nbsp;\" \/>\n<meta property=\"og:url\" content=\"https:\/\/facon.com.ar\/en\/productos\/bandera-yaguarete-junto-a-consuelo-vidal\/\" \/>\n<meta property=\"og:site_name\" content=\"Facon Argentina\" \/>\n<meta property=\"article:modified_time\" content=\"2026-01-21T01:57:24+00:00\" \/>\n<meta property=\"og:image\" content=\"https:\/\/facon.com.ar\/wp-content\/uploads\/CONSUELO-VIDAL.jpg\" \/>\n\t<meta property=\"og:image:width\" content=\"960\" \/>\n\t<meta property=\"og:image:height\" content=\"1280\" \/>\n\t<meta property=\"og:image:type\" content=\"image\/jpeg\" \/>\n<meta name=\"twitter:card\" content=\"summary_large_image\" \/>\n<script type=\"application\/ld+json\" class=\"yoast-schema-graph\">{\"@context\":\"https:\\\/\\\/schema.org\",\"@graph\":[{\"@type\":\"WebPage\",\"@id\":\"https:\\\/\\\/facon.com.ar\\\/productos\\\/bandera-yaguarete-junto-a-consuelo-vidal\\\/\",\"url\":\"https:\\\/\\\/facon.com.ar\\\/productos\\\/bandera-yaguarete-junto-a-consuelo-vidal\\\/\",\"name\":\"BANDERA YAGUARETE JUNTO A CONSUELO VIDAL - Facon Argentina\",\"isPartOf\":{\"@id\":\"https:\\\/\\\/facon.com.ar\\\/#website\"},\"primaryImageOfPage\":{\"@id\":\"https:\\\/\\\/facon.com.ar\\\/productos\\\/bandera-yaguarete-junto-a-consuelo-vidal\\\/#primaryimage\"},\"image\":{\"@id\":\"https:\\\/\\\/facon.com.ar\\\/productos\\\/bandera-yaguarete-junto-a-consuelo-vidal\\\/#primaryimage\"},\"thumbnailUrl\":\"https:\\\/\\\/facon.com.ar\\\/wp-content\\\/uploads\\\/CONSUELO-VIDAL.jpg\",\"datePublished\":\"2020-07-30T17:27:17+00:00\",\"dateModified\":\"2026-01-21T01:57:24+00:00\",\"breadcrumb\":{\"@id\":\"https:\\\/\\\/facon.com.ar\\\/productos\\\/bandera-yaguarete-junto-a-consuelo-vidal\\\/#breadcrumb\"},\"inLanguage\":\"en-US\",\"potentialAction\":[{\"@type\":\"ReadAction\",\"target\":[\"https:\\\/\\\/facon.com.ar\\\/productos\\\/bandera-yaguarete-junto-a-consuelo-vidal\\\/\"]}]},{\"@type\":\"ImageObject\",\"inLanguage\":\"en-US\",\"@id\":\"https:\\\/\\\/facon.com.ar\\\/productos\\\/bandera-yaguarete-junto-a-consuelo-vidal\\\/#primaryimage\",\"url\":\"https:\\\/\\\/facon.com.ar\\\/wp-content\\\/uploads\\\/CONSUELO-VIDAL.jpg\",\"contentUrl\":\"https:\\\/\\\/facon.com.ar\\\/wp-content\\\/uploads\\\/CONSUELO-VIDAL.jpg\",\"width\":960,\"height\":1280},{\"@type\":\"BreadcrumbList\",\"@id\":\"https:\\\/\\\/facon.com.ar\\\/productos\\\/bandera-yaguarete-junto-a-consuelo-vidal\\\/#breadcrumb\",\"itemListElement\":[{\"@type\":\"ListItem\",\"position\":1,\"name\":\"Portada\",\"item\":\"https:\\\/\\\/facon.com.ar\\\/\"},{\"@type\":\"ListItem\",\"position\":2,\"name\":\"Tienda\",\"item\":\"https:\\\/\\\/facon.com.ar\\\/tienda\\\/\"},{\"@type\":\"ListItem\",\"position\":3,\"name\":\"BANDERA YAGUARETE JUNTO A CONSUELO VIDAL\"}]},{\"@type\":\"WebSite\",\"@id\":\"https:\\\/\\\/facon.com.ar\\\/#website\",\"url\":\"https:\\\/\\\/facon.com.ar\\\/\",\"name\":\"Facon Argentina\",\"description\":\"Piezas \u00fanicas de artistas locales\",\"publisher\":{\"@id\":\"https:\\\/\\\/facon.com.ar\\\/#organization\"},\"potentialAction\":[{\"@type\":\"SearchAction\",\"target\":{\"@type\":\"EntryPoint\",\"urlTemplate\":\"https:\\\/\\\/facon.com.ar\\\/?s={search_term_string}\"},\"query-input\":{\"@type\":\"PropertyValueSpecification\",\"valueRequired\":true,\"valueName\":\"search_term_string\"}}],\"inLanguage\":\"en-US\"},{\"@type\":\"Organization\",\"@id\":\"https:\\\/\\\/facon.com.ar\\\/#organization\",\"name\":\"Facon Argentina\",\"url\":\"https:\\\/\\\/facon.com.ar\\\/\",\"logo\":{\"@type\":\"ImageObject\",\"inLanguage\":\"en-US\",\"@id\":\"https:\\\/\\\/facon.com.ar\\\/#\\\/schema\\\/logo\\\/image\\\/\",\"url\":\"https:\\\/\\\/facon.com.ar\\\/wp-content\\\/uploads\\\/logo-t.png\",\"contentUrl\":\"https:\\\/\\\/facon.com.ar\\\/wp-content\\\/uploads\\\/logo-t.png\",\"width\":955,\"height\":793,\"caption\":\"Facon Argentina\"},\"image\":{\"@id\":\"https:\\\/\\\/facon.com.ar\\\/#\\\/schema\\\/logo\\\/image\\\/\"}}]}<\/script>\n<!-- \/ Yoast SEO plugin. -->","yoast_head_json":{"title":"BANDERA YAGUARETE JUNTO A CONSUELO VIDAL - Facon Argentina","robots":{"index":"index","follow":"follow","max-snippet":"max-snippet:-1","max-image-preview":"max-image-preview:large","max-video-preview":"max-video-preview:-1"},"canonical":"https:\/\/facon.com.ar\/en\/productos\/bandera-yaguarete-junto-a-consuelo-vidal\/","og_locale":"en_US","og_type":"article","og_title":"BANDERA YAGUARETE JUNTO A CONSUELO VIDAL - Facon Argentina","og_description":"Regi\u00f3n: Buenos Aires. Medidas: 65 cm x 50 cm. Acrilico sobre tussor.  Al ser un producto artesanal, \u00e9ste puede variar en su tama\u00f1o, formas y colores, pero siempre respetando la calidad que se presenta y la utilidad para el que fue pensado.  Cualquier duda, nos pod\u00e9s contactar en info@facon.com.ar  &nbsp;","og_url":"https:\/\/facon.com.ar\/en\/productos\/bandera-yaguarete-junto-a-consuelo-vidal\/","og_site_name":"Facon Argentina","article_modified_time":"2026-01-21T01:57:24+00:00","og_image":[{"width":960,"height":1280,"url":"https:\/\/facon.com.ar\/wp-content\/uploads\/CONSUELO-VIDAL.jpg","type":"image\/jpeg"}],"twitter_card":"summary_large_image","schema":{"@context":"https:\/\/schema.org","@graph":[{"@type":"WebPage","@id":"https:\/\/facon.com.ar\/productos\/bandera-yaguarete-junto-a-consuelo-vidal\/","url":"https:\/\/facon.com.ar\/productos\/bandera-yaguarete-junto-a-consuelo-vidal\/","name":"BANDERA YAGUARETE JUNTO A CONSUELO VIDAL - Facon Argentina","isPartOf":{"@id":"https:\/\/facon.com.ar\/#website"},"primaryImageOfPage":{"@id":"https:\/\/facon.com.ar\/productos\/bandera-yaguarete-junto-a-consuelo-vidal\/#primaryimage"},"image":{"@id":"https:\/\/facon.com.ar\/productos\/bandera-yaguarete-junto-a-consuelo-vidal\/#primaryimage"},"thumbnailUrl":"https:\/\/facon.com.ar\/wp-content\/uploads\/CONSUELO-VIDAL.jpg","datePublished":"2020-07-30T17:27:17+00:00","dateModified":"2026-01-21T01:57:24+00:00","breadcrumb":{"@id":"https:\/\/facon.com.ar\/productos\/bandera-yaguarete-junto-a-consuelo-vidal\/#breadcrumb"},"inLanguage":"en-US","potentialAction":[{"@type":"ReadAction","target":["https:\/\/facon.com.ar\/productos\/bandera-yaguarete-junto-a-consuelo-vidal\/"]}]},{"@type":"ImageObject","inLanguage":"en-US","@id":"https:\/\/facon.com.ar\/productos\/bandera-yaguarete-junto-a-consuelo-vidal\/#primaryimage","url":"https:\/\/facon.com.ar\/wp-content\/uploads\/CONSUELO-VIDAL.jpg","contentUrl":"https:\/\/facon.com.ar\/wp-content\/uploads\/CONSUELO-VIDAL.jpg","width":960,"height":1280},{"@type":"BreadcrumbList","@id":"https:\/\/facon.com.ar\/productos\/bandera-yaguarete-junto-a-consuelo-vidal\/#breadcrumb","itemListElement":[{"@type":"ListItem","position":1,"name":"Portada","item":"https:\/\/facon.com.ar\/"},{"@type":"ListItem","position":2,"name":"Tienda","item":"https:\/\/facon.com.ar\/tienda\/"},{"@type":"ListItem","position":3,"name":"BANDERA YAGUARETE JUNTO A CONSUELO VIDAL"}]},{"@type":"WebSite","@id":"https:\/\/facon.com.ar\/#website","url":"https:\/\/facon.com.ar\/","name":"Facon Argentina","description":"Piezas \u00fanicas de artistas locales","publisher":{"@id":"https:\/\/facon.com.ar\/#organization"},"potentialAction":[{"@type":"SearchAction","target":{"@type":"EntryPoint","urlTemplate":"https:\/\/facon.com.ar\/?s={search_term_string}"},"query-input":{"@type":"PropertyValueSpecification","valueRequired":true,"valueName":"search_term_string"}}],"inLanguage":"en-US"},{"@type":"Organization","@id":"https:\/\/facon.com.ar\/#organization","name":"Facon Argentina","url":"https:\/\/facon.com.ar\/","logo":{"@type":"ImageObject","inLanguage":"en-US","@id":"https:\/\/facon.com.ar\/#\/schema\/logo\/image\/","url":"https:\/\/facon.com.ar\/wp-content\/uploads\/logo-t.png","contentUrl":"https:\/\/facon.com.ar\/wp-content\/uploads\/logo-t.png","width":955,"height":793,"caption":"Facon Argentina"},"image":{"@id":"https:\/\/facon.com.ar\/#\/schema\/logo\/image\/"}}]}},"_links":{"self":[{"href":"https:\/\/facon.com.ar\/en\/wp-json\/wp\/v2\/product\/801","targetHints":{"allow":["GET"]}}],"collection":[{"href":"https:\/\/facon.com.ar\/en\/wp-json\/wp\/v2\/product"}],"about":[{"href":"https:\/\/facon.com.ar\/en\/wp-json\/wp\/v2\/types\/product"}],"version-history":[{"count":4,"href":"https:\/\/facon.com.ar\/en\/wp-json\/wp\/v2\/product\/801\/revisions"}],"predecessor-version":[{"id":113062,"href":"https:\/\/facon.com.ar\/en\/wp-json\/wp\/v2\/product\/801\/revisions\/113062"}],"wp:featuredmedia":[{"embeddable":true,"href":"https:\/\/facon.com.ar\/en\/wp-json\/wp\/v2\/media\/113227"}],"wp:attachment":[{"href":"https:\/\/facon.com.ar\/en\/wp-json\/wp\/v2\/media?parent=801"}],"wp:term":[{"taxonomy":"product_brand","embeddable":true,"href":"https:\/\/facon.com.ar\/en\/wp-json\/wp\/v2\/product_brand?post=801"},{"taxonomy":"product_cat","embeddable":true,"href":"https:\/\/facon.com.ar\/en\/wp-json\/wp\/v2\/product_cat?post=801"},{"taxonomy":"product_tag","embeddable":true,"href":"https:\/\/facon.com.ar\/en\/wp-json\/wp\/v2\/product_tag?post=801"}],"curies":[{"name":"wp","href":"https:\/\/api.w.org\/{rel}","templated":true}]}}