{"id":796,"date":"2020-07-30T14:22:51","date_gmt":"2020-07-30T17:22:51","guid":{"rendered":"https:\/\/facon.com.ar\/?post_type=product&#038;p=796"},"modified":"2026-02-08T19:28:26","modified_gmt":"2026-02-08T22:28:26","slug":"bandera-alan-yaguarete-aba","status":"publish","type":"product","link":"https:\/\/facon.com.ar\/en\/productos\/bandera-alan-yaguarete-aba\/","title":{"rendered":"BANDERA ALAN YAGUARET\u00c9 ABA"},"content":{"rendered":"","protected":false},"excerpt":{"rendered":"<p>YAGUARETE ABA<br \/>\nHand stitched and hand painted flag. Produced together with Alan Berryrhys By local artisans.<\/p>\n<p>Size: 80cm x 120cm<\/p>\n<p>Region: Buenos Aires.<\/p>\n<p>Production time: 90 days +\/-<\/p>\n<p>Frame is not included. wood rod is not included.<\/p>\n<p>Any questions, you can contact us at <a href=\"mailto:info@facon.com.ar\">info@facon.com.ar<\/a><\/p>","protected":false},"featured_media":797,"template":"","meta":{"_acf_changed":false},"product_brand":[],"product_cat":[22],"product_tag":[44,33,34,49,40,39,37,47],"class_list":{"0":"post-796","1":"product","2":"type-product","3":"status-publish","4":"has-post-thumbnail","6":"product_cat-wall-art","7":"product_tag-alan-berry-rhys","8":"product_tag-bandera","9":"product_tag-bandera-pintada-a-mano","10":"product_tag-carnada-viva","11":"product_tag-handmade","12":"product_tag-hecho-a-mano","13":"product_tag-wall-art","14":"product_tag-yaguarete","16":"first","17":"onbackorder","18":"shipping-taxable","19":"purchasable","20":"product-type-simple"},"acf":[],"yoast_head":"<!-- This site is optimized with the Yoast SEO plugin v27.3 - https:\/\/yoast.com\/product\/yoast-seo-wordpress\/ -->\n<title>BANDERA ALAN YAGUARET\u00c9 ABA - Facon Argentina<\/title>\n<meta name=\"robots\" content=\"index, follow, max-snippet:-1, max-image-preview:large, max-video-preview:-1\" \/>\n<link rel=\"canonical\" href=\"https:\/\/facon.com.ar\/en\/productos\/bandera-alan-yaguarete-aba\/\" \/>\n<meta property=\"og:locale\" content=\"en_US\" \/>\n<meta property=\"og:type\" content=\"article\" \/>\n<meta property=\"og:title\" content=\"BANDERA ALAN YAGUARET\u00c9 ABA - Facon Argentina\" \/>\n<meta property=\"og:description\" content=\"YAGUARETE ABA Bandera cosida y pintada a mano. Producido junto con Alan Berryrhys por artesanos locales.  Tama\u00f1o: 80 cm x 120 cm  Regi\u00f3n: Buenos Aires.  Tiempo de producci\u00f3n: 90 d\u00edas +\/-  El marco no est\u00e1 incluido. La varilla de madera no est\u00e1 incluida.  Cualquier duda, nos pod\u00e9s contactar en info@facon.com.ar\" \/>\n<meta property=\"og:url\" content=\"https:\/\/facon.com.ar\/en\/productos\/bandera-alan-yaguarete-aba\/\" \/>\n<meta property=\"og:site_name\" content=\"Facon Argentina\" \/>\n<meta property=\"article:modified_time\" content=\"2026-02-08T22:28:26+00:00\" \/>\n<meta property=\"og:image\" content=\"https:\/\/facon.com.ar\/wp-content\/uploads\/IMG_5161.jpg\" \/>\n\t<meta property=\"og:image:width\" content=\"1242\" \/>\n\t<meta property=\"og:image:height\" content=\"1224\" \/>\n\t<meta property=\"og:image:type\" content=\"image\/jpeg\" \/>\n<meta name=\"twitter:card\" content=\"summary_large_image\" \/>\n<script type=\"application\/ld+json\" class=\"yoast-schema-graph\">{\"@context\":\"https:\\\/\\\/schema.org\",\"@graph\":[{\"@type\":\"WebPage\",\"@id\":\"https:\\\/\\\/facon.com.ar\\\/productos\\\/bandera-alan-yaguarete-aba\\\/\",\"url\":\"https:\\\/\\\/facon.com.ar\\\/productos\\\/bandera-alan-yaguarete-aba\\\/\",\"name\":\"BANDERA ALAN YAGUARET\u00c9 ABA - Facon Argentina\",\"isPartOf\":{\"@id\":\"https:\\\/\\\/facon.com.ar\\\/#website\"},\"primaryImageOfPage\":{\"@id\":\"https:\\\/\\\/facon.com.ar\\\/productos\\\/bandera-alan-yaguarete-aba\\\/#primaryimage\"},\"image\":{\"@id\":\"https:\\\/\\\/facon.com.ar\\\/productos\\\/bandera-alan-yaguarete-aba\\\/#primaryimage\"},\"thumbnailUrl\":\"https:\\\/\\\/facon.com.ar\\\/wp-content\\\/uploads\\\/IMG_5161.jpg\",\"datePublished\":\"2020-07-30T17:22:51+00:00\",\"dateModified\":\"2026-02-08T22:28:26+00:00\",\"breadcrumb\":{\"@id\":\"https:\\\/\\\/facon.com.ar\\\/productos\\\/bandera-alan-yaguarete-aba\\\/#breadcrumb\"},\"inLanguage\":\"en-US\",\"potentialAction\":[{\"@type\":\"ReadAction\",\"target\":[\"https:\\\/\\\/facon.com.ar\\\/productos\\\/bandera-alan-yaguarete-aba\\\/\"]}]},{\"@type\":\"ImageObject\",\"inLanguage\":\"en-US\",\"@id\":\"https:\\\/\\\/facon.com.ar\\\/productos\\\/bandera-alan-yaguarete-aba\\\/#primaryimage\",\"url\":\"https:\\\/\\\/facon.com.ar\\\/wp-content\\\/uploads\\\/IMG_5161.jpg\",\"contentUrl\":\"https:\\\/\\\/facon.com.ar\\\/wp-content\\\/uploads\\\/IMG_5161.jpg\",\"width\":1242,\"height\":1224},{\"@type\":\"BreadcrumbList\",\"@id\":\"https:\\\/\\\/facon.com.ar\\\/productos\\\/bandera-alan-yaguarete-aba\\\/#breadcrumb\",\"itemListElement\":[{\"@type\":\"ListItem\",\"position\":1,\"name\":\"Portada\",\"item\":\"https:\\\/\\\/facon.com.ar\\\/\"},{\"@type\":\"ListItem\",\"position\":2,\"name\":\"Tienda\",\"item\":\"https:\\\/\\\/facon.com.ar\\\/tienda\\\/\"},{\"@type\":\"ListItem\",\"position\":3,\"name\":\"BANDERA ALAN YAGUARET\u00c9 ABA\"}]},{\"@type\":\"WebSite\",\"@id\":\"https:\\\/\\\/facon.com.ar\\\/#website\",\"url\":\"https:\\\/\\\/facon.com.ar\\\/\",\"name\":\"Facon Argentina\",\"description\":\"Piezas \u00fanicas de artistas locales\",\"publisher\":{\"@id\":\"https:\\\/\\\/facon.com.ar\\\/#organization\"},\"potentialAction\":[{\"@type\":\"SearchAction\",\"target\":{\"@type\":\"EntryPoint\",\"urlTemplate\":\"https:\\\/\\\/facon.com.ar\\\/?s={search_term_string}\"},\"query-input\":{\"@type\":\"PropertyValueSpecification\",\"valueRequired\":true,\"valueName\":\"search_term_string\"}}],\"inLanguage\":\"en-US\"},{\"@type\":\"Organization\",\"@id\":\"https:\\\/\\\/facon.com.ar\\\/#organization\",\"name\":\"Facon Argentina\",\"url\":\"https:\\\/\\\/facon.com.ar\\\/\",\"logo\":{\"@type\":\"ImageObject\",\"inLanguage\":\"en-US\",\"@id\":\"https:\\\/\\\/facon.com.ar\\\/#\\\/schema\\\/logo\\\/image\\\/\",\"url\":\"https:\\\/\\\/facon.com.ar\\\/wp-content\\\/uploads\\\/logo-t.png\",\"contentUrl\":\"https:\\\/\\\/facon.com.ar\\\/wp-content\\\/uploads\\\/logo-t.png\",\"width\":955,\"height\":793,\"caption\":\"Facon Argentina\"},\"image\":{\"@id\":\"https:\\\/\\\/facon.com.ar\\\/#\\\/schema\\\/logo\\\/image\\\/\"}}]}<\/script>\n<!-- \/ Yoast SEO plugin. -->","yoast_head_json":{"title":"BANDERA ALAN YAGUARET\u00c9 ABA - Facon Argentina","robots":{"index":"index","follow":"follow","max-snippet":"max-snippet:-1","max-image-preview":"max-image-preview:large","max-video-preview":"max-video-preview:-1"},"canonical":"https:\/\/facon.com.ar\/en\/productos\/bandera-alan-yaguarete-aba\/","og_locale":"en_US","og_type":"article","og_title":"BANDERA ALAN YAGUARET\u00c9 ABA - Facon Argentina","og_description":"YAGUARETE ABA Bandera cosida y pintada a mano. Producido junto con Alan Berryrhys por artesanos locales.  Tama\u00f1o: 80 cm x 120 cm  Regi\u00f3n: Buenos Aires.  Tiempo de producci\u00f3n: 90 d\u00edas +\/-  El marco no est\u00e1 incluido. La varilla de madera no est\u00e1 incluida.  Cualquier duda, nos pod\u00e9s contactar en info@facon.com.ar","og_url":"https:\/\/facon.com.ar\/en\/productos\/bandera-alan-yaguarete-aba\/","og_site_name":"Facon Argentina","article_modified_time":"2026-02-08T22:28:26+00:00","og_image":[{"width":1242,"height":1224,"url":"https:\/\/facon.com.ar\/wp-content\/uploads\/IMG_5161.jpg","type":"image\/jpeg"}],"twitter_card":"summary_large_image","schema":{"@context":"https:\/\/schema.org","@graph":[{"@type":"WebPage","@id":"https:\/\/facon.com.ar\/productos\/bandera-alan-yaguarete-aba\/","url":"https:\/\/facon.com.ar\/productos\/bandera-alan-yaguarete-aba\/","name":"BANDERA ALAN YAGUARET\u00c9 ABA - Facon Argentina","isPartOf":{"@id":"https:\/\/facon.com.ar\/#website"},"primaryImageOfPage":{"@id":"https:\/\/facon.com.ar\/productos\/bandera-alan-yaguarete-aba\/#primaryimage"},"image":{"@id":"https:\/\/facon.com.ar\/productos\/bandera-alan-yaguarete-aba\/#primaryimage"},"thumbnailUrl":"https:\/\/facon.com.ar\/wp-content\/uploads\/IMG_5161.jpg","datePublished":"2020-07-30T17:22:51+00:00","dateModified":"2026-02-08T22:28:26+00:00","breadcrumb":{"@id":"https:\/\/facon.com.ar\/productos\/bandera-alan-yaguarete-aba\/#breadcrumb"},"inLanguage":"en-US","potentialAction":[{"@type":"ReadAction","target":["https:\/\/facon.com.ar\/productos\/bandera-alan-yaguarete-aba\/"]}]},{"@type":"ImageObject","inLanguage":"en-US","@id":"https:\/\/facon.com.ar\/productos\/bandera-alan-yaguarete-aba\/#primaryimage","url":"https:\/\/facon.com.ar\/wp-content\/uploads\/IMG_5161.jpg","contentUrl":"https:\/\/facon.com.ar\/wp-content\/uploads\/IMG_5161.jpg","width":1242,"height":1224},{"@type":"BreadcrumbList","@id":"https:\/\/facon.com.ar\/productos\/bandera-alan-yaguarete-aba\/#breadcrumb","itemListElement":[{"@type":"ListItem","position":1,"name":"Portada","item":"https:\/\/facon.com.ar\/"},{"@type":"ListItem","position":2,"name":"Tienda","item":"https:\/\/facon.com.ar\/tienda\/"},{"@type":"ListItem","position":3,"name":"BANDERA ALAN YAGUARET\u00c9 ABA"}]},{"@type":"WebSite","@id":"https:\/\/facon.com.ar\/#website","url":"https:\/\/facon.com.ar\/","name":"Facon Argentina","description":"Piezas \u00fanicas de artistas locales","publisher":{"@id":"https:\/\/facon.com.ar\/#organization"},"potentialAction":[{"@type":"SearchAction","target":{"@type":"EntryPoint","urlTemplate":"https:\/\/facon.com.ar\/?s={search_term_string}"},"query-input":{"@type":"PropertyValueSpecification","valueRequired":true,"valueName":"search_term_string"}}],"inLanguage":"en-US"},{"@type":"Organization","@id":"https:\/\/facon.com.ar\/#organization","name":"Facon Argentina","url":"https:\/\/facon.com.ar\/","logo":{"@type":"ImageObject","inLanguage":"en-US","@id":"https:\/\/facon.com.ar\/#\/schema\/logo\/image\/","url":"https:\/\/facon.com.ar\/wp-content\/uploads\/logo-t.png","contentUrl":"https:\/\/facon.com.ar\/wp-content\/uploads\/logo-t.png","width":955,"height":793,"caption":"Facon Argentina"},"image":{"@id":"https:\/\/facon.com.ar\/#\/schema\/logo\/image\/"}}]}},"_links":{"self":[{"href":"https:\/\/facon.com.ar\/en\/wp-json\/wp\/v2\/product\/796","targetHints":{"allow":["GET"]}}],"collection":[{"href":"https:\/\/facon.com.ar\/en\/wp-json\/wp\/v2\/product"}],"about":[{"href":"https:\/\/facon.com.ar\/en\/wp-json\/wp\/v2\/types\/product"}],"version-history":[{"count":1,"href":"https:\/\/facon.com.ar\/en\/wp-json\/wp\/v2\/product\/796\/revisions"}],"predecessor-version":[{"id":112584,"href":"https:\/\/facon.com.ar\/en\/wp-json\/wp\/v2\/product\/796\/revisions\/112584"}],"wp:featuredmedia":[{"embeddable":true,"href":"https:\/\/facon.com.ar\/en\/wp-json\/wp\/v2\/media\/797"}],"wp:attachment":[{"href":"https:\/\/facon.com.ar\/en\/wp-json\/wp\/v2\/media?parent=796"}],"wp:term":[{"taxonomy":"product_brand","embeddable":true,"href":"https:\/\/facon.com.ar\/en\/wp-json\/wp\/v2\/product_brand?post=796"},{"taxonomy":"product_cat","embeddable":true,"href":"https:\/\/facon.com.ar\/en\/wp-json\/wp\/v2\/product_cat?post=796"},{"taxonomy":"product_tag","embeddable":true,"href":"https:\/\/facon.com.ar\/en\/wp-json\/wp\/v2\/product_tag?post=796"}],"curies":[{"name":"wp","href":"https:\/\/api.w.org\/{rel}","templated":true}]}}