{"id":791,"date":"2020-07-30T14:17:25","date_gmt":"2020-07-30T17:17:25","guid":{"rendered":"https:\/\/facon.com.ar\/?post_type=product&#038;p=791"},"modified":"2026-01-05T18:43:22","modified_gmt":"2026-01-05T21:43:22","slug":"bandera-alan-taca","status":"publish","type":"product","link":"https:\/\/facon.com.ar\/en\/productos\/bandera-alan-taca\/","title":{"rendered":"BANDERA ALAN TACA"},"content":{"rendered":"","protected":false},"excerpt":{"rendered":"<p>TACA<br \/>\nHand stitched and hand painted flag. Produced together with Alan Berryrhys By local artisans.<\/p>\n<p>Size: 80cm x 120cm<\/p>\n<p>Region: Buenos Aires.<\/p>\n<p>Production time: 90 days +\/-<\/p>\n<p>Frame is not included. wood rod is not included.<\/p>\n<p>Taca was a guaran\u00ed princes, who went to fight with a yag\u00fcarete that was hunting people around her town. She was the only one brave enough to confront him. After a long fight, they killed each other at the same time. From boths blood in the floor, a Chaja was born. Chaja is one of Argentina\u2019s national birds.<\/p>\n<p>Any questions, you can contact us at <a href=\"mailto:info@facon.com.ar\">info@facon.com.ar<\/a><\/p>","protected":false},"featured_media":792,"template":"","meta":{"_acf_changed":false},"product_brand":[],"product_cat":[22],"product_tag":[44,33,34,49,40,39,37,47],"class_list":{"0":"post-791","1":"product","2":"type-product","3":"status-publish","4":"has-post-thumbnail","6":"product_cat-wall-art","7":"product_tag-alan-berry-rhys","8":"product_tag-bandera","9":"product_tag-bandera-pintada-a-mano","10":"product_tag-carnada-viva","11":"product_tag-handmade","12":"product_tag-hecho-a-mano","13":"product_tag-wall-art","14":"product_tag-yaguarete","16":"first","17":"onbackorder","18":"shipping-taxable","19":"purchasable","20":"product-type-simple"},"acf":[],"yoast_head":"<!-- This site is optimized with the Yoast SEO plugin v27.3 - https:\/\/yoast.com\/product\/yoast-seo-wordpress\/ -->\n<title>BANDERA ALAN TACA - Facon Argentina<\/title>\n<meta name=\"robots\" content=\"index, follow, max-snippet:-1, max-image-preview:large, max-video-preview:-1\" \/>\n<link rel=\"canonical\" href=\"https:\/\/facon.com.ar\/en\/productos\/bandera-alan-taca\/\" \/>\n<meta property=\"og:locale\" content=\"en_US\" \/>\n<meta property=\"og:type\" content=\"article\" \/>\n<meta property=\"og:title\" content=\"BANDERA ALAN TACA - Facon Argentina\" \/>\n<meta property=\"og:description\" content=\"TACA Bandera cosida y pintada a mano. Producido junto con Alan Berryrhys por artesanos locales.  Tama\u00f1o: 80 cm x 120 cm  Regi\u00f3n: Buenos Aires.  Tiempo de producci\u00f3n: 90 d\u00edas +\/-  El marco no est\u00e1 incluido. La varilla de madera no est\u00e1 incluida.  Taca era un pr\u00edncipe guaran\u00ed, que fue a pelear con un yag\u00fcarete que estaba cazando gente alrededor de su pueblo. Ella era la \u00fanica lo suficientemente valiente como para enfrentarlo. Despu\u00e9s de una larga pelea, se mataron entre s\u00ed al mismo tiempo. De la sangre de ambos en el suelo, naci\u00f3 un Chaja. Chaja es una de las aves nacionales de Argentina.  Cualquier duda, nos pod\u00e9s contactar en info@facon.com.ar\" \/>\n<meta property=\"og:url\" content=\"https:\/\/facon.com.ar\/en\/productos\/bandera-alan-taca\/\" \/>\n<meta property=\"og:site_name\" content=\"Facon Argentina\" \/>\n<meta property=\"article:modified_time\" content=\"2026-01-05T21:43:22+00:00\" \/>\n<meta property=\"og:image\" content=\"https:\/\/facon.com.ar\/wp-content\/uploads\/IMG_5153.jpg\" \/>\n\t<meta property=\"og:image:width\" content=\"1242\" \/>\n\t<meta property=\"og:image:height\" content=\"1055\" \/>\n\t<meta property=\"og:image:type\" content=\"image\/jpeg\" \/>\n<meta name=\"twitter:card\" content=\"summary_large_image\" \/>\n<script type=\"application\/ld+json\" class=\"yoast-schema-graph\">{\"@context\":\"https:\\\/\\\/schema.org\",\"@graph\":[{\"@type\":\"WebPage\",\"@id\":\"https:\\\/\\\/facon.com.ar\\\/productos\\\/bandera-alan-taca\\\/\",\"url\":\"https:\\\/\\\/facon.com.ar\\\/productos\\\/bandera-alan-taca\\\/\",\"name\":\"BANDERA ALAN TACA - Facon Argentina\",\"isPartOf\":{\"@id\":\"https:\\\/\\\/facon.com.ar\\\/#website\"},\"primaryImageOfPage\":{\"@id\":\"https:\\\/\\\/facon.com.ar\\\/productos\\\/bandera-alan-taca\\\/#primaryimage\"},\"image\":{\"@id\":\"https:\\\/\\\/facon.com.ar\\\/productos\\\/bandera-alan-taca\\\/#primaryimage\"},\"thumbnailUrl\":\"https:\\\/\\\/facon.com.ar\\\/wp-content\\\/uploads\\\/IMG_5153.jpg\",\"datePublished\":\"2020-07-30T17:17:25+00:00\",\"dateModified\":\"2026-01-05T21:43:22+00:00\",\"breadcrumb\":{\"@id\":\"https:\\\/\\\/facon.com.ar\\\/productos\\\/bandera-alan-taca\\\/#breadcrumb\"},\"inLanguage\":\"en-US\",\"potentialAction\":[{\"@type\":\"ReadAction\",\"target\":[\"https:\\\/\\\/facon.com.ar\\\/productos\\\/bandera-alan-taca\\\/\"]}]},{\"@type\":\"ImageObject\",\"inLanguage\":\"en-US\",\"@id\":\"https:\\\/\\\/facon.com.ar\\\/productos\\\/bandera-alan-taca\\\/#primaryimage\",\"url\":\"https:\\\/\\\/facon.com.ar\\\/wp-content\\\/uploads\\\/IMG_5153.jpg\",\"contentUrl\":\"https:\\\/\\\/facon.com.ar\\\/wp-content\\\/uploads\\\/IMG_5153.jpg\",\"width\":1242,\"height\":1055},{\"@type\":\"BreadcrumbList\",\"@id\":\"https:\\\/\\\/facon.com.ar\\\/productos\\\/bandera-alan-taca\\\/#breadcrumb\",\"itemListElement\":[{\"@type\":\"ListItem\",\"position\":1,\"name\":\"Portada\",\"item\":\"https:\\\/\\\/facon.com.ar\\\/\"},{\"@type\":\"ListItem\",\"position\":2,\"name\":\"Tienda\",\"item\":\"https:\\\/\\\/facon.com.ar\\\/tienda\\\/\"},{\"@type\":\"ListItem\",\"position\":3,\"name\":\"BANDERA ALAN TACA\"}]},{\"@type\":\"WebSite\",\"@id\":\"https:\\\/\\\/facon.com.ar\\\/#website\",\"url\":\"https:\\\/\\\/facon.com.ar\\\/\",\"name\":\"Facon Argentina\",\"description\":\"Piezas \u00fanicas de artistas locales\",\"publisher\":{\"@id\":\"https:\\\/\\\/facon.com.ar\\\/#organization\"},\"potentialAction\":[{\"@type\":\"SearchAction\",\"target\":{\"@type\":\"EntryPoint\",\"urlTemplate\":\"https:\\\/\\\/facon.com.ar\\\/?s={search_term_string}\"},\"query-input\":{\"@type\":\"PropertyValueSpecification\",\"valueRequired\":true,\"valueName\":\"search_term_string\"}}],\"inLanguage\":\"en-US\"},{\"@type\":\"Organization\",\"@id\":\"https:\\\/\\\/facon.com.ar\\\/#organization\",\"name\":\"Facon Argentina\",\"url\":\"https:\\\/\\\/facon.com.ar\\\/\",\"logo\":{\"@type\":\"ImageObject\",\"inLanguage\":\"en-US\",\"@id\":\"https:\\\/\\\/facon.com.ar\\\/#\\\/schema\\\/logo\\\/image\\\/\",\"url\":\"https:\\\/\\\/facon.com.ar\\\/wp-content\\\/uploads\\\/logo-t.png\",\"contentUrl\":\"https:\\\/\\\/facon.com.ar\\\/wp-content\\\/uploads\\\/logo-t.png\",\"width\":955,\"height\":793,\"caption\":\"Facon Argentina\"},\"image\":{\"@id\":\"https:\\\/\\\/facon.com.ar\\\/#\\\/schema\\\/logo\\\/image\\\/\"}}]}<\/script>\n<!-- \/ Yoast SEO plugin. -->","yoast_head_json":{"title":"BANDERA ALAN TACA - Facon Argentina","robots":{"index":"index","follow":"follow","max-snippet":"max-snippet:-1","max-image-preview":"max-image-preview:large","max-video-preview":"max-video-preview:-1"},"canonical":"https:\/\/facon.com.ar\/en\/productos\/bandera-alan-taca\/","og_locale":"en_US","og_type":"article","og_title":"BANDERA ALAN TACA - Facon Argentina","og_description":"TACA Bandera cosida y pintada a mano. Producido junto con Alan Berryrhys por artesanos locales.  Tama\u00f1o: 80 cm x 120 cm  Regi\u00f3n: Buenos Aires.  Tiempo de producci\u00f3n: 90 d\u00edas +\/-  El marco no est\u00e1 incluido. La varilla de madera no est\u00e1 incluida.  Taca era un pr\u00edncipe guaran\u00ed, que fue a pelear con un yag\u00fcarete que estaba cazando gente alrededor de su pueblo. Ella era la \u00fanica lo suficientemente valiente como para enfrentarlo. Despu\u00e9s de una larga pelea, se mataron entre s\u00ed al mismo tiempo. De la sangre de ambos en el suelo, naci\u00f3 un Chaja. Chaja es una de las aves nacionales de Argentina.  Cualquier duda, nos pod\u00e9s contactar en info@facon.com.ar","og_url":"https:\/\/facon.com.ar\/en\/productos\/bandera-alan-taca\/","og_site_name":"Facon Argentina","article_modified_time":"2026-01-05T21:43:22+00:00","og_image":[{"width":1242,"height":1055,"url":"https:\/\/facon.com.ar\/wp-content\/uploads\/IMG_5153.jpg","type":"image\/jpeg"}],"twitter_card":"summary_large_image","schema":{"@context":"https:\/\/schema.org","@graph":[{"@type":"WebPage","@id":"https:\/\/facon.com.ar\/productos\/bandera-alan-taca\/","url":"https:\/\/facon.com.ar\/productos\/bandera-alan-taca\/","name":"BANDERA ALAN TACA - Facon Argentina","isPartOf":{"@id":"https:\/\/facon.com.ar\/#website"},"primaryImageOfPage":{"@id":"https:\/\/facon.com.ar\/productos\/bandera-alan-taca\/#primaryimage"},"image":{"@id":"https:\/\/facon.com.ar\/productos\/bandera-alan-taca\/#primaryimage"},"thumbnailUrl":"https:\/\/facon.com.ar\/wp-content\/uploads\/IMG_5153.jpg","datePublished":"2020-07-30T17:17:25+00:00","dateModified":"2026-01-05T21:43:22+00:00","breadcrumb":{"@id":"https:\/\/facon.com.ar\/productos\/bandera-alan-taca\/#breadcrumb"},"inLanguage":"en-US","potentialAction":[{"@type":"ReadAction","target":["https:\/\/facon.com.ar\/productos\/bandera-alan-taca\/"]}]},{"@type":"ImageObject","inLanguage":"en-US","@id":"https:\/\/facon.com.ar\/productos\/bandera-alan-taca\/#primaryimage","url":"https:\/\/facon.com.ar\/wp-content\/uploads\/IMG_5153.jpg","contentUrl":"https:\/\/facon.com.ar\/wp-content\/uploads\/IMG_5153.jpg","width":1242,"height":1055},{"@type":"BreadcrumbList","@id":"https:\/\/facon.com.ar\/productos\/bandera-alan-taca\/#breadcrumb","itemListElement":[{"@type":"ListItem","position":1,"name":"Portada","item":"https:\/\/facon.com.ar\/"},{"@type":"ListItem","position":2,"name":"Tienda","item":"https:\/\/facon.com.ar\/tienda\/"},{"@type":"ListItem","position":3,"name":"BANDERA ALAN TACA"}]},{"@type":"WebSite","@id":"https:\/\/facon.com.ar\/#website","url":"https:\/\/facon.com.ar\/","name":"Facon Argentina","description":"Piezas \u00fanicas de artistas locales","publisher":{"@id":"https:\/\/facon.com.ar\/#organization"},"potentialAction":[{"@type":"SearchAction","target":{"@type":"EntryPoint","urlTemplate":"https:\/\/facon.com.ar\/?s={search_term_string}"},"query-input":{"@type":"PropertyValueSpecification","valueRequired":true,"valueName":"search_term_string"}}],"inLanguage":"en-US"},{"@type":"Organization","@id":"https:\/\/facon.com.ar\/#organization","name":"Facon Argentina","url":"https:\/\/facon.com.ar\/","logo":{"@type":"ImageObject","inLanguage":"en-US","@id":"https:\/\/facon.com.ar\/#\/schema\/logo\/image\/","url":"https:\/\/facon.com.ar\/wp-content\/uploads\/logo-t.png","contentUrl":"https:\/\/facon.com.ar\/wp-content\/uploads\/logo-t.png","width":955,"height":793,"caption":"Facon Argentina"},"image":{"@id":"https:\/\/facon.com.ar\/#\/schema\/logo\/image\/"}}]}},"_links":{"self":[{"href":"https:\/\/facon.com.ar\/en\/wp-json\/wp\/v2\/product\/791","targetHints":{"allow":["GET"]}}],"collection":[{"href":"https:\/\/facon.com.ar\/en\/wp-json\/wp\/v2\/product"}],"about":[{"href":"https:\/\/facon.com.ar\/en\/wp-json\/wp\/v2\/types\/product"}],"version-history":[{"count":1,"href":"https:\/\/facon.com.ar\/en\/wp-json\/wp\/v2\/product\/791\/revisions"}],"predecessor-version":[{"id":112585,"href":"https:\/\/facon.com.ar\/en\/wp-json\/wp\/v2\/product\/791\/revisions\/112585"}],"wp:featuredmedia":[{"embeddable":true,"href":"https:\/\/facon.com.ar\/en\/wp-json\/wp\/v2\/media\/792"}],"wp:attachment":[{"href":"https:\/\/facon.com.ar\/en\/wp-json\/wp\/v2\/media?parent=791"}],"wp:term":[{"taxonomy":"product_brand","embeddable":true,"href":"https:\/\/facon.com.ar\/en\/wp-json\/wp\/v2\/product_brand?post=791"},{"taxonomy":"product_cat","embeddable":true,"href":"https:\/\/facon.com.ar\/en\/wp-json\/wp\/v2\/product_cat?post=791"},{"taxonomy":"product_tag","embeddable":true,"href":"https:\/\/facon.com.ar\/en\/wp-json\/wp\/v2\/product_tag?post=791"}],"curies":[{"name":"wp","href":"https:\/\/api.w.org\/{rel}","templated":true}]}}