{"id":766,"date":"2020-07-30T14:01:23","date_gmt":"2020-07-30T17:01:23","guid":{"rendered":"https:\/\/facon.com.ar\/?post_type=product&#038;p=766"},"modified":"2026-01-21T20:40:36","modified_gmt":"2026-01-21T23:40:36","slug":"tapiz-bordado-alan-yaguarete-vs-curuyu","status":"publish","type":"product","link":"https:\/\/facon.com.ar\/en\/productos\/tapiz-bordado-alan-yaguarete-vs-curuyu\/","title":{"rendered":"TAPIZ BORDADO ALAN YAGUARET\u00c9 VS CURUY\u00da"},"content":{"rendered":"","protected":false},"excerpt":{"rendered":"<p class=\"\">YAGUARETE vs CURUY\u00da by Alan Berry Rhys.<\/p>\n<p class=\"\">Size: 60cm x 80cm<\/p>\n<p class=\"\">Production time: 60 days +\/-<\/p>\n<p class=\"\">Region: Catamarca<\/p>\n<p class=\"\">Frame is not included. wood rod is not included.<\/p>\n<p>Handmade embroidery produced together with Alan Berry Rhys handmade by Rosa de Tinogasta, Catamarca, Argentina. She learned her trade from her mother Aldacira Flores de Andrada.<br \/>\nI\u2019m so happy to be able to work with traditional crafts. Opening the dialogue between my work and their crafts has been highly enriching.<\/p>\n<p>Any questions, you can contact us at <a href=\"mailto:info@facon.com.ar\">info@facon.com.ar<\/a><\/p>","protected":false},"featured_media":767,"template":"","meta":{"_acf_changed":false},"product_brand":[],"product_cat":[22],"product_tag":[44,49,46,40,39,45,37,47],"class_list":{"0":"post-766","1":"product","2":"type-product","3":"status-publish","4":"has-post-thumbnail","6":"product_cat-wall-art","7":"product_tag-alan-berry-rhys","8":"product_tag-carnada-viva","9":"product_tag-catamarca","10":"product_tag-handmade","11":"product_tag-hecho-a-mano","12":"product_tag-tapiz-bordado","13":"product_tag-wall-art","14":"product_tag-yaguarete","16":"first","17":"onbackorder","18":"shipping-taxable","19":"purchasable","20":"product-type-simple"},"acf":[],"yoast_head":"<!-- This site is optimized with the Yoast SEO plugin v27.3 - https:\/\/yoast.com\/product\/yoast-seo-wordpress\/ -->\n<title>TAPIZ BORDADO ALAN YAGUARET\u00c9 VS CURUY\u00da - Facon Argentina<\/title>\n<meta name=\"robots\" content=\"index, follow, max-snippet:-1, max-image-preview:large, max-video-preview:-1\" \/>\n<link rel=\"canonical\" href=\"https:\/\/facon.com.ar\/en\/productos\/tapiz-bordado-alan-yaguarete-vs-curuyu\/\" \/>\n<meta property=\"og:locale\" content=\"en_US\" \/>\n<meta property=\"og:type\" content=\"article\" \/>\n<meta property=\"og:title\" content=\"TAPIZ BORDADO ALAN YAGUARET\u00c9 VS CURUY\u00da - Facon Argentina\" \/>\n<meta property=\"og:description\" content=\"YAGUARETE vs CURUY\u00da por Alan Berry Rhys. Medidas: 60 cm x 80 cm Tiempo de producci\u00f3n: 60 d\u00edas +\/- Regi\u00f3n: Catamarca. El marco no est\u00e1 incluido. La varilla de madera no est\u00e1 incluida. Bordados hechos a mano producidos junto con Alan Berry Rhys hechos a mano por Rosa de Tinogasta, Catamarca, Argentina. Ella aprendi\u00f3 su oficio de su madre Aldacira Flores de Andrada. Estoy muy feliz de poder trabajar con artesan\u00edas tradicionales. Abrir el di\u00e1logo entre mi trabajo y sus manualidades ha sido muy enriquecedor.  Cualquier duda, nos pod\u00e9s contactar en info@facon.com.ar\" \/>\n<meta property=\"og:url\" content=\"https:\/\/facon.com.ar\/en\/productos\/tapiz-bordado-alan-yaguarete-vs-curuyu\/\" \/>\n<meta property=\"og:site_name\" content=\"Facon Argentina\" \/>\n<meta property=\"article:modified_time\" content=\"2026-01-21T23:40:36+00:00\" \/>\n<meta property=\"og:image\" content=\"https:\/\/facon.com.ar\/wp-content\/uploads\/IMG_5438.jpg\" \/>\n\t<meta property=\"og:image:width\" content=\"1242\" \/>\n\t<meta property=\"og:image:height\" content=\"1236\" \/>\n\t<meta property=\"og:image:type\" content=\"image\/jpeg\" \/>\n<meta name=\"twitter:card\" content=\"summary_large_image\" \/>\n<script type=\"application\/ld+json\" class=\"yoast-schema-graph\">{\"@context\":\"https:\\\/\\\/schema.org\",\"@graph\":[{\"@type\":\"WebPage\",\"@id\":\"https:\\\/\\\/facon.com.ar\\\/productos\\\/tapiz-bordado-alan-yaguarete-vs-curuyu\\\/\",\"url\":\"https:\\\/\\\/facon.com.ar\\\/productos\\\/tapiz-bordado-alan-yaguarete-vs-curuyu\\\/\",\"name\":\"TAPIZ BORDADO ALAN YAGUARET\u00c9 VS CURUY\u00da - Facon Argentina\",\"isPartOf\":{\"@id\":\"https:\\\/\\\/facon.com.ar\\\/#website\"},\"primaryImageOfPage\":{\"@id\":\"https:\\\/\\\/facon.com.ar\\\/productos\\\/tapiz-bordado-alan-yaguarete-vs-curuyu\\\/#primaryimage\"},\"image\":{\"@id\":\"https:\\\/\\\/facon.com.ar\\\/productos\\\/tapiz-bordado-alan-yaguarete-vs-curuyu\\\/#primaryimage\"},\"thumbnailUrl\":\"https:\\\/\\\/facon.com.ar\\\/wp-content\\\/uploads\\\/IMG_5438.jpg\",\"datePublished\":\"2020-07-30T17:01:23+00:00\",\"dateModified\":\"2026-01-21T23:40:36+00:00\",\"breadcrumb\":{\"@id\":\"https:\\\/\\\/facon.com.ar\\\/productos\\\/tapiz-bordado-alan-yaguarete-vs-curuyu\\\/#breadcrumb\"},\"inLanguage\":\"en-US\",\"potentialAction\":[{\"@type\":\"ReadAction\",\"target\":[\"https:\\\/\\\/facon.com.ar\\\/productos\\\/tapiz-bordado-alan-yaguarete-vs-curuyu\\\/\"]}]},{\"@type\":\"ImageObject\",\"inLanguage\":\"en-US\",\"@id\":\"https:\\\/\\\/facon.com.ar\\\/productos\\\/tapiz-bordado-alan-yaguarete-vs-curuyu\\\/#primaryimage\",\"url\":\"https:\\\/\\\/facon.com.ar\\\/wp-content\\\/uploads\\\/IMG_5438.jpg\",\"contentUrl\":\"https:\\\/\\\/facon.com.ar\\\/wp-content\\\/uploads\\\/IMG_5438.jpg\",\"width\":1242,\"height\":1236},{\"@type\":\"BreadcrumbList\",\"@id\":\"https:\\\/\\\/facon.com.ar\\\/productos\\\/tapiz-bordado-alan-yaguarete-vs-curuyu\\\/#breadcrumb\",\"itemListElement\":[{\"@type\":\"ListItem\",\"position\":1,\"name\":\"Portada\",\"item\":\"https:\\\/\\\/facon.com.ar\\\/\"},{\"@type\":\"ListItem\",\"position\":2,\"name\":\"Tienda\",\"item\":\"https:\\\/\\\/facon.com.ar\\\/tienda\\\/\"},{\"@type\":\"ListItem\",\"position\":3,\"name\":\"TAPIZ BORDADO ALAN YAGUARET\u00c9 VS CURUY\u00da\"}]},{\"@type\":\"WebSite\",\"@id\":\"https:\\\/\\\/facon.com.ar\\\/#website\",\"url\":\"https:\\\/\\\/facon.com.ar\\\/\",\"name\":\"Facon Argentina\",\"description\":\"Piezas \u00fanicas de artistas locales\",\"publisher\":{\"@id\":\"https:\\\/\\\/facon.com.ar\\\/#organization\"},\"potentialAction\":[{\"@type\":\"SearchAction\",\"target\":{\"@type\":\"EntryPoint\",\"urlTemplate\":\"https:\\\/\\\/facon.com.ar\\\/?s={search_term_string}\"},\"query-input\":{\"@type\":\"PropertyValueSpecification\",\"valueRequired\":true,\"valueName\":\"search_term_string\"}}],\"inLanguage\":\"en-US\"},{\"@type\":\"Organization\",\"@id\":\"https:\\\/\\\/facon.com.ar\\\/#organization\",\"name\":\"Facon Argentina\",\"url\":\"https:\\\/\\\/facon.com.ar\\\/\",\"logo\":{\"@type\":\"ImageObject\",\"inLanguage\":\"en-US\",\"@id\":\"https:\\\/\\\/facon.com.ar\\\/#\\\/schema\\\/logo\\\/image\\\/\",\"url\":\"https:\\\/\\\/facon.com.ar\\\/wp-content\\\/uploads\\\/logo-t.png\",\"contentUrl\":\"https:\\\/\\\/facon.com.ar\\\/wp-content\\\/uploads\\\/logo-t.png\",\"width\":955,\"height\":793,\"caption\":\"Facon Argentina\"},\"image\":{\"@id\":\"https:\\\/\\\/facon.com.ar\\\/#\\\/schema\\\/logo\\\/image\\\/\"}}]}<\/script>\n<!-- \/ Yoast SEO plugin. -->","yoast_head_json":{"title":"TAPIZ BORDADO ALAN YAGUARET\u00c9 VS CURUY\u00da - Facon Argentina","robots":{"index":"index","follow":"follow","max-snippet":"max-snippet:-1","max-image-preview":"max-image-preview:large","max-video-preview":"max-video-preview:-1"},"canonical":"https:\/\/facon.com.ar\/en\/productos\/tapiz-bordado-alan-yaguarete-vs-curuyu\/","og_locale":"en_US","og_type":"article","og_title":"TAPIZ BORDADO ALAN YAGUARET\u00c9 VS CURUY\u00da - Facon Argentina","og_description":"YAGUARETE vs CURUY\u00da por Alan Berry Rhys. Medidas: 60 cm x 80 cm Tiempo de producci\u00f3n: 60 d\u00edas +\/- Regi\u00f3n: Catamarca. El marco no est\u00e1 incluido. La varilla de madera no est\u00e1 incluida. Bordados hechos a mano producidos junto con Alan Berry Rhys hechos a mano por Rosa de Tinogasta, Catamarca, Argentina. Ella aprendi\u00f3 su oficio de su madre Aldacira Flores de Andrada. Estoy muy feliz de poder trabajar con artesan\u00edas tradicionales. Abrir el di\u00e1logo entre mi trabajo y sus manualidades ha sido muy enriquecedor.  Cualquier duda, nos pod\u00e9s contactar en info@facon.com.ar","og_url":"https:\/\/facon.com.ar\/en\/productos\/tapiz-bordado-alan-yaguarete-vs-curuyu\/","og_site_name":"Facon Argentina","article_modified_time":"2026-01-21T23:40:36+00:00","og_image":[{"width":1242,"height":1236,"url":"https:\/\/facon.com.ar\/wp-content\/uploads\/IMG_5438.jpg","type":"image\/jpeg"}],"twitter_card":"summary_large_image","schema":{"@context":"https:\/\/schema.org","@graph":[{"@type":"WebPage","@id":"https:\/\/facon.com.ar\/productos\/tapiz-bordado-alan-yaguarete-vs-curuyu\/","url":"https:\/\/facon.com.ar\/productos\/tapiz-bordado-alan-yaguarete-vs-curuyu\/","name":"TAPIZ BORDADO ALAN YAGUARET\u00c9 VS CURUY\u00da - Facon Argentina","isPartOf":{"@id":"https:\/\/facon.com.ar\/#website"},"primaryImageOfPage":{"@id":"https:\/\/facon.com.ar\/productos\/tapiz-bordado-alan-yaguarete-vs-curuyu\/#primaryimage"},"image":{"@id":"https:\/\/facon.com.ar\/productos\/tapiz-bordado-alan-yaguarete-vs-curuyu\/#primaryimage"},"thumbnailUrl":"https:\/\/facon.com.ar\/wp-content\/uploads\/IMG_5438.jpg","datePublished":"2020-07-30T17:01:23+00:00","dateModified":"2026-01-21T23:40:36+00:00","breadcrumb":{"@id":"https:\/\/facon.com.ar\/productos\/tapiz-bordado-alan-yaguarete-vs-curuyu\/#breadcrumb"},"inLanguage":"en-US","potentialAction":[{"@type":"ReadAction","target":["https:\/\/facon.com.ar\/productos\/tapiz-bordado-alan-yaguarete-vs-curuyu\/"]}]},{"@type":"ImageObject","inLanguage":"en-US","@id":"https:\/\/facon.com.ar\/productos\/tapiz-bordado-alan-yaguarete-vs-curuyu\/#primaryimage","url":"https:\/\/facon.com.ar\/wp-content\/uploads\/IMG_5438.jpg","contentUrl":"https:\/\/facon.com.ar\/wp-content\/uploads\/IMG_5438.jpg","width":1242,"height":1236},{"@type":"BreadcrumbList","@id":"https:\/\/facon.com.ar\/productos\/tapiz-bordado-alan-yaguarete-vs-curuyu\/#breadcrumb","itemListElement":[{"@type":"ListItem","position":1,"name":"Portada","item":"https:\/\/facon.com.ar\/"},{"@type":"ListItem","position":2,"name":"Tienda","item":"https:\/\/facon.com.ar\/tienda\/"},{"@type":"ListItem","position":3,"name":"TAPIZ BORDADO ALAN YAGUARET\u00c9 VS CURUY\u00da"}]},{"@type":"WebSite","@id":"https:\/\/facon.com.ar\/#website","url":"https:\/\/facon.com.ar\/","name":"Facon Argentina","description":"Piezas \u00fanicas de artistas locales","publisher":{"@id":"https:\/\/facon.com.ar\/#organization"},"potentialAction":[{"@type":"SearchAction","target":{"@type":"EntryPoint","urlTemplate":"https:\/\/facon.com.ar\/?s={search_term_string}"},"query-input":{"@type":"PropertyValueSpecification","valueRequired":true,"valueName":"search_term_string"}}],"inLanguage":"en-US"},{"@type":"Organization","@id":"https:\/\/facon.com.ar\/#organization","name":"Facon Argentina","url":"https:\/\/facon.com.ar\/","logo":{"@type":"ImageObject","inLanguage":"en-US","@id":"https:\/\/facon.com.ar\/#\/schema\/logo\/image\/","url":"https:\/\/facon.com.ar\/wp-content\/uploads\/logo-t.png","contentUrl":"https:\/\/facon.com.ar\/wp-content\/uploads\/logo-t.png","width":955,"height":793,"caption":"Facon Argentina"},"image":{"@id":"https:\/\/facon.com.ar\/#\/schema\/logo\/image\/"}}]}},"_links":{"self":[{"href":"https:\/\/facon.com.ar\/en\/wp-json\/wp\/v2\/product\/766","targetHints":{"allow":["GET"]}}],"collection":[{"href":"https:\/\/facon.com.ar\/en\/wp-json\/wp\/v2\/product"}],"about":[{"href":"https:\/\/facon.com.ar\/en\/wp-json\/wp\/v2\/types\/product"}],"version-history":[{"count":1,"href":"https:\/\/facon.com.ar\/en\/wp-json\/wp\/v2\/product\/766\/revisions"}],"predecessor-version":[{"id":112626,"href":"https:\/\/facon.com.ar\/en\/wp-json\/wp\/v2\/product\/766\/revisions\/112626"}],"wp:featuredmedia":[{"embeddable":true,"href":"https:\/\/facon.com.ar\/en\/wp-json\/wp\/v2\/media\/767"}],"wp:attachment":[{"href":"https:\/\/facon.com.ar\/en\/wp-json\/wp\/v2\/media?parent=766"}],"wp:term":[{"taxonomy":"product_brand","embeddable":true,"href":"https:\/\/facon.com.ar\/en\/wp-json\/wp\/v2\/product_brand?post=766"},{"taxonomy":"product_cat","embeddable":true,"href":"https:\/\/facon.com.ar\/en\/wp-json\/wp\/v2\/product_cat?post=766"},{"taxonomy":"product_tag","embeddable":true,"href":"https:\/\/facon.com.ar\/en\/wp-json\/wp\/v2\/product_tag?post=766"}],"curies":[{"name":"wp","href":"https:\/\/api.w.org\/{rel}","templated":true}]}}