{"id":752,"date":"2020-07-30T13:38:53","date_gmt":"2020-07-30T16:38:53","guid":{"rendered":"https:\/\/facon.com.ar\/?post_type=product&#038;p=752"},"modified":"2025-12-29T09:05:54","modified_gmt":"2025-12-29T12:05:54","slug":"bandera-escudo-nacional-y-provinciales","status":"publish","type":"product","link":"https:\/\/facon.com.ar\/en\/productos\/bandera-escudo-nacional-y-provinciales\/","title":{"rendered":"BANDERA ESCUDO NACIONAL Y PROVINCIALES"},"content":{"rendered":"","protected":false},"excerpt":{"rendered":"<p class=\"\">Flag with national emblem painted by hand on cotton.<\/p>\n<p class=\"\">Size: 80 cm x 110 cm<\/p>\n<p class=\"\">Production time: 90 days +\/-<\/p>\n<p class=\"\">Region: Buenos Aires.<\/p>\n<p class=\"\">Rising sun: Represents the emergence of a new Nation, a new Argentine society.<br \/>\nLaurel: It is, from the ancient Greeks, the symbol of glory, power and success.<br \/>\nRed Hat (red color): Represents freedom, another of the essential values for the Argentine society.<br \/>\nPica or stick: This symbol reflects the strength that a country needs to have in order to keep freedom firm.<br \/>\nThe bluish color: The upper part of the Argentine emblem has a blue tone that is the representative color of truth and justice.<br \/>\nThe color white: The color represents purity, as well as faith and divinity.<br \/>\nHandshake: It is the symbol of the union of the Argentine people, essential for society to function to perfection<br \/>\nBlue and white ribbons: These are the colors of the Argentine flag and wouldn\u2019t be missing on the national emblem.<\/p>\n<p>Any questions, you can contact us at <a href=\"mailto:info@facon.com.ar\">info@facon.com.ar<\/a><\/p>","protected":false},"featured_media":756,"template":"","meta":{"_acf_changed":false},"product_brand":[],"product_cat":[22],"product_tag":[33,34,41,42,40,39,43,37],"class_list":{"0":"post-752","1":"product","2":"type-product","3":"status-publish","4":"has-post-thumbnail","6":"product_cat-wall-art","7":"product_tag-bandera","8":"product_tag-bandera-pintada-a-mano","9":"product_tag-escudo-nacional","10":"product_tag-escudos-provinciales","11":"product_tag-handmade","12":"product_tag-hecho-a-mano","13":"product_tag-provincias-argentinas","14":"product_tag-wall-art","16":"first","17":"onbackorder","18":"shipping-taxable","19":"purchasable","20":"product-type-simple"},"acf":[],"yoast_head":"<!-- This site is optimized with the Yoast SEO plugin v27.3 - https:\/\/yoast.com\/product\/yoast-seo-wordpress\/ -->\n<title>BANDERA ESCUDO NACIONAL Y PROVINCIALES - Facon Argentina<\/title>\n<meta name=\"robots\" content=\"index, follow, max-snippet:-1, max-image-preview:large, max-video-preview:-1\" \/>\n<link rel=\"canonical\" href=\"https:\/\/facon.com.ar\/en\/productos\/bandera-escudo-nacional-y-provinciales\/\" \/>\n<meta property=\"og:locale\" content=\"en_US\" \/>\n<meta property=\"og:type\" content=\"article\" \/>\n<meta property=\"og:title\" content=\"BANDERA ESCUDO NACIONAL Y PROVINCIALES - Facon Argentina\" \/>\n<meta property=\"og:description\" content=\"Bandera de escudo nacional y provinciales pintados a mano sobre algod\u00f3n. Tama\u00f1o: 80 cm x 110 cm Tiempo de producci\u00f3n: 90 d\u00edas +\/- Regi\u00f3n: Buenos Aires. Sol naciente: Representa el surgimiento de una nueva Naci\u00f3n, una nueva sociedad argentina. Laurel: Es, desde los antiguos griegos, el s\u00edmbolo de la gloria, del poder y del \u00e9xito. Gorro frigio (de color rojo): Representa la libertad, otro de los valores imprescindibles para la sociedad argentina. Pica o palo: Este s\u00edmbolo refleja la fuerza que necesita tener un pa\u00eds para poder mantener firme la libertad. El color azulado: La parte superior del escudo argentino presenta un tono azul que es el color representante de la verdad y la justicia. El color blanco: Es, desde siempre, el color que representa la pureza, as\u00ed como la fe y la divinidad. Apret\u00f3n de manos: Es el s\u00edmbolo de la uni\u00f3n del pueblo argentino, indispensable para que la sociedad funcione a la perfecci\u00f3n. Cintas de color azul y blanco: Son los colores de la bandera de este pa\u00eds que tampoco pueden faltar en el escudo. Cualquier duda, nos pod\u00e9s contactar en info@facon.com.ar\" \/>\n<meta property=\"og:url\" content=\"https:\/\/facon.com.ar\/en\/productos\/bandera-escudo-nacional-y-provinciales\/\" \/>\n<meta property=\"og:site_name\" content=\"Facon Argentina\" \/>\n<meta property=\"article:modified_time\" content=\"2025-12-29T12:05:54+00:00\" \/>\n<meta property=\"og:image\" content=\"https:\/\/facon.com.ar\/wp-content\/uploads\/IMG_5431.jpg\" \/>\n\t<meta property=\"og:image:width\" content=\"1242\" \/>\n\t<meta property=\"og:image:height\" content=\"1544\" \/>\n\t<meta property=\"og:image:type\" content=\"image\/jpeg\" \/>\n<meta name=\"twitter:card\" content=\"summary_large_image\" \/>\n<script type=\"application\/ld+json\" class=\"yoast-schema-graph\">{\"@context\":\"https:\\\/\\\/schema.org\",\"@graph\":[{\"@type\":\"WebPage\",\"@id\":\"https:\\\/\\\/facon.com.ar\\\/productos\\\/bandera-escudo-nacional-y-provinciales\\\/\",\"url\":\"https:\\\/\\\/facon.com.ar\\\/productos\\\/bandera-escudo-nacional-y-provinciales\\\/\",\"name\":\"BANDERA ESCUDO NACIONAL Y PROVINCIALES - Facon Argentina\",\"isPartOf\":{\"@id\":\"https:\\\/\\\/facon.com.ar\\\/#website\"},\"primaryImageOfPage\":{\"@id\":\"https:\\\/\\\/facon.com.ar\\\/productos\\\/bandera-escudo-nacional-y-provinciales\\\/#primaryimage\"},\"image\":{\"@id\":\"https:\\\/\\\/facon.com.ar\\\/productos\\\/bandera-escudo-nacional-y-provinciales\\\/#primaryimage\"},\"thumbnailUrl\":\"https:\\\/\\\/facon.com.ar\\\/wp-content\\\/uploads\\\/IMG_5431.jpg\",\"datePublished\":\"2020-07-30T16:38:53+00:00\",\"dateModified\":\"2025-12-29T12:05:54+00:00\",\"breadcrumb\":{\"@id\":\"https:\\\/\\\/facon.com.ar\\\/productos\\\/bandera-escudo-nacional-y-provinciales\\\/#breadcrumb\"},\"inLanguage\":\"en-US\",\"potentialAction\":[{\"@type\":\"ReadAction\",\"target\":[\"https:\\\/\\\/facon.com.ar\\\/productos\\\/bandera-escudo-nacional-y-provinciales\\\/\"]}]},{\"@type\":\"ImageObject\",\"inLanguage\":\"en-US\",\"@id\":\"https:\\\/\\\/facon.com.ar\\\/productos\\\/bandera-escudo-nacional-y-provinciales\\\/#primaryimage\",\"url\":\"https:\\\/\\\/facon.com.ar\\\/wp-content\\\/uploads\\\/IMG_5431.jpg\",\"contentUrl\":\"https:\\\/\\\/facon.com.ar\\\/wp-content\\\/uploads\\\/IMG_5431.jpg\",\"width\":1242,\"height\":1544},{\"@type\":\"BreadcrumbList\",\"@id\":\"https:\\\/\\\/facon.com.ar\\\/productos\\\/bandera-escudo-nacional-y-provinciales\\\/#breadcrumb\",\"itemListElement\":[{\"@type\":\"ListItem\",\"position\":1,\"name\":\"Portada\",\"item\":\"https:\\\/\\\/facon.com.ar\\\/\"},{\"@type\":\"ListItem\",\"position\":2,\"name\":\"Tienda\",\"item\":\"https:\\\/\\\/facon.com.ar\\\/tienda\\\/\"},{\"@type\":\"ListItem\",\"position\":3,\"name\":\"BANDERA ESCUDO NACIONAL Y PROVINCIALES\"}]},{\"@type\":\"WebSite\",\"@id\":\"https:\\\/\\\/facon.com.ar\\\/#website\",\"url\":\"https:\\\/\\\/facon.com.ar\\\/\",\"name\":\"Facon Argentina\",\"description\":\"Piezas \u00fanicas de artistas locales\",\"publisher\":{\"@id\":\"https:\\\/\\\/facon.com.ar\\\/#organization\"},\"potentialAction\":[{\"@type\":\"SearchAction\",\"target\":{\"@type\":\"EntryPoint\",\"urlTemplate\":\"https:\\\/\\\/facon.com.ar\\\/?s={search_term_string}\"},\"query-input\":{\"@type\":\"PropertyValueSpecification\",\"valueRequired\":true,\"valueName\":\"search_term_string\"}}],\"inLanguage\":\"en-US\"},{\"@type\":\"Organization\",\"@id\":\"https:\\\/\\\/facon.com.ar\\\/#organization\",\"name\":\"Facon Argentina\",\"url\":\"https:\\\/\\\/facon.com.ar\\\/\",\"logo\":{\"@type\":\"ImageObject\",\"inLanguage\":\"en-US\",\"@id\":\"https:\\\/\\\/facon.com.ar\\\/#\\\/schema\\\/logo\\\/image\\\/\",\"url\":\"https:\\\/\\\/facon.com.ar\\\/wp-content\\\/uploads\\\/logo-t.png\",\"contentUrl\":\"https:\\\/\\\/facon.com.ar\\\/wp-content\\\/uploads\\\/logo-t.png\",\"width\":955,\"height\":793,\"caption\":\"Facon Argentina\"},\"image\":{\"@id\":\"https:\\\/\\\/facon.com.ar\\\/#\\\/schema\\\/logo\\\/image\\\/\"}}]}<\/script>\n<!-- \/ Yoast SEO plugin. -->","yoast_head_json":{"title":"BANDERA ESCUDO NACIONAL Y PROVINCIALES - Facon Argentina","robots":{"index":"index","follow":"follow","max-snippet":"max-snippet:-1","max-image-preview":"max-image-preview:large","max-video-preview":"max-video-preview:-1"},"canonical":"https:\/\/facon.com.ar\/en\/productos\/bandera-escudo-nacional-y-provinciales\/","og_locale":"en_US","og_type":"article","og_title":"BANDERA ESCUDO NACIONAL Y PROVINCIALES - Facon Argentina","og_description":"Bandera de escudo nacional y provinciales pintados a mano sobre algod\u00f3n. Tama\u00f1o: 80 cm x 110 cm Tiempo de producci\u00f3n: 90 d\u00edas +\/- Regi\u00f3n: Buenos Aires. Sol naciente: Representa el surgimiento de una nueva Naci\u00f3n, una nueva sociedad argentina. Laurel: Es, desde los antiguos griegos, el s\u00edmbolo de la gloria, del poder y del \u00e9xito. Gorro frigio (de color rojo): Representa la libertad, otro de los valores imprescindibles para la sociedad argentina. Pica o palo: Este s\u00edmbolo refleja la fuerza que necesita tener un pa\u00eds para poder mantener firme la libertad. El color azulado: La parte superior del escudo argentino presenta un tono azul que es el color representante de la verdad y la justicia. El color blanco: Es, desde siempre, el color que representa la pureza, as\u00ed como la fe y la divinidad. Apret\u00f3n de manos: Es el s\u00edmbolo de la uni\u00f3n del pueblo argentino, indispensable para que la sociedad funcione a la perfecci\u00f3n. Cintas de color azul y blanco: Son los colores de la bandera de este pa\u00eds que tampoco pueden faltar en el escudo. Cualquier duda, nos pod\u00e9s contactar en info@facon.com.ar","og_url":"https:\/\/facon.com.ar\/en\/productos\/bandera-escudo-nacional-y-provinciales\/","og_site_name":"Facon Argentina","article_modified_time":"2025-12-29T12:05:54+00:00","og_image":[{"width":1242,"height":1544,"url":"https:\/\/facon.com.ar\/wp-content\/uploads\/IMG_5431.jpg","type":"image\/jpeg"}],"twitter_card":"summary_large_image","schema":{"@context":"https:\/\/schema.org","@graph":[{"@type":"WebPage","@id":"https:\/\/facon.com.ar\/productos\/bandera-escudo-nacional-y-provinciales\/","url":"https:\/\/facon.com.ar\/productos\/bandera-escudo-nacional-y-provinciales\/","name":"BANDERA ESCUDO NACIONAL Y PROVINCIALES - Facon Argentina","isPartOf":{"@id":"https:\/\/facon.com.ar\/#website"},"primaryImageOfPage":{"@id":"https:\/\/facon.com.ar\/productos\/bandera-escudo-nacional-y-provinciales\/#primaryimage"},"image":{"@id":"https:\/\/facon.com.ar\/productos\/bandera-escudo-nacional-y-provinciales\/#primaryimage"},"thumbnailUrl":"https:\/\/facon.com.ar\/wp-content\/uploads\/IMG_5431.jpg","datePublished":"2020-07-30T16:38:53+00:00","dateModified":"2025-12-29T12:05:54+00:00","breadcrumb":{"@id":"https:\/\/facon.com.ar\/productos\/bandera-escudo-nacional-y-provinciales\/#breadcrumb"},"inLanguage":"en-US","potentialAction":[{"@type":"ReadAction","target":["https:\/\/facon.com.ar\/productos\/bandera-escudo-nacional-y-provinciales\/"]}]},{"@type":"ImageObject","inLanguage":"en-US","@id":"https:\/\/facon.com.ar\/productos\/bandera-escudo-nacional-y-provinciales\/#primaryimage","url":"https:\/\/facon.com.ar\/wp-content\/uploads\/IMG_5431.jpg","contentUrl":"https:\/\/facon.com.ar\/wp-content\/uploads\/IMG_5431.jpg","width":1242,"height":1544},{"@type":"BreadcrumbList","@id":"https:\/\/facon.com.ar\/productos\/bandera-escudo-nacional-y-provinciales\/#breadcrumb","itemListElement":[{"@type":"ListItem","position":1,"name":"Portada","item":"https:\/\/facon.com.ar\/"},{"@type":"ListItem","position":2,"name":"Tienda","item":"https:\/\/facon.com.ar\/tienda\/"},{"@type":"ListItem","position":3,"name":"BANDERA ESCUDO NACIONAL Y PROVINCIALES"}]},{"@type":"WebSite","@id":"https:\/\/facon.com.ar\/#website","url":"https:\/\/facon.com.ar\/","name":"Facon Argentina","description":"Piezas \u00fanicas de artistas locales","publisher":{"@id":"https:\/\/facon.com.ar\/#organization"},"potentialAction":[{"@type":"SearchAction","target":{"@type":"EntryPoint","urlTemplate":"https:\/\/facon.com.ar\/?s={search_term_string}"},"query-input":{"@type":"PropertyValueSpecification","valueRequired":true,"valueName":"search_term_string"}}],"inLanguage":"en-US"},{"@type":"Organization","@id":"https:\/\/facon.com.ar\/#organization","name":"Facon Argentina","url":"https:\/\/facon.com.ar\/","logo":{"@type":"ImageObject","inLanguage":"en-US","@id":"https:\/\/facon.com.ar\/#\/schema\/logo\/image\/","url":"https:\/\/facon.com.ar\/wp-content\/uploads\/logo-t.png","contentUrl":"https:\/\/facon.com.ar\/wp-content\/uploads\/logo-t.png","width":955,"height":793,"caption":"Facon Argentina"},"image":{"@id":"https:\/\/facon.com.ar\/#\/schema\/logo\/image\/"}}]}},"_links":{"self":[{"href":"https:\/\/facon.com.ar\/en\/wp-json\/wp\/v2\/product\/752","targetHints":{"allow":["GET"]}}],"collection":[{"href":"https:\/\/facon.com.ar\/en\/wp-json\/wp\/v2\/product"}],"about":[{"href":"https:\/\/facon.com.ar\/en\/wp-json\/wp\/v2\/types\/product"}],"version-history":[{"count":1,"href":"https:\/\/facon.com.ar\/en\/wp-json\/wp\/v2\/product\/752\/revisions"}],"predecessor-version":[{"id":112589,"href":"https:\/\/facon.com.ar\/en\/wp-json\/wp\/v2\/product\/752\/revisions\/112589"}],"wp:featuredmedia":[{"embeddable":true,"href":"https:\/\/facon.com.ar\/en\/wp-json\/wp\/v2\/media\/756"}],"wp:attachment":[{"href":"https:\/\/facon.com.ar\/en\/wp-json\/wp\/v2\/media?parent=752"}],"wp:term":[{"taxonomy":"product_brand","embeddable":true,"href":"https:\/\/facon.com.ar\/en\/wp-json\/wp\/v2\/product_brand?post=752"},{"taxonomy":"product_cat","embeddable":true,"href":"https:\/\/facon.com.ar\/en\/wp-json\/wp\/v2\/product_cat?post=752"},{"taxonomy":"product_tag","embeddable":true,"href":"https:\/\/facon.com.ar\/en\/wp-json\/wp\/v2\/product_tag?post=752"}],"curies":[{"name":"wp","href":"https:\/\/api.w.org\/{rel}","templated":true}]}}