{"id":745,"date":"2020-07-29T18:49:03","date_gmt":"2020-07-29T21:49:03","guid":{"rendered":"https:\/\/facon.com.ar\/?post_type=product&#038;p=745"},"modified":"2026-01-10T18:20:40","modified_gmt":"2026-01-10T21:20:40","slug":"bandera-nacional-argentina","status":"publish","type":"product","link":"https:\/\/facon.com.ar\/en\/productos\/bandera-nacional-argentina\/","title":{"rendered":"BANDERA NACIONAL ARGENTINA"},"content":{"rendered":"","protected":false},"excerpt":{"rendered":"<p class=\"\">Hand painted Argentinian flag.<\/p>\n<p class=\"\">Size: 160 cm x 100 cm<\/p>\n<p class=\"\">Production time: 90 days +\/-<\/p>\n<p class=\"\">Region: Buenos Aires.<\/p>\n<p class=\"\">The Argentinian flag or national flag is one of the four national symbols of the Argentine Republic, and it is based on the flag created by Manuel Belgrano.<br \/>\nThe sun of the Argentine flag is a sun figured with a human face, its color is yellow with thirty two rays, and it is located at the center of the flag.<br \/>\nThis project of the sun over the center of the flag, was given thanks to the goldsmith Juan de Dios Rivera, a native of Peru, who adopted the symbol of the Inti or sun as an emblem of The Argentine nation.<\/p>\n<p>Any questions, you can contact us at <a href=\"mailto:info@facon.com.ar\">info@facon.com.ar<\/a><\/p>","protected":false},"featured_media":112849,"template":"","meta":{"_acf_changed":false},"product_brand":[],"product_cat":[22],"product_tag":[36,33,38,35,34,40,39,37],"class_list":{"0":"post-745","1":"product","2":"type-product","3":"status-publish","4":"has-post-thumbnail","6":"product_cat-wall-art","7":"product_tag-argentina","8":"product_tag-bandera","9":"product_tag-bandera-argentina","10":"product_tag-bandera-nacional","11":"product_tag-bandera-pintada-a-mano","12":"product_tag-handmade","13":"product_tag-hecho-a-mano","14":"product_tag-wall-art","16":"first","17":"onbackorder","18":"shipping-taxable","19":"purchasable","20":"product-type-simple"},"acf":[],"yoast_head":"<!-- This site is optimized with the Yoast SEO plugin v27.3 - https:\/\/yoast.com\/product\/yoast-seo-wordpress\/ -->\n<title>BANDERA NACIONAL ARGENTINA - Facon Argentina<\/title>\n<meta name=\"robots\" content=\"index, follow, max-snippet:-1, max-image-preview:large, max-video-preview:-1\" \/>\n<link rel=\"canonical\" href=\"https:\/\/facon.com.ar\/en\/productos\/bandera-nacional-argentina\/\" \/>\n<meta property=\"og:locale\" content=\"en_US\" \/>\n<meta property=\"og:type\" content=\"article\" \/>\n<meta property=\"og:title\" content=\"BANDERA NACIONAL ARGENTINA - Facon Argentina\" \/>\n<meta property=\"og:description\" content=\"Bandera nacional pintada a mano sobre algod\u00f3n. Tama\u00f1o: 160 cm x 100 cm Tiempo de producci\u00f3n: 90 days +\/- Regi\u00f3n: Buenos Aires. La bandera de argentina o bandera nacional es uno de los cuatro s\u00edmbolos nacionales de la Rep\u00fablica Argentina y esta basada en la bandera creada por Manuel Belgrano. El sol de la bandera Argentina es un sol figurado con un rostro humano, su color es amarillo con treinta y dos rayos, est\u00e1 ubicado en el centro de la bandera. Este proyecto del sol sobre el centro de la bandera, se da gracias al orfebre Juan de Dios Rivera, oriundo de Peru, quien adopto el s\u00edmbolo del Inti o sol, como emblema de la naci\u00f3n argentina. Esta bandera est\u00e1 pintada a mano. Un poco de patria para regalar o regalarse. Cualquier duda, nos pod\u00e9s contactar en info@facon.com.ar\" \/>\n<meta property=\"og:url\" content=\"https:\/\/facon.com.ar\/en\/productos\/bandera-nacional-argentina\/\" \/>\n<meta property=\"og:site_name\" content=\"Facon Argentina\" \/>\n<meta property=\"article:modified_time\" content=\"2026-01-10T21:20:40+00:00\" \/>\n<meta property=\"og:image\" content=\"https:\/\/facon.com.ar\/wp-content\/uploads\/BANDERA-ARGENTINA.jpg\" \/>\n\t<meta property=\"og:image:width\" content=\"1125\" \/>\n\t<meta property=\"og:image:height\" content=\"1393\" \/>\n\t<meta property=\"og:image:type\" content=\"image\/jpeg\" \/>\n<meta name=\"twitter:card\" content=\"summary_large_image\" \/>\n<script type=\"application\/ld+json\" class=\"yoast-schema-graph\">{\"@context\":\"https:\\\/\\\/schema.org\",\"@graph\":[{\"@type\":\"WebPage\",\"@id\":\"https:\\\/\\\/facon.com.ar\\\/productos\\\/bandera-nacional-argentina\\\/\",\"url\":\"https:\\\/\\\/facon.com.ar\\\/productos\\\/bandera-nacional-argentina\\\/\",\"name\":\"BANDERA NACIONAL ARGENTINA - Facon Argentina\",\"isPartOf\":{\"@id\":\"https:\\\/\\\/facon.com.ar\\\/#website\"},\"primaryImageOfPage\":{\"@id\":\"https:\\\/\\\/facon.com.ar\\\/productos\\\/bandera-nacional-argentina\\\/#primaryimage\"},\"image\":{\"@id\":\"https:\\\/\\\/facon.com.ar\\\/productos\\\/bandera-nacional-argentina\\\/#primaryimage\"},\"thumbnailUrl\":\"https:\\\/\\\/facon.com.ar\\\/wp-content\\\/uploads\\\/BANDERA-ARGENTINA.jpg\",\"datePublished\":\"2020-07-29T21:49:03+00:00\",\"dateModified\":\"2026-01-10T21:20:40+00:00\",\"breadcrumb\":{\"@id\":\"https:\\\/\\\/facon.com.ar\\\/productos\\\/bandera-nacional-argentina\\\/#breadcrumb\"},\"inLanguage\":\"en-US\",\"potentialAction\":[{\"@type\":\"ReadAction\",\"target\":[\"https:\\\/\\\/facon.com.ar\\\/productos\\\/bandera-nacional-argentina\\\/\"]}]},{\"@type\":\"ImageObject\",\"inLanguage\":\"en-US\",\"@id\":\"https:\\\/\\\/facon.com.ar\\\/productos\\\/bandera-nacional-argentina\\\/#primaryimage\",\"url\":\"https:\\\/\\\/facon.com.ar\\\/wp-content\\\/uploads\\\/BANDERA-ARGENTINA.jpg\",\"contentUrl\":\"https:\\\/\\\/facon.com.ar\\\/wp-content\\\/uploads\\\/BANDERA-ARGENTINA.jpg\",\"width\":1125,\"height\":1393},{\"@type\":\"BreadcrumbList\",\"@id\":\"https:\\\/\\\/facon.com.ar\\\/productos\\\/bandera-nacional-argentina\\\/#breadcrumb\",\"itemListElement\":[{\"@type\":\"ListItem\",\"position\":1,\"name\":\"Portada\",\"item\":\"https:\\\/\\\/facon.com.ar\\\/\"},{\"@type\":\"ListItem\",\"position\":2,\"name\":\"Tienda\",\"item\":\"https:\\\/\\\/facon.com.ar\\\/tienda\\\/\"},{\"@type\":\"ListItem\",\"position\":3,\"name\":\"BANDERA NACIONAL ARGENTINA\"}]},{\"@type\":\"WebSite\",\"@id\":\"https:\\\/\\\/facon.com.ar\\\/#website\",\"url\":\"https:\\\/\\\/facon.com.ar\\\/\",\"name\":\"Facon Argentina\",\"description\":\"Piezas \u00fanicas de artistas locales\",\"publisher\":{\"@id\":\"https:\\\/\\\/facon.com.ar\\\/#organization\"},\"potentialAction\":[{\"@type\":\"SearchAction\",\"target\":{\"@type\":\"EntryPoint\",\"urlTemplate\":\"https:\\\/\\\/facon.com.ar\\\/?s={search_term_string}\"},\"query-input\":{\"@type\":\"PropertyValueSpecification\",\"valueRequired\":true,\"valueName\":\"search_term_string\"}}],\"inLanguage\":\"en-US\"},{\"@type\":\"Organization\",\"@id\":\"https:\\\/\\\/facon.com.ar\\\/#organization\",\"name\":\"Facon Argentina\",\"url\":\"https:\\\/\\\/facon.com.ar\\\/\",\"logo\":{\"@type\":\"ImageObject\",\"inLanguage\":\"en-US\",\"@id\":\"https:\\\/\\\/facon.com.ar\\\/#\\\/schema\\\/logo\\\/image\\\/\",\"url\":\"https:\\\/\\\/facon.com.ar\\\/wp-content\\\/uploads\\\/logo-t.png\",\"contentUrl\":\"https:\\\/\\\/facon.com.ar\\\/wp-content\\\/uploads\\\/logo-t.png\",\"width\":955,\"height\":793,\"caption\":\"Facon Argentina\"},\"image\":{\"@id\":\"https:\\\/\\\/facon.com.ar\\\/#\\\/schema\\\/logo\\\/image\\\/\"}}]}<\/script>\n<!-- \/ Yoast SEO plugin. -->","yoast_head_json":{"title":"BANDERA NACIONAL ARGENTINA - Facon Argentina","robots":{"index":"index","follow":"follow","max-snippet":"max-snippet:-1","max-image-preview":"max-image-preview:large","max-video-preview":"max-video-preview:-1"},"canonical":"https:\/\/facon.com.ar\/en\/productos\/bandera-nacional-argentina\/","og_locale":"en_US","og_type":"article","og_title":"BANDERA NACIONAL ARGENTINA - Facon Argentina","og_description":"Bandera nacional pintada a mano sobre algod\u00f3n. Tama\u00f1o: 160 cm x 100 cm Tiempo de producci\u00f3n: 90 days +\/- Regi\u00f3n: Buenos Aires. La bandera de argentina o bandera nacional es uno de los cuatro s\u00edmbolos nacionales de la Rep\u00fablica Argentina y esta basada en la bandera creada por Manuel Belgrano. El sol de la bandera Argentina es un sol figurado con un rostro humano, su color es amarillo con treinta y dos rayos, est\u00e1 ubicado en el centro de la bandera. Este proyecto del sol sobre el centro de la bandera, se da gracias al orfebre Juan de Dios Rivera, oriundo de Peru, quien adopto el s\u00edmbolo del Inti o sol, como emblema de la naci\u00f3n argentina. Esta bandera est\u00e1 pintada a mano. Un poco de patria para regalar o regalarse. Cualquier duda, nos pod\u00e9s contactar en info@facon.com.ar","og_url":"https:\/\/facon.com.ar\/en\/productos\/bandera-nacional-argentina\/","og_site_name":"Facon Argentina","article_modified_time":"2026-01-10T21:20:40+00:00","og_image":[{"width":1125,"height":1393,"url":"https:\/\/facon.com.ar\/wp-content\/uploads\/BANDERA-ARGENTINA.jpg","type":"image\/jpeg"}],"twitter_card":"summary_large_image","schema":{"@context":"https:\/\/schema.org","@graph":[{"@type":"WebPage","@id":"https:\/\/facon.com.ar\/productos\/bandera-nacional-argentina\/","url":"https:\/\/facon.com.ar\/productos\/bandera-nacional-argentina\/","name":"BANDERA NACIONAL ARGENTINA - Facon Argentina","isPartOf":{"@id":"https:\/\/facon.com.ar\/#website"},"primaryImageOfPage":{"@id":"https:\/\/facon.com.ar\/productos\/bandera-nacional-argentina\/#primaryimage"},"image":{"@id":"https:\/\/facon.com.ar\/productos\/bandera-nacional-argentina\/#primaryimage"},"thumbnailUrl":"https:\/\/facon.com.ar\/wp-content\/uploads\/BANDERA-ARGENTINA.jpg","datePublished":"2020-07-29T21:49:03+00:00","dateModified":"2026-01-10T21:20:40+00:00","breadcrumb":{"@id":"https:\/\/facon.com.ar\/productos\/bandera-nacional-argentina\/#breadcrumb"},"inLanguage":"en-US","potentialAction":[{"@type":"ReadAction","target":["https:\/\/facon.com.ar\/productos\/bandera-nacional-argentina\/"]}]},{"@type":"ImageObject","inLanguage":"en-US","@id":"https:\/\/facon.com.ar\/productos\/bandera-nacional-argentina\/#primaryimage","url":"https:\/\/facon.com.ar\/wp-content\/uploads\/BANDERA-ARGENTINA.jpg","contentUrl":"https:\/\/facon.com.ar\/wp-content\/uploads\/BANDERA-ARGENTINA.jpg","width":1125,"height":1393},{"@type":"BreadcrumbList","@id":"https:\/\/facon.com.ar\/productos\/bandera-nacional-argentina\/#breadcrumb","itemListElement":[{"@type":"ListItem","position":1,"name":"Portada","item":"https:\/\/facon.com.ar\/"},{"@type":"ListItem","position":2,"name":"Tienda","item":"https:\/\/facon.com.ar\/tienda\/"},{"@type":"ListItem","position":3,"name":"BANDERA NACIONAL ARGENTINA"}]},{"@type":"WebSite","@id":"https:\/\/facon.com.ar\/#website","url":"https:\/\/facon.com.ar\/","name":"Facon Argentina","description":"Piezas \u00fanicas de artistas locales","publisher":{"@id":"https:\/\/facon.com.ar\/#organization"},"potentialAction":[{"@type":"SearchAction","target":{"@type":"EntryPoint","urlTemplate":"https:\/\/facon.com.ar\/?s={search_term_string}"},"query-input":{"@type":"PropertyValueSpecification","valueRequired":true,"valueName":"search_term_string"}}],"inLanguage":"en-US"},{"@type":"Organization","@id":"https:\/\/facon.com.ar\/#organization","name":"Facon Argentina","url":"https:\/\/facon.com.ar\/","logo":{"@type":"ImageObject","inLanguage":"en-US","@id":"https:\/\/facon.com.ar\/#\/schema\/logo\/image\/","url":"https:\/\/facon.com.ar\/wp-content\/uploads\/logo-t.png","contentUrl":"https:\/\/facon.com.ar\/wp-content\/uploads\/logo-t.png","width":955,"height":793,"caption":"Facon Argentina"},"image":{"@id":"https:\/\/facon.com.ar\/#\/schema\/logo\/image\/"}}]}},"_links":{"self":[{"href":"https:\/\/facon.com.ar\/en\/wp-json\/wp\/v2\/product\/745","targetHints":{"allow":["GET"]}}],"collection":[{"href":"https:\/\/facon.com.ar\/en\/wp-json\/wp\/v2\/product"}],"about":[{"href":"https:\/\/facon.com.ar\/en\/wp-json\/wp\/v2\/types\/product"}],"version-history":[{"count":2,"href":"https:\/\/facon.com.ar\/en\/wp-json\/wp\/v2\/product\/745\/revisions"}],"predecessor-version":[{"id":112629,"href":"https:\/\/facon.com.ar\/en\/wp-json\/wp\/v2\/product\/745\/revisions\/112629"}],"wp:featuredmedia":[{"embeddable":true,"href":"https:\/\/facon.com.ar\/en\/wp-json\/wp\/v2\/media\/112849"}],"wp:attachment":[{"href":"https:\/\/facon.com.ar\/en\/wp-json\/wp\/v2\/media?parent=745"}],"wp:term":[{"taxonomy":"product_brand","embeddable":true,"href":"https:\/\/facon.com.ar\/en\/wp-json\/wp\/v2\/product_brand?post=745"},{"taxonomy":"product_cat","embeddable":true,"href":"https:\/\/facon.com.ar\/en\/wp-json\/wp\/v2\/product_cat?post=745"},{"taxonomy":"product_tag","embeddable":true,"href":"https:\/\/facon.com.ar\/en\/wp-json\/wp\/v2\/product_tag?post=745"}],"curies":[{"name":"wp","href":"https:\/\/api.w.org\/{rel}","templated":true}]}}