{"id":40683,"date":"2021-04-02T16:03:25","date_gmt":"2021-04-02T19:03:25","guid":{"rendered":"https:\/\/facon.com.ar\/?post_type=product&#038;p=40683"},"modified":"2025-09-08T11:01:58","modified_gmt":"2025-09-08T14:01:58","slug":"juego-de-individuales-soles","status":"publish","type":"product","link":"https:\/\/facon.com.ar\/en\/productos\/juego-de-individuales-soles\/","title":{"rendered":"JUEGO DE INDIVIDUALES SOLES"},"content":{"rendered":"","protected":false},"excerpt":{"rendered":"<p class=\"\">Region: Salta<\/p>\n<p>Size: 40 cm x 35 cm.<\/p>\n<p>Production delay 60 days.<\/p>\n<p class=\"\">Est\u00e1n realizados en telar, en Salta, norte de Argentina. Son confeccionadas totalmente a mano con lana de oveja.<\/p>\n<div class=\"elementor-element elementor-element-611bb2f elementor-widget elementor-widget-woocommerce-product-short-description\" data-id=\"611bb2f\" data-element_type=\"widget\" data-widget_type=\"woocommerce-product-short-description.default\">\n<div class=\"elementor-widget-container\">\n<div class=\"woocommerce-product-details__short-description\">\n<p><strong>Any questions, you can contact us at\u00a0<a href=\"mailto:info@facon.com.ar\">info@facon.com.ar<\/a><\/strong><\/p>\n<\/div>\n<\/div>\n<\/div>","protected":false},"featured_media":113005,"template":"","meta":{"_acf_changed":false},"product_brand":[],"product_cat":[20,21],"product_tag":[72,73,75,40,39,29,71,235,234,74],"class_list":{"0":"post-40683","1":"product","2":"type-product","3":"status-publish","4":"has-post-thumbnail","6":"product_cat-hogar-deco","7":"product_cat-textil-cuero","8":"product_tag-alfombras","9":"product_tag-alfombras-artesanales","10":"product_tag-disenos-exclusivos","11":"product_tag-handmade","12":"product_tag-hecho-a-mano","13":"product_tag-home","14":"product_tag-home-deco","15":"product_tag-individual","16":"product_tag-individuales","17":"product_tag-salta","19":"first","20":"onbackorder","21":"shipping-taxable","22":"purchasable","23":"product-type-simple"},"acf":[],"yoast_head":"<!-- This site is optimized with the Yoast SEO plugin v27.3 - https:\/\/yoast.com\/product\/yoast-seo-wordpress\/ -->\n<title>JUEGO DE INDIVIDUALES SOLES - Facon Argentina<\/title>\n<meta name=\"robots\" content=\"index, follow, max-snippet:-1, max-image-preview:large, max-video-preview:-1\" \/>\n<link rel=\"canonical\" href=\"https:\/\/facon.com.ar\/en\/productos\/juego-de-individuales-soles\/\" \/>\n<meta property=\"og:locale\" content=\"en_US\" \/>\n<meta property=\"og:type\" content=\"article\" \/>\n<meta property=\"og:title\" content=\"JUEGO DE INDIVIDUALES SOLES - Facon Argentina\" \/>\n<meta property=\"og:description\" content=\"Regi\u00f3n: Salta. Medida: 40 cm x 35 cm.  Demora de producci\u00f3n 60 d\u00edas. Est\u00e1n realizados en telar, en Salta, norte de Argentina. Son confeccionadas totalmente a mano con lana de oveja.      Cualquier duda, nos pod\u00e9s contactar en\u00a0info@facon.com.ar\" \/>\n<meta property=\"og:url\" content=\"https:\/\/facon.com.ar\/en\/productos\/juego-de-individuales-soles\/\" \/>\n<meta property=\"og:site_name\" content=\"Facon Argentina\" \/>\n<meta property=\"article:modified_time\" content=\"2025-09-08T14:01:58+00:00\" \/>\n<meta property=\"og:image\" content=\"https:\/\/facon.com.ar\/wp-content\/uploads\/individuales-soles-1.jpg\" \/>\n\t<meta property=\"og:image:width\" content=\"1125\" \/>\n\t<meta property=\"og:image:height\" content=\"1406\" \/>\n\t<meta property=\"og:image:type\" content=\"image\/jpeg\" \/>\n<meta name=\"twitter:card\" content=\"summary_large_image\" \/>\n<script type=\"application\/ld+json\" class=\"yoast-schema-graph\">{\"@context\":\"https:\\\/\\\/schema.org\",\"@graph\":[{\"@type\":\"WebPage\",\"@id\":\"https:\\\/\\\/facon.com.ar\\\/productos\\\/juego-de-individuales-soles\\\/\",\"url\":\"https:\\\/\\\/facon.com.ar\\\/productos\\\/juego-de-individuales-soles\\\/\",\"name\":\"JUEGO DE INDIVIDUALES SOLES - Facon Argentina\",\"isPartOf\":{\"@id\":\"https:\\\/\\\/facon.com.ar\\\/#website\"},\"primaryImageOfPage\":{\"@id\":\"https:\\\/\\\/facon.com.ar\\\/productos\\\/juego-de-individuales-soles\\\/#primaryimage\"},\"image\":{\"@id\":\"https:\\\/\\\/facon.com.ar\\\/productos\\\/juego-de-individuales-soles\\\/#primaryimage\"},\"thumbnailUrl\":\"https:\\\/\\\/facon.com.ar\\\/wp-content\\\/uploads\\\/individuales-soles-1.jpg\",\"datePublished\":\"2021-04-02T19:03:25+00:00\",\"dateModified\":\"2025-09-08T14:01:58+00:00\",\"breadcrumb\":{\"@id\":\"https:\\\/\\\/facon.com.ar\\\/productos\\\/juego-de-individuales-soles\\\/#breadcrumb\"},\"inLanguage\":\"en-US\",\"potentialAction\":[{\"@type\":\"ReadAction\",\"target\":[\"https:\\\/\\\/facon.com.ar\\\/productos\\\/juego-de-individuales-soles\\\/\"]}]},{\"@type\":\"ImageObject\",\"inLanguage\":\"en-US\",\"@id\":\"https:\\\/\\\/facon.com.ar\\\/productos\\\/juego-de-individuales-soles\\\/#primaryimage\",\"url\":\"https:\\\/\\\/facon.com.ar\\\/wp-content\\\/uploads\\\/individuales-soles-1.jpg\",\"contentUrl\":\"https:\\\/\\\/facon.com.ar\\\/wp-content\\\/uploads\\\/individuales-soles-1.jpg\",\"width\":1125,\"height\":1406},{\"@type\":\"BreadcrumbList\",\"@id\":\"https:\\\/\\\/facon.com.ar\\\/productos\\\/juego-de-individuales-soles\\\/#breadcrumb\",\"itemListElement\":[{\"@type\":\"ListItem\",\"position\":1,\"name\":\"Portada\",\"item\":\"https:\\\/\\\/facon.com.ar\\\/\"},{\"@type\":\"ListItem\",\"position\":2,\"name\":\"Tienda\",\"item\":\"https:\\\/\\\/facon.com.ar\\\/tienda\\\/\"},{\"@type\":\"ListItem\",\"position\":3,\"name\":\"JUEGO DE INDIVIDUALES SOLES\"}]},{\"@type\":\"WebSite\",\"@id\":\"https:\\\/\\\/facon.com.ar\\\/#website\",\"url\":\"https:\\\/\\\/facon.com.ar\\\/\",\"name\":\"Facon Argentina\",\"description\":\"Piezas \u00fanicas de artistas locales\",\"publisher\":{\"@id\":\"https:\\\/\\\/facon.com.ar\\\/#organization\"},\"potentialAction\":[{\"@type\":\"SearchAction\",\"target\":{\"@type\":\"EntryPoint\",\"urlTemplate\":\"https:\\\/\\\/facon.com.ar\\\/?s={search_term_string}\"},\"query-input\":{\"@type\":\"PropertyValueSpecification\",\"valueRequired\":true,\"valueName\":\"search_term_string\"}}],\"inLanguage\":\"en-US\"},{\"@type\":\"Organization\",\"@id\":\"https:\\\/\\\/facon.com.ar\\\/#organization\",\"name\":\"Facon Argentina\",\"url\":\"https:\\\/\\\/facon.com.ar\\\/\",\"logo\":{\"@type\":\"ImageObject\",\"inLanguage\":\"en-US\",\"@id\":\"https:\\\/\\\/facon.com.ar\\\/#\\\/schema\\\/logo\\\/image\\\/\",\"url\":\"https:\\\/\\\/facon.com.ar\\\/wp-content\\\/uploads\\\/logo-t.png\",\"contentUrl\":\"https:\\\/\\\/facon.com.ar\\\/wp-content\\\/uploads\\\/logo-t.png\",\"width\":955,\"height\":793,\"caption\":\"Facon Argentina\"},\"image\":{\"@id\":\"https:\\\/\\\/facon.com.ar\\\/#\\\/schema\\\/logo\\\/image\\\/\"}}]}<\/script>\n<!-- \/ Yoast SEO plugin. -->","yoast_head_json":{"title":"JUEGO DE INDIVIDUALES SOLES - Facon Argentina","robots":{"index":"index","follow":"follow","max-snippet":"max-snippet:-1","max-image-preview":"max-image-preview:large","max-video-preview":"max-video-preview:-1"},"canonical":"https:\/\/facon.com.ar\/en\/productos\/juego-de-individuales-soles\/","og_locale":"en_US","og_type":"article","og_title":"JUEGO DE INDIVIDUALES SOLES - Facon Argentina","og_description":"Regi\u00f3n: Salta. Medida: 40 cm x 35 cm.  Demora de producci\u00f3n 60 d\u00edas. Est\u00e1n realizados en telar, en Salta, norte de Argentina. Son confeccionadas totalmente a mano con lana de oveja.      Cualquier duda, nos pod\u00e9s contactar en\u00a0info@facon.com.ar","og_url":"https:\/\/facon.com.ar\/en\/productos\/juego-de-individuales-soles\/","og_site_name":"Facon Argentina","article_modified_time":"2025-09-08T14:01:58+00:00","og_image":[{"width":1125,"height":1406,"url":"https:\/\/facon.com.ar\/wp-content\/uploads\/individuales-soles-1.jpg","type":"image\/jpeg"}],"twitter_card":"summary_large_image","schema":{"@context":"https:\/\/schema.org","@graph":[{"@type":"WebPage","@id":"https:\/\/facon.com.ar\/productos\/juego-de-individuales-soles\/","url":"https:\/\/facon.com.ar\/productos\/juego-de-individuales-soles\/","name":"JUEGO DE INDIVIDUALES SOLES - Facon Argentina","isPartOf":{"@id":"https:\/\/facon.com.ar\/#website"},"primaryImageOfPage":{"@id":"https:\/\/facon.com.ar\/productos\/juego-de-individuales-soles\/#primaryimage"},"image":{"@id":"https:\/\/facon.com.ar\/productos\/juego-de-individuales-soles\/#primaryimage"},"thumbnailUrl":"https:\/\/facon.com.ar\/wp-content\/uploads\/individuales-soles-1.jpg","datePublished":"2021-04-02T19:03:25+00:00","dateModified":"2025-09-08T14:01:58+00:00","breadcrumb":{"@id":"https:\/\/facon.com.ar\/productos\/juego-de-individuales-soles\/#breadcrumb"},"inLanguage":"en-US","potentialAction":[{"@type":"ReadAction","target":["https:\/\/facon.com.ar\/productos\/juego-de-individuales-soles\/"]}]},{"@type":"ImageObject","inLanguage":"en-US","@id":"https:\/\/facon.com.ar\/productos\/juego-de-individuales-soles\/#primaryimage","url":"https:\/\/facon.com.ar\/wp-content\/uploads\/individuales-soles-1.jpg","contentUrl":"https:\/\/facon.com.ar\/wp-content\/uploads\/individuales-soles-1.jpg","width":1125,"height":1406},{"@type":"BreadcrumbList","@id":"https:\/\/facon.com.ar\/productos\/juego-de-individuales-soles\/#breadcrumb","itemListElement":[{"@type":"ListItem","position":1,"name":"Portada","item":"https:\/\/facon.com.ar\/"},{"@type":"ListItem","position":2,"name":"Tienda","item":"https:\/\/facon.com.ar\/tienda\/"},{"@type":"ListItem","position":3,"name":"JUEGO DE INDIVIDUALES SOLES"}]},{"@type":"WebSite","@id":"https:\/\/facon.com.ar\/#website","url":"https:\/\/facon.com.ar\/","name":"Facon Argentina","description":"Piezas \u00fanicas de artistas locales","publisher":{"@id":"https:\/\/facon.com.ar\/#organization"},"potentialAction":[{"@type":"SearchAction","target":{"@type":"EntryPoint","urlTemplate":"https:\/\/facon.com.ar\/?s={search_term_string}"},"query-input":{"@type":"PropertyValueSpecification","valueRequired":true,"valueName":"search_term_string"}}],"inLanguage":"en-US"},{"@type":"Organization","@id":"https:\/\/facon.com.ar\/#organization","name":"Facon Argentina","url":"https:\/\/facon.com.ar\/","logo":{"@type":"ImageObject","inLanguage":"en-US","@id":"https:\/\/facon.com.ar\/#\/schema\/logo\/image\/","url":"https:\/\/facon.com.ar\/wp-content\/uploads\/logo-t.png","contentUrl":"https:\/\/facon.com.ar\/wp-content\/uploads\/logo-t.png","width":955,"height":793,"caption":"Facon Argentina"},"image":{"@id":"https:\/\/facon.com.ar\/#\/schema\/logo\/image\/"}}]}},"_links":{"self":[{"href":"https:\/\/facon.com.ar\/en\/wp-json\/wp\/v2\/product\/40683","targetHints":{"allow":["GET"]}}],"collection":[{"href":"https:\/\/facon.com.ar\/en\/wp-json\/wp\/v2\/product"}],"about":[{"href":"https:\/\/facon.com.ar\/en\/wp-json\/wp\/v2\/types\/product"}],"version-history":[{"count":3,"href":"https:\/\/facon.com.ar\/en\/wp-json\/wp\/v2\/product\/40683\/revisions"}],"predecessor-version":[{"id":113007,"href":"https:\/\/facon.com.ar\/en\/wp-json\/wp\/v2\/product\/40683\/revisions\/113007"}],"wp:featuredmedia":[{"embeddable":true,"href":"https:\/\/facon.com.ar\/en\/wp-json\/wp\/v2\/media\/113005"}],"wp:attachment":[{"href":"https:\/\/facon.com.ar\/en\/wp-json\/wp\/v2\/media?parent=40683"}],"wp:term":[{"taxonomy":"product_brand","embeddable":true,"href":"https:\/\/facon.com.ar\/en\/wp-json\/wp\/v2\/product_brand?post=40683"},{"taxonomy":"product_cat","embeddable":true,"href":"https:\/\/facon.com.ar\/en\/wp-json\/wp\/v2\/product_cat?post=40683"},{"taxonomy":"product_tag","embeddable":true,"href":"https:\/\/facon.com.ar\/en\/wp-json\/wp\/v2\/product_tag?post=40683"}],"curies":[{"name":"wp","href":"https:\/\/api.w.org\/{rel}","templated":true}]}}