{"id":13498,"date":"2020-12-23T20:11:24","date_gmt":"2020-12-23T23:11:24","guid":{"rendered":"https:\/\/facon.com.ar\/?post_type=product&#038;p=13498"},"modified":"2025-09-08T11:31:26","modified_gmt":"2025-09-08T14:31:26","slug":"silla-bkf-chica-de-cuero-flor-del-ceibo","status":"publish","type":"product","link":"https:\/\/facon.com.ar\/en\/productos\/silla-bkf-chica-de-cuero-flor-del-ceibo\/","title":{"rendered":"SILLA BKF CHICA DE CUERO FLOR DEL CEIBO"},"content":{"rendered":"","protected":false},"excerpt":{"rendered":"<p class=\"\">Region: Buenos Aires.<\/p>\n<p class=\"\">Being a handcrafted product, it can vary in size, shapes and colors, but always respecting the quality it is presented and the usefulness for which it was designed.<\/p>\n<p>Any questions, you can contact us at\u00a0<a href=\"mailto:info@facon.com.ar\">info@facon.com.ar<\/a><\/p>","protected":false},"featured_media":112717,"template":"","meta":{"_acf_changed":false},"product_brand":[],"product_cat":[20,21],"product_tag":[223,222,149,40,39,71,148],"class_list":{"0":"post-13498","1":"product","2":"type-product","3":"status-publish","4":"has-post-thumbnail","6":"product_cat-hogar-deco","7":"product_cat-textil-cuero","8":"product_tag-bkf","9":"product_tag-ceibo","10":"product_tag-cuero","11":"product_tag-handmade","12":"product_tag-hecho-a-mano","13":"product_tag-home-deco","14":"product_tag-silla","16":"first","17":"onbackorder","18":"shipping-taxable","19":"purchasable","20":"product-type-simple"},"acf":[],"yoast_head":"<!-- This site is optimized with the Yoast SEO plugin v27.3 - https:\/\/yoast.com\/product\/yoast-seo-wordpress\/ -->\n<title>SILLA BKF CHICA DE CUERO FLOR DEL CEIBO - Facon Argentina<\/title>\n<meta name=\"robots\" content=\"index, follow, max-snippet:-1, max-image-preview:large, max-video-preview:-1\" \/>\n<link rel=\"canonical\" href=\"https:\/\/facon.com.ar\/en\/productos\/silla-bkf-chica-de-cuero-flor-del-ceibo\/\" \/>\n<meta property=\"og:locale\" content=\"en_US\" \/>\n<meta property=\"og:type\" content=\"article\" \/>\n<meta property=\"og:title\" content=\"SILLA BKF CHICA DE CUERO FLOR DEL CEIBO - Facon Argentina\" \/>\n<meta property=\"og:description\" content=\"Regi\u00f3n: Buenos Aires. Al ser un producto artesanal, \u00e9ste puede variar en su tama\u00f1o, formas y colores, pero siempre respetando la calidad que se presenta y la utilidad para el que fue pensado. Cualquier duda, nos pod\u00e9s contactar en\u00a0info@facon.com.ar\" \/>\n<meta property=\"og:url\" content=\"https:\/\/facon.com.ar\/en\/productos\/silla-bkf-chica-de-cuero-flor-del-ceibo\/\" \/>\n<meta property=\"og:site_name\" content=\"Facon Argentina\" \/>\n<meta property=\"article:modified_time\" content=\"2025-09-08T14:31:26+00:00\" \/>\n<meta property=\"og:image\" content=\"https:\/\/facon.com.ar\/wp-content\/uploads\/SILLA-BKF-CUERO-FLOR-DEL-CEIBO-1.jpeg\" \/>\n\t<meta property=\"og:image:width\" content=\"1066\" \/>\n\t<meta property=\"og:image:height\" content=\"1600\" \/>\n\t<meta property=\"og:image:type\" content=\"image\/jpeg\" \/>\n<meta name=\"twitter:card\" content=\"summary_large_image\" \/>\n<script type=\"application\/ld+json\" class=\"yoast-schema-graph\">{\"@context\":\"https:\\\/\\\/schema.org\",\"@graph\":[{\"@type\":\"WebPage\",\"@id\":\"https:\\\/\\\/facon.com.ar\\\/productos\\\/silla-bkf-chica-de-cuero-flor-del-ceibo\\\/\",\"url\":\"https:\\\/\\\/facon.com.ar\\\/productos\\\/silla-bkf-chica-de-cuero-flor-del-ceibo\\\/\",\"name\":\"SILLA BKF CHICA DE CUERO FLOR DEL CEIBO - Facon Argentina\",\"isPartOf\":{\"@id\":\"https:\\\/\\\/facon.com.ar\\\/#website\"},\"primaryImageOfPage\":{\"@id\":\"https:\\\/\\\/facon.com.ar\\\/productos\\\/silla-bkf-chica-de-cuero-flor-del-ceibo\\\/#primaryimage\"},\"image\":{\"@id\":\"https:\\\/\\\/facon.com.ar\\\/productos\\\/silla-bkf-chica-de-cuero-flor-del-ceibo\\\/#primaryimage\"},\"thumbnailUrl\":\"https:\\\/\\\/facon.com.ar\\\/wp-content\\\/uploads\\\/SILLA-BKF-CUERO-FLOR-DEL-CEIBO-1.jpeg\",\"datePublished\":\"2020-12-23T23:11:24+00:00\",\"dateModified\":\"2025-09-08T14:31:26+00:00\",\"breadcrumb\":{\"@id\":\"https:\\\/\\\/facon.com.ar\\\/productos\\\/silla-bkf-chica-de-cuero-flor-del-ceibo\\\/#breadcrumb\"},\"inLanguage\":\"en-US\",\"potentialAction\":[{\"@type\":\"ReadAction\",\"target\":[\"https:\\\/\\\/facon.com.ar\\\/productos\\\/silla-bkf-chica-de-cuero-flor-del-ceibo\\\/\"]}]},{\"@type\":\"ImageObject\",\"inLanguage\":\"en-US\",\"@id\":\"https:\\\/\\\/facon.com.ar\\\/productos\\\/silla-bkf-chica-de-cuero-flor-del-ceibo\\\/#primaryimage\",\"url\":\"https:\\\/\\\/facon.com.ar\\\/wp-content\\\/uploads\\\/SILLA-BKF-CUERO-FLOR-DEL-CEIBO-1.jpeg\",\"contentUrl\":\"https:\\\/\\\/facon.com.ar\\\/wp-content\\\/uploads\\\/SILLA-BKF-CUERO-FLOR-DEL-CEIBO-1.jpeg\",\"width\":1066,\"height\":1600},{\"@type\":\"BreadcrumbList\",\"@id\":\"https:\\\/\\\/facon.com.ar\\\/productos\\\/silla-bkf-chica-de-cuero-flor-del-ceibo\\\/#breadcrumb\",\"itemListElement\":[{\"@type\":\"ListItem\",\"position\":1,\"name\":\"Portada\",\"item\":\"https:\\\/\\\/facon.com.ar\\\/\"},{\"@type\":\"ListItem\",\"position\":2,\"name\":\"Tienda\",\"item\":\"https:\\\/\\\/facon.com.ar\\\/tienda\\\/\"},{\"@type\":\"ListItem\",\"position\":3,\"name\":\"SILLA BKF CHICA DE CUERO FLOR DEL CEIBO\"}]},{\"@type\":\"WebSite\",\"@id\":\"https:\\\/\\\/facon.com.ar\\\/#website\",\"url\":\"https:\\\/\\\/facon.com.ar\\\/\",\"name\":\"Facon Argentina\",\"description\":\"Piezas \u00fanicas de artistas locales\",\"publisher\":{\"@id\":\"https:\\\/\\\/facon.com.ar\\\/#organization\"},\"potentialAction\":[{\"@type\":\"SearchAction\",\"target\":{\"@type\":\"EntryPoint\",\"urlTemplate\":\"https:\\\/\\\/facon.com.ar\\\/?s={search_term_string}\"},\"query-input\":{\"@type\":\"PropertyValueSpecification\",\"valueRequired\":true,\"valueName\":\"search_term_string\"}}],\"inLanguage\":\"en-US\"},{\"@type\":\"Organization\",\"@id\":\"https:\\\/\\\/facon.com.ar\\\/#organization\",\"name\":\"Facon Argentina\",\"url\":\"https:\\\/\\\/facon.com.ar\\\/\",\"logo\":{\"@type\":\"ImageObject\",\"inLanguage\":\"en-US\",\"@id\":\"https:\\\/\\\/facon.com.ar\\\/#\\\/schema\\\/logo\\\/image\\\/\",\"url\":\"https:\\\/\\\/facon.com.ar\\\/wp-content\\\/uploads\\\/logo-t.png\",\"contentUrl\":\"https:\\\/\\\/facon.com.ar\\\/wp-content\\\/uploads\\\/logo-t.png\",\"width\":955,\"height\":793,\"caption\":\"Facon Argentina\"},\"image\":{\"@id\":\"https:\\\/\\\/facon.com.ar\\\/#\\\/schema\\\/logo\\\/image\\\/\"}}]}<\/script>\n<!-- \/ Yoast SEO plugin. -->","yoast_head_json":{"title":"SILLA BKF CHICA DE CUERO FLOR DEL CEIBO - Facon Argentina","robots":{"index":"index","follow":"follow","max-snippet":"max-snippet:-1","max-image-preview":"max-image-preview:large","max-video-preview":"max-video-preview:-1"},"canonical":"https:\/\/facon.com.ar\/en\/productos\/silla-bkf-chica-de-cuero-flor-del-ceibo\/","og_locale":"en_US","og_type":"article","og_title":"SILLA BKF CHICA DE CUERO FLOR DEL CEIBO - Facon Argentina","og_description":"Regi\u00f3n: Buenos Aires. Al ser un producto artesanal, \u00e9ste puede variar en su tama\u00f1o, formas y colores, pero siempre respetando la calidad que se presenta y la utilidad para el que fue pensado. Cualquier duda, nos pod\u00e9s contactar en\u00a0info@facon.com.ar","og_url":"https:\/\/facon.com.ar\/en\/productos\/silla-bkf-chica-de-cuero-flor-del-ceibo\/","og_site_name":"Facon Argentina","article_modified_time":"2025-09-08T14:31:26+00:00","og_image":[{"width":1066,"height":1600,"url":"https:\/\/facon.com.ar\/wp-content\/uploads\/SILLA-BKF-CUERO-FLOR-DEL-CEIBO-1.jpeg","type":"image\/jpeg"}],"twitter_card":"summary_large_image","schema":{"@context":"https:\/\/schema.org","@graph":[{"@type":"WebPage","@id":"https:\/\/facon.com.ar\/productos\/silla-bkf-chica-de-cuero-flor-del-ceibo\/","url":"https:\/\/facon.com.ar\/productos\/silla-bkf-chica-de-cuero-flor-del-ceibo\/","name":"SILLA BKF CHICA DE CUERO FLOR DEL CEIBO - Facon Argentina","isPartOf":{"@id":"https:\/\/facon.com.ar\/#website"},"primaryImageOfPage":{"@id":"https:\/\/facon.com.ar\/productos\/silla-bkf-chica-de-cuero-flor-del-ceibo\/#primaryimage"},"image":{"@id":"https:\/\/facon.com.ar\/productos\/silla-bkf-chica-de-cuero-flor-del-ceibo\/#primaryimage"},"thumbnailUrl":"https:\/\/facon.com.ar\/wp-content\/uploads\/SILLA-BKF-CUERO-FLOR-DEL-CEIBO-1.jpeg","datePublished":"2020-12-23T23:11:24+00:00","dateModified":"2025-09-08T14:31:26+00:00","breadcrumb":{"@id":"https:\/\/facon.com.ar\/productos\/silla-bkf-chica-de-cuero-flor-del-ceibo\/#breadcrumb"},"inLanguage":"en-US","potentialAction":[{"@type":"ReadAction","target":["https:\/\/facon.com.ar\/productos\/silla-bkf-chica-de-cuero-flor-del-ceibo\/"]}]},{"@type":"ImageObject","inLanguage":"en-US","@id":"https:\/\/facon.com.ar\/productos\/silla-bkf-chica-de-cuero-flor-del-ceibo\/#primaryimage","url":"https:\/\/facon.com.ar\/wp-content\/uploads\/SILLA-BKF-CUERO-FLOR-DEL-CEIBO-1.jpeg","contentUrl":"https:\/\/facon.com.ar\/wp-content\/uploads\/SILLA-BKF-CUERO-FLOR-DEL-CEIBO-1.jpeg","width":1066,"height":1600},{"@type":"BreadcrumbList","@id":"https:\/\/facon.com.ar\/productos\/silla-bkf-chica-de-cuero-flor-del-ceibo\/#breadcrumb","itemListElement":[{"@type":"ListItem","position":1,"name":"Portada","item":"https:\/\/facon.com.ar\/"},{"@type":"ListItem","position":2,"name":"Tienda","item":"https:\/\/facon.com.ar\/tienda\/"},{"@type":"ListItem","position":3,"name":"SILLA BKF CHICA DE CUERO FLOR DEL CEIBO"}]},{"@type":"WebSite","@id":"https:\/\/facon.com.ar\/#website","url":"https:\/\/facon.com.ar\/","name":"Facon Argentina","description":"Piezas \u00fanicas de artistas locales","publisher":{"@id":"https:\/\/facon.com.ar\/#organization"},"potentialAction":[{"@type":"SearchAction","target":{"@type":"EntryPoint","urlTemplate":"https:\/\/facon.com.ar\/?s={search_term_string}"},"query-input":{"@type":"PropertyValueSpecification","valueRequired":true,"valueName":"search_term_string"}}],"inLanguage":"en-US"},{"@type":"Organization","@id":"https:\/\/facon.com.ar\/#organization","name":"Facon Argentina","url":"https:\/\/facon.com.ar\/","logo":{"@type":"ImageObject","inLanguage":"en-US","@id":"https:\/\/facon.com.ar\/#\/schema\/logo\/image\/","url":"https:\/\/facon.com.ar\/wp-content\/uploads\/logo-t.png","contentUrl":"https:\/\/facon.com.ar\/wp-content\/uploads\/logo-t.png","width":955,"height":793,"caption":"Facon Argentina"},"image":{"@id":"https:\/\/facon.com.ar\/#\/schema\/logo\/image\/"}}]}},"_links":{"self":[{"href":"https:\/\/facon.com.ar\/en\/wp-json\/wp\/v2\/product\/13498","targetHints":{"allow":["GET"]}}],"collection":[{"href":"https:\/\/facon.com.ar\/en\/wp-json\/wp\/v2\/product"}],"about":[{"href":"https:\/\/facon.com.ar\/en\/wp-json\/wp\/v2\/types\/product"}],"version-history":[{"count":5,"href":"https:\/\/facon.com.ar\/en\/wp-json\/wp\/v2\/product\/13498\/revisions"}],"predecessor-version":[{"id":113225,"href":"https:\/\/facon.com.ar\/en\/wp-json\/wp\/v2\/product\/13498\/revisions\/113225"}],"wp:featuredmedia":[{"embeddable":true,"href":"https:\/\/facon.com.ar\/en\/wp-json\/wp\/v2\/media\/112717"}],"wp:attachment":[{"href":"https:\/\/facon.com.ar\/en\/wp-json\/wp\/v2\/media?parent=13498"}],"wp:term":[{"taxonomy":"product_brand","embeddable":true,"href":"https:\/\/facon.com.ar\/en\/wp-json\/wp\/v2\/product_brand?post=13498"},{"taxonomy":"product_cat","embeddable":true,"href":"https:\/\/facon.com.ar\/en\/wp-json\/wp\/v2\/product_cat?post=13498"},{"taxonomy":"product_tag","embeddable":true,"href":"https:\/\/facon.com.ar\/en\/wp-json\/wp\/v2\/product_tag?post=13498"}],"curies":[{"name":"wp","href":"https:\/\/api.w.org\/{rel}","templated":true}]}}