{"id":12705,"date":"2020-12-04T11:33:26","date_gmt":"2020-12-04T14:33:26","guid":{"rendered":"https:\/\/facon.com.ar\/?post_type=product&#038;p=12705"},"modified":"2026-03-29T16:23:06","modified_gmt":"2026-03-29T19:23:06","slug":"ceramica-esta-casa-esta-abierta-para-los-buenos-amigos","status":"publish","type":"product","link":"https:\/\/facon.com.ar\/en\/productos\/ceramica-esta-casa-esta-abierta-para-los-buenos-amigos\/","title":{"rendered":"CER\u00c1MICA \u00abESTA CASA ESTA ABIERTA PARA LOS BUENOS AMIGOS\u00bb"},"content":{"rendered":"","protected":false},"excerpt":{"rendered":"<p class=\"\">Region: Buenos Aires.<\/p>\n<p>Size: 20cm x 30cm<\/p>\n<p>Production delay 20 days.<\/p>\n<p>Being a handcrafted product, it can vary in size, shapes and colors, but always respecting the quality it is presented and the usefulness for which it was designed.<\/p>\n<p>Any questions, you can contact us at <a href=\"mailto:info@facon.com.ar\">info@facon.com.ar<\/a><\/p>","protected":false},"featured_media":13398,"template":"","meta":{"_acf_changed":false},"product_brand":[],"product_cat":[20],"product_tag":[147,114,173,95,40,39,55,211],"class_list":{"0":"post-12705","1":"product","2":"type-product","3":"status-publish","4":"has-post-thumbnail","6":"product_cat-hogar-deco","7":"product_tag-esta-casa-esta-abierta-para-los-buenos-amigos","8":"product_tag-artesanal","9":"product_tag-atahualpa","10":"product_tag-ceramica","11":"product_tag-handmade","12":"product_tag-hecho-a-mano","13":"product_tag-piezas-unicas","14":"product_tag-vino","16":"first","17":"onbackorder","18":"shipping-taxable","19":"purchasable","20":"product-type-simple"},"acf":[],"yoast_head":"<!-- This site is optimized with the Yoast SEO plugin v27.3 - https:\/\/yoast.com\/product\/yoast-seo-wordpress\/ -->\n<title>CER\u00c1MICA &quot;ESTA CASA ESTA ABIERTA PARA LOS BUENOS AMIGOS&quot; - Facon Argentina<\/title>\n<meta name=\"robots\" content=\"index, follow, max-snippet:-1, max-image-preview:large, max-video-preview:-1\" \/>\n<link rel=\"canonical\" href=\"https:\/\/facon.com.ar\/en\/productos\/ceramica-esta-casa-esta-abierta-para-los-buenos-amigos\/\" \/>\n<meta property=\"og:locale\" content=\"en_US\" \/>\n<meta property=\"og:type\" content=\"article\" \/>\n<meta property=\"og:title\" content=\"CER\u00c1MICA &quot;ESTA CASA ESTA ABIERTA PARA LOS BUENOS AMIGOS&quot; - Facon Argentina\" \/>\n<meta property=\"og:description\" content=\"Regi\u00f3n: Buenos Aires. Medidas: 20 cm x 30 cm.  Demora de producci\u00f3n 20 d\u00edas.  Al ser un producto artesanal, \u00e9ste puede variar en su tama\u00f1o, formas y colores, pero siempre respetando la calidad que se presenta y la utilidad para el que fue pensado.  Cualquier duda, nos pod\u00e9s contactar en info@facon.com.ar\" \/>\n<meta property=\"og:url\" content=\"https:\/\/facon.com.ar\/en\/productos\/ceramica-esta-casa-esta-abierta-para-los-buenos-amigos\/\" \/>\n<meta property=\"og:site_name\" content=\"Facon Argentina\" \/>\n<meta property=\"article:modified_time\" content=\"2026-03-29T19:23:06+00:00\" \/>\n<meta property=\"og:image\" content=\"https:\/\/facon.com.ar\/wp-content\/uploads\/ceramica.jpg\" \/>\n\t<meta property=\"og:image:width\" content=\"1125\" \/>\n\t<meta property=\"og:image:height\" content=\"1405\" \/>\n\t<meta property=\"og:image:type\" content=\"image\/jpeg\" \/>\n<meta name=\"twitter:card\" content=\"summary_large_image\" \/>\n<script type=\"application\/ld+json\" class=\"yoast-schema-graph\">{\"@context\":\"https:\\\/\\\/schema.org\",\"@graph\":[{\"@type\":\"WebPage\",\"@id\":\"https:\\\/\\\/facon.com.ar\\\/productos\\\/ceramica-esta-casa-esta-abierta-para-los-buenos-amigos\\\/\",\"url\":\"https:\\\/\\\/facon.com.ar\\\/productos\\\/ceramica-esta-casa-esta-abierta-para-los-buenos-amigos\\\/\",\"name\":\"CER\u00c1MICA \\\"ESTA CASA ESTA ABIERTA PARA LOS BUENOS AMIGOS\\\" - Facon Argentina\",\"isPartOf\":{\"@id\":\"https:\\\/\\\/facon.com.ar\\\/#website\"},\"primaryImageOfPage\":{\"@id\":\"https:\\\/\\\/facon.com.ar\\\/productos\\\/ceramica-esta-casa-esta-abierta-para-los-buenos-amigos\\\/#primaryimage\"},\"image\":{\"@id\":\"https:\\\/\\\/facon.com.ar\\\/productos\\\/ceramica-esta-casa-esta-abierta-para-los-buenos-amigos\\\/#primaryimage\"},\"thumbnailUrl\":\"https:\\\/\\\/facon.com.ar\\\/wp-content\\\/uploads\\\/ceramica.jpg\",\"datePublished\":\"2020-12-04T14:33:26+00:00\",\"dateModified\":\"2026-03-29T19:23:06+00:00\",\"breadcrumb\":{\"@id\":\"https:\\\/\\\/facon.com.ar\\\/productos\\\/ceramica-esta-casa-esta-abierta-para-los-buenos-amigos\\\/#breadcrumb\"},\"inLanguage\":\"en-US\",\"potentialAction\":[{\"@type\":\"ReadAction\",\"target\":[\"https:\\\/\\\/facon.com.ar\\\/productos\\\/ceramica-esta-casa-esta-abierta-para-los-buenos-amigos\\\/\"]}]},{\"@type\":\"ImageObject\",\"inLanguage\":\"en-US\",\"@id\":\"https:\\\/\\\/facon.com.ar\\\/productos\\\/ceramica-esta-casa-esta-abierta-para-los-buenos-amigos\\\/#primaryimage\",\"url\":\"https:\\\/\\\/facon.com.ar\\\/wp-content\\\/uploads\\\/ceramica.jpg\",\"contentUrl\":\"https:\\\/\\\/facon.com.ar\\\/wp-content\\\/uploads\\\/ceramica.jpg\",\"width\":1125,\"height\":1405},{\"@type\":\"BreadcrumbList\",\"@id\":\"https:\\\/\\\/facon.com.ar\\\/productos\\\/ceramica-esta-casa-esta-abierta-para-los-buenos-amigos\\\/#breadcrumb\",\"itemListElement\":[{\"@type\":\"ListItem\",\"position\":1,\"name\":\"Portada\",\"item\":\"https:\\\/\\\/facon.com.ar\\\/\"},{\"@type\":\"ListItem\",\"position\":2,\"name\":\"Tienda\",\"item\":\"https:\\\/\\\/facon.com.ar\\\/tienda\\\/\"},{\"@type\":\"ListItem\",\"position\":3,\"name\":\"CER\u00c1MICA \u00abESTA CASA ESTA ABIERTA PARA LOS BUENOS AMIGOS\u00bb\"}]},{\"@type\":\"WebSite\",\"@id\":\"https:\\\/\\\/facon.com.ar\\\/#website\",\"url\":\"https:\\\/\\\/facon.com.ar\\\/\",\"name\":\"Facon Argentina\",\"description\":\"Piezas \u00fanicas de artistas locales\",\"publisher\":{\"@id\":\"https:\\\/\\\/facon.com.ar\\\/#organization\"},\"potentialAction\":[{\"@type\":\"SearchAction\",\"target\":{\"@type\":\"EntryPoint\",\"urlTemplate\":\"https:\\\/\\\/facon.com.ar\\\/?s={search_term_string}\"},\"query-input\":{\"@type\":\"PropertyValueSpecification\",\"valueRequired\":true,\"valueName\":\"search_term_string\"}}],\"inLanguage\":\"en-US\"},{\"@type\":\"Organization\",\"@id\":\"https:\\\/\\\/facon.com.ar\\\/#organization\",\"name\":\"Facon Argentina\",\"url\":\"https:\\\/\\\/facon.com.ar\\\/\",\"logo\":{\"@type\":\"ImageObject\",\"inLanguage\":\"en-US\",\"@id\":\"https:\\\/\\\/facon.com.ar\\\/#\\\/schema\\\/logo\\\/image\\\/\",\"url\":\"https:\\\/\\\/facon.com.ar\\\/wp-content\\\/uploads\\\/logo-t.png\",\"contentUrl\":\"https:\\\/\\\/facon.com.ar\\\/wp-content\\\/uploads\\\/logo-t.png\",\"width\":955,\"height\":793,\"caption\":\"Facon Argentina\"},\"image\":{\"@id\":\"https:\\\/\\\/facon.com.ar\\\/#\\\/schema\\\/logo\\\/image\\\/\"}}]}<\/script>\n<!-- \/ Yoast SEO plugin. -->","yoast_head_json":{"title":"CER\u00c1MICA \"ESTA CASA ESTA ABIERTA PARA LOS BUENOS AMIGOS\" - Facon Argentina","robots":{"index":"index","follow":"follow","max-snippet":"max-snippet:-1","max-image-preview":"max-image-preview:large","max-video-preview":"max-video-preview:-1"},"canonical":"https:\/\/facon.com.ar\/en\/productos\/ceramica-esta-casa-esta-abierta-para-los-buenos-amigos\/","og_locale":"en_US","og_type":"article","og_title":"CER\u00c1MICA \"ESTA CASA ESTA ABIERTA PARA LOS BUENOS AMIGOS\" - Facon Argentina","og_description":"Regi\u00f3n: Buenos Aires. Medidas: 20 cm x 30 cm.  Demora de producci\u00f3n 20 d\u00edas.  Al ser un producto artesanal, \u00e9ste puede variar en su tama\u00f1o, formas y colores, pero siempre respetando la calidad que se presenta y la utilidad para el que fue pensado.  Cualquier duda, nos pod\u00e9s contactar en info@facon.com.ar","og_url":"https:\/\/facon.com.ar\/en\/productos\/ceramica-esta-casa-esta-abierta-para-los-buenos-amigos\/","og_site_name":"Facon Argentina","article_modified_time":"2026-03-29T19:23:06+00:00","og_image":[{"width":1125,"height":1405,"url":"https:\/\/facon.com.ar\/wp-content\/uploads\/ceramica.jpg","type":"image\/jpeg"}],"twitter_card":"summary_large_image","schema":{"@context":"https:\/\/schema.org","@graph":[{"@type":"WebPage","@id":"https:\/\/facon.com.ar\/productos\/ceramica-esta-casa-esta-abierta-para-los-buenos-amigos\/","url":"https:\/\/facon.com.ar\/productos\/ceramica-esta-casa-esta-abierta-para-los-buenos-amigos\/","name":"CER\u00c1MICA \"ESTA CASA ESTA ABIERTA PARA LOS BUENOS AMIGOS\" - Facon Argentina","isPartOf":{"@id":"https:\/\/facon.com.ar\/#website"},"primaryImageOfPage":{"@id":"https:\/\/facon.com.ar\/productos\/ceramica-esta-casa-esta-abierta-para-los-buenos-amigos\/#primaryimage"},"image":{"@id":"https:\/\/facon.com.ar\/productos\/ceramica-esta-casa-esta-abierta-para-los-buenos-amigos\/#primaryimage"},"thumbnailUrl":"https:\/\/facon.com.ar\/wp-content\/uploads\/ceramica.jpg","datePublished":"2020-12-04T14:33:26+00:00","dateModified":"2026-03-29T19:23:06+00:00","breadcrumb":{"@id":"https:\/\/facon.com.ar\/productos\/ceramica-esta-casa-esta-abierta-para-los-buenos-amigos\/#breadcrumb"},"inLanguage":"en-US","potentialAction":[{"@type":"ReadAction","target":["https:\/\/facon.com.ar\/productos\/ceramica-esta-casa-esta-abierta-para-los-buenos-amigos\/"]}]},{"@type":"ImageObject","inLanguage":"en-US","@id":"https:\/\/facon.com.ar\/productos\/ceramica-esta-casa-esta-abierta-para-los-buenos-amigos\/#primaryimage","url":"https:\/\/facon.com.ar\/wp-content\/uploads\/ceramica.jpg","contentUrl":"https:\/\/facon.com.ar\/wp-content\/uploads\/ceramica.jpg","width":1125,"height":1405},{"@type":"BreadcrumbList","@id":"https:\/\/facon.com.ar\/productos\/ceramica-esta-casa-esta-abierta-para-los-buenos-amigos\/#breadcrumb","itemListElement":[{"@type":"ListItem","position":1,"name":"Portada","item":"https:\/\/facon.com.ar\/"},{"@type":"ListItem","position":2,"name":"Tienda","item":"https:\/\/facon.com.ar\/tienda\/"},{"@type":"ListItem","position":3,"name":"CER\u00c1MICA \u00abESTA CASA ESTA ABIERTA PARA LOS BUENOS AMIGOS\u00bb"}]},{"@type":"WebSite","@id":"https:\/\/facon.com.ar\/#website","url":"https:\/\/facon.com.ar\/","name":"Facon Argentina","description":"Piezas \u00fanicas de artistas locales","publisher":{"@id":"https:\/\/facon.com.ar\/#organization"},"potentialAction":[{"@type":"SearchAction","target":{"@type":"EntryPoint","urlTemplate":"https:\/\/facon.com.ar\/?s={search_term_string}"},"query-input":{"@type":"PropertyValueSpecification","valueRequired":true,"valueName":"search_term_string"}}],"inLanguage":"en-US"},{"@type":"Organization","@id":"https:\/\/facon.com.ar\/#organization","name":"Facon Argentina","url":"https:\/\/facon.com.ar\/","logo":{"@type":"ImageObject","inLanguage":"en-US","@id":"https:\/\/facon.com.ar\/#\/schema\/logo\/image\/","url":"https:\/\/facon.com.ar\/wp-content\/uploads\/logo-t.png","contentUrl":"https:\/\/facon.com.ar\/wp-content\/uploads\/logo-t.png","width":955,"height":793,"caption":"Facon Argentina"},"image":{"@id":"https:\/\/facon.com.ar\/#\/schema\/logo\/image\/"}}]}},"_links":{"self":[{"href":"https:\/\/facon.com.ar\/en\/wp-json\/wp\/v2\/product\/12705","targetHints":{"allow":["GET"]}}],"collection":[{"href":"https:\/\/facon.com.ar\/en\/wp-json\/wp\/v2\/product"}],"about":[{"href":"https:\/\/facon.com.ar\/en\/wp-json\/wp\/v2\/types\/product"}],"version-history":[{"count":3,"href":"https:\/\/facon.com.ar\/en\/wp-json\/wp\/v2\/product\/12705\/revisions"}],"predecessor-version":[{"id":112847,"href":"https:\/\/facon.com.ar\/en\/wp-json\/wp\/v2\/product\/12705\/revisions\/112847"}],"wp:featuredmedia":[{"embeddable":true,"href":"https:\/\/facon.com.ar\/en\/wp-json\/wp\/v2\/media\/13398"}],"wp:attachment":[{"href":"https:\/\/facon.com.ar\/en\/wp-json\/wp\/v2\/media?parent=12705"}],"wp:term":[{"taxonomy":"product_brand","embeddable":true,"href":"https:\/\/facon.com.ar\/en\/wp-json\/wp\/v2\/product_brand?post=12705"},{"taxonomy":"product_cat","embeddable":true,"href":"https:\/\/facon.com.ar\/en\/wp-json\/wp\/v2\/product_cat?post=12705"},{"taxonomy":"product_tag","embeddable":true,"href":"https:\/\/facon.com.ar\/en\/wp-json\/wp\/v2\/product_tag?post=12705"}],"curies":[{"name":"wp","href":"https:\/\/api.w.org\/{rel}","templated":true}]}}