{"id":112411,"date":"2023-01-11T20:20:21","date_gmt":"2023-01-11T23:20:21","guid":{"rendered":"https:\/\/facon.com.ar\/?post_type=product&#038;p=112411"},"modified":"2026-02-14T18:44:20","modified_gmt":"2026-02-14T21:44:20","slug":"tapiz-bordado-republica-argentina","status":"publish","type":"product","link":"https:\/\/facon.com.ar\/en\/productos\/tapiz-bordado-republica-argentina\/","title":{"rendered":"TAPIZ BORDADO REP\u00daBLICA ARGENTINA"},"content":{"rendered":"","protected":false},"excerpt":{"rendered":"<p class=\"\">Tapiz Bordado de escudo Rep\u00fablica Argentina.<\/p>\n<p class=\"\">Size: 60cm x 80cm approx.<\/p>\n<p class=\"\">Production time: 60 days +\/-<\/p>\n<p class=\"\">Region: Catamarca<\/p>\n<p>Any questions, you can contact us at <a href=\"mailto:info@facon.com.ar\">info@facon.com.ar<\/a><\/p>","protected":false},"featured_media":112413,"template":"","meta":{"_acf_changed":false},"product_brand":[],"product_cat":[21,22],"product_tag":[36,33,34,93,69,41,42,40,39,43,37],"class_list":{"0":"post-112411","1":"product","2":"type-product","3":"status-publish","4":"has-post-thumbnail","6":"product_cat-textil-cuero","7":"product_cat-wall-art","8":"product_tag-argentina","9":"product_tag-bandera","10":"product_tag-bandera-pintada-a-mano","11":"product_tag-bordado","12":"product_tag-bordados","13":"product_tag-escudo-nacional","14":"product_tag-escudos-provinciales","15":"product_tag-handmade","16":"product_tag-hecho-a-mano","17":"product_tag-provincias-argentinas","18":"product_tag-wall-art","20":"first","21":"onbackorder","22":"shipping-taxable","23":"purchasable","24":"product-type-simple"},"acf":[],"yoast_head":"<!-- This site is optimized with the Yoast SEO plugin v27.3 - https:\/\/yoast.com\/product\/yoast-seo-wordpress\/ -->\n<title>TAPIZ BORDADO REP\u00daBLICA ARGENTINA - Facon Argentina<\/title>\n<meta name=\"robots\" content=\"index, follow, max-snippet:-1, max-image-preview:large, max-video-preview:-1\" \/>\n<link rel=\"canonical\" href=\"https:\/\/facon.com.ar\/en\/productos\/tapiz-bordado-republica-argentina\/\" \/>\n<meta property=\"og:locale\" content=\"en_US\" \/>\n<meta property=\"og:type\" content=\"article\" \/>\n<meta property=\"og:title\" content=\"TAPIZ BORDADO REP\u00daBLICA ARGENTINA - Facon Argentina\" \/>\n<meta property=\"og:description\" content=\"Tapiz Bordado de escudo Rep\u00fablica Argentina. Tama\u00f1o: 60 cm x 80 cm aproximadamente. Tiempo de producci\u00f3n: 60 d\u00edas +\/- Regi\u00f3n: Catamarca. Cualquier duda, nos pod\u00e9s contactar en info@facon.com.ar\" \/>\n<meta property=\"og:url\" content=\"https:\/\/facon.com.ar\/en\/productos\/tapiz-bordado-republica-argentina\/\" \/>\n<meta property=\"og:site_name\" content=\"Facon Argentina\" \/>\n<meta property=\"article:modified_time\" content=\"2026-02-14T21:44:20+00:00\" \/>\n<meta property=\"og:image\" content=\"https:\/\/facon.com.ar\/wp-content\/uploads\/Bordado-Republica-Argentina.jpeg\" \/>\n\t<meta property=\"og:image:width\" content=\"872\" \/>\n\t<meta property=\"og:image:height\" content=\"1024\" \/>\n\t<meta property=\"og:image:type\" content=\"image\/jpeg\" \/>\n<meta name=\"twitter:card\" content=\"summary_large_image\" \/>\n<script type=\"application\/ld+json\" class=\"yoast-schema-graph\">{\"@context\":\"https:\\\/\\\/schema.org\",\"@graph\":[{\"@type\":\"WebPage\",\"@id\":\"https:\\\/\\\/facon.com.ar\\\/productos\\\/tapiz-bordado-republica-argentina\\\/\",\"url\":\"https:\\\/\\\/facon.com.ar\\\/productos\\\/tapiz-bordado-republica-argentina\\\/\",\"name\":\"TAPIZ BORDADO REP\u00daBLICA ARGENTINA - Facon Argentina\",\"isPartOf\":{\"@id\":\"https:\\\/\\\/facon.com.ar\\\/#website\"},\"primaryImageOfPage\":{\"@id\":\"https:\\\/\\\/facon.com.ar\\\/productos\\\/tapiz-bordado-republica-argentina\\\/#primaryimage\"},\"image\":{\"@id\":\"https:\\\/\\\/facon.com.ar\\\/productos\\\/tapiz-bordado-republica-argentina\\\/#primaryimage\"},\"thumbnailUrl\":\"https:\\\/\\\/facon.com.ar\\\/wp-content\\\/uploads\\\/Bordado-Republica-Argentina.jpeg\",\"datePublished\":\"2023-01-11T23:20:21+00:00\",\"dateModified\":\"2026-02-14T21:44:20+00:00\",\"breadcrumb\":{\"@id\":\"https:\\\/\\\/facon.com.ar\\\/productos\\\/tapiz-bordado-republica-argentina\\\/#breadcrumb\"},\"inLanguage\":\"en-US\",\"potentialAction\":[{\"@type\":\"ReadAction\",\"target\":[\"https:\\\/\\\/facon.com.ar\\\/productos\\\/tapiz-bordado-republica-argentina\\\/\"]}]},{\"@type\":\"ImageObject\",\"inLanguage\":\"en-US\",\"@id\":\"https:\\\/\\\/facon.com.ar\\\/productos\\\/tapiz-bordado-republica-argentina\\\/#primaryimage\",\"url\":\"https:\\\/\\\/facon.com.ar\\\/wp-content\\\/uploads\\\/Bordado-Republica-Argentina.jpeg\",\"contentUrl\":\"https:\\\/\\\/facon.com.ar\\\/wp-content\\\/uploads\\\/Bordado-Republica-Argentina.jpeg\",\"width\":872,\"height\":1024},{\"@type\":\"BreadcrumbList\",\"@id\":\"https:\\\/\\\/facon.com.ar\\\/productos\\\/tapiz-bordado-republica-argentina\\\/#breadcrumb\",\"itemListElement\":[{\"@type\":\"ListItem\",\"position\":1,\"name\":\"Portada\",\"item\":\"https:\\\/\\\/facon.com.ar\\\/\"},{\"@type\":\"ListItem\",\"position\":2,\"name\":\"Tienda\",\"item\":\"https:\\\/\\\/facon.com.ar\\\/tienda\\\/\"},{\"@type\":\"ListItem\",\"position\":3,\"name\":\"TAPIZ BORDADO REP\u00daBLICA ARGENTINA\"}]},{\"@type\":\"WebSite\",\"@id\":\"https:\\\/\\\/facon.com.ar\\\/#website\",\"url\":\"https:\\\/\\\/facon.com.ar\\\/\",\"name\":\"Facon Argentina\",\"description\":\"Piezas \u00fanicas de artistas locales\",\"publisher\":{\"@id\":\"https:\\\/\\\/facon.com.ar\\\/#organization\"},\"potentialAction\":[{\"@type\":\"SearchAction\",\"target\":{\"@type\":\"EntryPoint\",\"urlTemplate\":\"https:\\\/\\\/facon.com.ar\\\/?s={search_term_string}\"},\"query-input\":{\"@type\":\"PropertyValueSpecification\",\"valueRequired\":true,\"valueName\":\"search_term_string\"}}],\"inLanguage\":\"en-US\"},{\"@type\":\"Organization\",\"@id\":\"https:\\\/\\\/facon.com.ar\\\/#organization\",\"name\":\"Facon Argentina\",\"url\":\"https:\\\/\\\/facon.com.ar\\\/\",\"logo\":{\"@type\":\"ImageObject\",\"inLanguage\":\"en-US\",\"@id\":\"https:\\\/\\\/facon.com.ar\\\/#\\\/schema\\\/logo\\\/image\\\/\",\"url\":\"https:\\\/\\\/facon.com.ar\\\/wp-content\\\/uploads\\\/logo-t.png\",\"contentUrl\":\"https:\\\/\\\/facon.com.ar\\\/wp-content\\\/uploads\\\/logo-t.png\",\"width\":955,\"height\":793,\"caption\":\"Facon Argentina\"},\"image\":{\"@id\":\"https:\\\/\\\/facon.com.ar\\\/#\\\/schema\\\/logo\\\/image\\\/\"}}]}<\/script>\n<!-- \/ Yoast SEO plugin. -->","yoast_head_json":{"title":"TAPIZ BORDADO REP\u00daBLICA ARGENTINA - Facon Argentina","robots":{"index":"index","follow":"follow","max-snippet":"max-snippet:-1","max-image-preview":"max-image-preview:large","max-video-preview":"max-video-preview:-1"},"canonical":"https:\/\/facon.com.ar\/en\/productos\/tapiz-bordado-republica-argentina\/","og_locale":"en_US","og_type":"article","og_title":"TAPIZ BORDADO REP\u00daBLICA ARGENTINA - Facon Argentina","og_description":"Tapiz Bordado de escudo Rep\u00fablica Argentina. Tama\u00f1o: 60 cm x 80 cm aproximadamente. Tiempo de producci\u00f3n: 60 d\u00edas +\/- Regi\u00f3n: Catamarca. Cualquier duda, nos pod\u00e9s contactar en info@facon.com.ar","og_url":"https:\/\/facon.com.ar\/en\/productos\/tapiz-bordado-republica-argentina\/","og_site_name":"Facon Argentina","article_modified_time":"2026-02-14T21:44:20+00:00","og_image":[{"width":872,"height":1024,"url":"https:\/\/facon.com.ar\/wp-content\/uploads\/Bordado-Republica-Argentina.jpeg","type":"image\/jpeg"}],"twitter_card":"summary_large_image","schema":{"@context":"https:\/\/schema.org","@graph":[{"@type":"WebPage","@id":"https:\/\/facon.com.ar\/productos\/tapiz-bordado-republica-argentina\/","url":"https:\/\/facon.com.ar\/productos\/tapiz-bordado-republica-argentina\/","name":"TAPIZ BORDADO REP\u00daBLICA ARGENTINA - Facon Argentina","isPartOf":{"@id":"https:\/\/facon.com.ar\/#website"},"primaryImageOfPage":{"@id":"https:\/\/facon.com.ar\/productos\/tapiz-bordado-republica-argentina\/#primaryimage"},"image":{"@id":"https:\/\/facon.com.ar\/productos\/tapiz-bordado-republica-argentina\/#primaryimage"},"thumbnailUrl":"https:\/\/facon.com.ar\/wp-content\/uploads\/Bordado-Republica-Argentina.jpeg","datePublished":"2023-01-11T23:20:21+00:00","dateModified":"2026-02-14T21:44:20+00:00","breadcrumb":{"@id":"https:\/\/facon.com.ar\/productos\/tapiz-bordado-republica-argentina\/#breadcrumb"},"inLanguage":"en-US","potentialAction":[{"@type":"ReadAction","target":["https:\/\/facon.com.ar\/productos\/tapiz-bordado-republica-argentina\/"]}]},{"@type":"ImageObject","inLanguage":"en-US","@id":"https:\/\/facon.com.ar\/productos\/tapiz-bordado-republica-argentina\/#primaryimage","url":"https:\/\/facon.com.ar\/wp-content\/uploads\/Bordado-Republica-Argentina.jpeg","contentUrl":"https:\/\/facon.com.ar\/wp-content\/uploads\/Bordado-Republica-Argentina.jpeg","width":872,"height":1024},{"@type":"BreadcrumbList","@id":"https:\/\/facon.com.ar\/productos\/tapiz-bordado-republica-argentina\/#breadcrumb","itemListElement":[{"@type":"ListItem","position":1,"name":"Portada","item":"https:\/\/facon.com.ar\/"},{"@type":"ListItem","position":2,"name":"Tienda","item":"https:\/\/facon.com.ar\/tienda\/"},{"@type":"ListItem","position":3,"name":"TAPIZ BORDADO REP\u00daBLICA ARGENTINA"}]},{"@type":"WebSite","@id":"https:\/\/facon.com.ar\/#website","url":"https:\/\/facon.com.ar\/","name":"Facon Argentina","description":"Piezas \u00fanicas de artistas locales","publisher":{"@id":"https:\/\/facon.com.ar\/#organization"},"potentialAction":[{"@type":"SearchAction","target":{"@type":"EntryPoint","urlTemplate":"https:\/\/facon.com.ar\/?s={search_term_string}"},"query-input":{"@type":"PropertyValueSpecification","valueRequired":true,"valueName":"search_term_string"}}],"inLanguage":"en-US"},{"@type":"Organization","@id":"https:\/\/facon.com.ar\/#organization","name":"Facon Argentina","url":"https:\/\/facon.com.ar\/","logo":{"@type":"ImageObject","inLanguage":"en-US","@id":"https:\/\/facon.com.ar\/#\/schema\/logo\/image\/","url":"https:\/\/facon.com.ar\/wp-content\/uploads\/logo-t.png","contentUrl":"https:\/\/facon.com.ar\/wp-content\/uploads\/logo-t.png","width":955,"height":793,"caption":"Facon Argentina"},"image":{"@id":"https:\/\/facon.com.ar\/#\/schema\/logo\/image\/"}}]}},"_links":{"self":[{"href":"https:\/\/facon.com.ar\/en\/wp-json\/wp\/v2\/product\/112411","targetHints":{"allow":["GET"]}}],"collection":[{"href":"https:\/\/facon.com.ar\/en\/wp-json\/wp\/v2\/product"}],"about":[{"href":"https:\/\/facon.com.ar\/en\/wp-json\/wp\/v2\/types\/product"}],"version-history":[{"count":4,"href":"https:\/\/facon.com.ar\/en\/wp-json\/wp\/v2\/product\/112411\/revisions"}],"predecessor-version":[{"id":112835,"href":"https:\/\/facon.com.ar\/en\/wp-json\/wp\/v2\/product\/112411\/revisions\/112835"}],"wp:featuredmedia":[{"embeddable":true,"href":"https:\/\/facon.com.ar\/en\/wp-json\/wp\/v2\/media\/112413"}],"wp:attachment":[{"href":"https:\/\/facon.com.ar\/en\/wp-json\/wp\/v2\/media?parent=112411"}],"wp:term":[{"taxonomy":"product_brand","embeddable":true,"href":"https:\/\/facon.com.ar\/en\/wp-json\/wp\/v2\/product_brand?post=112411"},{"taxonomy":"product_cat","embeddable":true,"href":"https:\/\/facon.com.ar\/en\/wp-json\/wp\/v2\/product_cat?post=112411"},{"taxonomy":"product_tag","embeddable":true,"href":"https:\/\/facon.com.ar\/en\/wp-json\/wp\/v2\/product_tag?post=112411"}],"curies":[{"name":"wp","href":"https:\/\/api.w.org\/{rel}","templated":true}]}}