{"id":1068,"date":"2020-08-09T16:12:42","date_gmt":"2020-08-09T19:12:42","guid":{"rendered":"https:\/\/facon.com.ar\/?post_type=product&#038;p=1068"},"modified":"2025-11-14T12:08:36","modified_gmt":"2025-11-14T15:08:36","slug":"pachamama","status":"publish","type":"product","link":"https:\/\/facon.com.ar\/en\/productos\/pachamama\/","title":{"rendered":"PACHAMAMA"},"content":{"rendered":"","protected":false},"excerpt":{"rendered":"<p>Region: Buenos Aires.<\/p>\n<p class=\"\">Material: Ceramic.<\/p>\n<p>Being a handcrafted product, it can vary in size, shapes and colors, but always respecting the quality it is presented and the usefulness for which it was designed.<\/p>\n<p>Any questions, you can contact us at\u00a0<a href=\"mailto:info@facon.com.ar\">info@facon.com.ar<\/a><\/p>","protected":false},"featured_media":13348,"template":"","meta":{"_acf_changed":false},"product_brand":[],"product_cat":[20],"product_tag":[114,126,40,39,29,79],"class_list":{"0":"post-1068","1":"product","2":"type-product","3":"status-publish","4":"has-post-thumbnail","6":"product_cat-hogar-deco","7":"product_tag-artesanal","8":"product_tag-deco","9":"product_tag-handmade","10":"product_tag-hecho-a-mano","11":"product_tag-home","12":"product_tag-pachamama","14":"first","15":"instock","16":"shipping-taxable","17":"purchasable","18":"product-type-variable"},"acf":[],"yoast_head":"<!-- This site is optimized with the Yoast SEO plugin v27.3 - https:\/\/yoast.com\/product\/yoast-seo-wordpress\/ -->\n<title>PACHAMAMA - Facon Argentina<\/title>\n<meta name=\"robots\" content=\"index, follow, max-snippet:-1, max-image-preview:large, max-video-preview:-1\" \/>\n<link rel=\"canonical\" href=\"https:\/\/facon.com.ar\/en\/productos\/pachamama\/\" \/>\n<meta property=\"og:locale\" content=\"en_US\" \/>\n<meta property=\"og:type\" content=\"article\" \/>\n<meta property=\"og:title\" content=\"PACHAMAMA - Facon Argentina\" \/>\n<meta property=\"og:description\" content=\"Regi\u00f3n: Buenos Aires. Material: Cer\u00e1mica. Al ser un producto artesanal, \u00e9ste puede variar en su tama\u00f1o, formas y colores, pero siempre respetando la calidad que se presenta y la utilidad para el que fue pensado.  Cualquier duda, nos pod\u00e9s contactar en\u00a0info@facon.com.ar\" \/>\n<meta property=\"og:url\" content=\"https:\/\/facon.com.ar\/en\/productos\/pachamama\/\" \/>\n<meta property=\"og:site_name\" content=\"Facon Argentina\" \/>\n<meta property=\"article:modified_time\" content=\"2025-11-14T15:08:36+00:00\" \/>\n<meta property=\"og:image\" content=\"https:\/\/facon.com.ar\/wp-content\/uploads\/PACHAMAMA.....jpg\" \/>\n\t<meta property=\"og:image:width\" content=\"1125\" \/>\n\t<meta property=\"og:image:height\" content=\"1399\" \/>\n\t<meta property=\"og:image:type\" content=\"image\/jpeg\" \/>\n<meta name=\"twitter:card\" content=\"summary_large_image\" \/>\n<script type=\"application\/ld+json\" class=\"yoast-schema-graph\">{\"@context\":\"https:\\\/\\\/schema.org\",\"@graph\":[{\"@type\":\"WebPage\",\"@id\":\"https:\\\/\\\/facon.com.ar\\\/productos\\\/pachamama\\\/\",\"url\":\"https:\\\/\\\/facon.com.ar\\\/productos\\\/pachamama\\\/\",\"name\":\"PACHAMAMA - Facon Argentina\",\"isPartOf\":{\"@id\":\"https:\\\/\\\/facon.com.ar\\\/#website\"},\"primaryImageOfPage\":{\"@id\":\"https:\\\/\\\/facon.com.ar\\\/productos\\\/pachamama\\\/#primaryimage\"},\"image\":{\"@id\":\"https:\\\/\\\/facon.com.ar\\\/productos\\\/pachamama\\\/#primaryimage\"},\"thumbnailUrl\":\"https:\\\/\\\/facon.com.ar\\\/wp-content\\\/uploads\\\/PACHAMAMA.....jpg\",\"datePublished\":\"2020-08-09T19:12:42+00:00\",\"dateModified\":\"2025-11-14T15:08:36+00:00\",\"breadcrumb\":{\"@id\":\"https:\\\/\\\/facon.com.ar\\\/productos\\\/pachamama\\\/#breadcrumb\"},\"inLanguage\":\"en-US\",\"potentialAction\":[{\"@type\":\"ReadAction\",\"target\":[\"https:\\\/\\\/facon.com.ar\\\/productos\\\/pachamama\\\/\"]}]},{\"@type\":\"ImageObject\",\"inLanguage\":\"en-US\",\"@id\":\"https:\\\/\\\/facon.com.ar\\\/productos\\\/pachamama\\\/#primaryimage\",\"url\":\"https:\\\/\\\/facon.com.ar\\\/wp-content\\\/uploads\\\/PACHAMAMA.....jpg\",\"contentUrl\":\"https:\\\/\\\/facon.com.ar\\\/wp-content\\\/uploads\\\/PACHAMAMA.....jpg\",\"width\":1125,\"height\":1399},{\"@type\":\"BreadcrumbList\",\"@id\":\"https:\\\/\\\/facon.com.ar\\\/productos\\\/pachamama\\\/#breadcrumb\",\"itemListElement\":[{\"@type\":\"ListItem\",\"position\":1,\"name\":\"Portada\",\"item\":\"https:\\\/\\\/facon.com.ar\\\/\"},{\"@type\":\"ListItem\",\"position\":2,\"name\":\"Tienda\",\"item\":\"https:\\\/\\\/facon.com.ar\\\/tienda\\\/\"},{\"@type\":\"ListItem\",\"position\":3,\"name\":\"PACHAMAMA\"}]},{\"@type\":\"WebSite\",\"@id\":\"https:\\\/\\\/facon.com.ar\\\/#website\",\"url\":\"https:\\\/\\\/facon.com.ar\\\/\",\"name\":\"Facon Argentina\",\"description\":\"Piezas \u00fanicas de artistas locales\",\"publisher\":{\"@id\":\"https:\\\/\\\/facon.com.ar\\\/#organization\"},\"potentialAction\":[{\"@type\":\"SearchAction\",\"target\":{\"@type\":\"EntryPoint\",\"urlTemplate\":\"https:\\\/\\\/facon.com.ar\\\/?s={search_term_string}\"},\"query-input\":{\"@type\":\"PropertyValueSpecification\",\"valueRequired\":true,\"valueName\":\"search_term_string\"}}],\"inLanguage\":\"en-US\"},{\"@type\":\"Organization\",\"@id\":\"https:\\\/\\\/facon.com.ar\\\/#organization\",\"name\":\"Facon Argentina\",\"url\":\"https:\\\/\\\/facon.com.ar\\\/\",\"logo\":{\"@type\":\"ImageObject\",\"inLanguage\":\"en-US\",\"@id\":\"https:\\\/\\\/facon.com.ar\\\/#\\\/schema\\\/logo\\\/image\\\/\",\"url\":\"https:\\\/\\\/facon.com.ar\\\/wp-content\\\/uploads\\\/logo-t.png\",\"contentUrl\":\"https:\\\/\\\/facon.com.ar\\\/wp-content\\\/uploads\\\/logo-t.png\",\"width\":955,\"height\":793,\"caption\":\"Facon Argentina\"},\"image\":{\"@id\":\"https:\\\/\\\/facon.com.ar\\\/#\\\/schema\\\/logo\\\/image\\\/\"}}]}<\/script>\n<!-- \/ Yoast SEO plugin. -->","yoast_head_json":{"title":"PACHAMAMA - Facon Argentina","robots":{"index":"index","follow":"follow","max-snippet":"max-snippet:-1","max-image-preview":"max-image-preview:large","max-video-preview":"max-video-preview:-1"},"canonical":"https:\/\/facon.com.ar\/en\/productos\/pachamama\/","og_locale":"en_US","og_type":"article","og_title":"PACHAMAMA - Facon Argentina","og_description":"Regi\u00f3n: Buenos Aires. Material: Cer\u00e1mica. Al ser un producto artesanal, \u00e9ste puede variar en su tama\u00f1o, formas y colores, pero siempre respetando la calidad que se presenta y la utilidad para el que fue pensado.  Cualquier duda, nos pod\u00e9s contactar en\u00a0info@facon.com.ar","og_url":"https:\/\/facon.com.ar\/en\/productos\/pachamama\/","og_site_name":"Facon Argentina","article_modified_time":"2025-11-14T15:08:36+00:00","og_image":[{"width":1125,"height":1399,"url":"https:\/\/facon.com.ar\/wp-content\/uploads\/PACHAMAMA.....jpg","type":"image\/jpeg"}],"twitter_card":"summary_large_image","schema":{"@context":"https:\/\/schema.org","@graph":[{"@type":"WebPage","@id":"https:\/\/facon.com.ar\/productos\/pachamama\/","url":"https:\/\/facon.com.ar\/productos\/pachamama\/","name":"PACHAMAMA - Facon Argentina","isPartOf":{"@id":"https:\/\/facon.com.ar\/#website"},"primaryImageOfPage":{"@id":"https:\/\/facon.com.ar\/productos\/pachamama\/#primaryimage"},"image":{"@id":"https:\/\/facon.com.ar\/productos\/pachamama\/#primaryimage"},"thumbnailUrl":"https:\/\/facon.com.ar\/wp-content\/uploads\/PACHAMAMA.....jpg","datePublished":"2020-08-09T19:12:42+00:00","dateModified":"2025-11-14T15:08:36+00:00","breadcrumb":{"@id":"https:\/\/facon.com.ar\/productos\/pachamama\/#breadcrumb"},"inLanguage":"en-US","potentialAction":[{"@type":"ReadAction","target":["https:\/\/facon.com.ar\/productos\/pachamama\/"]}]},{"@type":"ImageObject","inLanguage":"en-US","@id":"https:\/\/facon.com.ar\/productos\/pachamama\/#primaryimage","url":"https:\/\/facon.com.ar\/wp-content\/uploads\/PACHAMAMA.....jpg","contentUrl":"https:\/\/facon.com.ar\/wp-content\/uploads\/PACHAMAMA.....jpg","width":1125,"height":1399},{"@type":"BreadcrumbList","@id":"https:\/\/facon.com.ar\/productos\/pachamama\/#breadcrumb","itemListElement":[{"@type":"ListItem","position":1,"name":"Portada","item":"https:\/\/facon.com.ar\/"},{"@type":"ListItem","position":2,"name":"Tienda","item":"https:\/\/facon.com.ar\/tienda\/"},{"@type":"ListItem","position":3,"name":"PACHAMAMA"}]},{"@type":"WebSite","@id":"https:\/\/facon.com.ar\/#website","url":"https:\/\/facon.com.ar\/","name":"Facon Argentina","description":"Piezas \u00fanicas de artistas locales","publisher":{"@id":"https:\/\/facon.com.ar\/#organization"},"potentialAction":[{"@type":"SearchAction","target":{"@type":"EntryPoint","urlTemplate":"https:\/\/facon.com.ar\/?s={search_term_string}"},"query-input":{"@type":"PropertyValueSpecification","valueRequired":true,"valueName":"search_term_string"}}],"inLanguage":"en-US"},{"@type":"Organization","@id":"https:\/\/facon.com.ar\/#organization","name":"Facon Argentina","url":"https:\/\/facon.com.ar\/","logo":{"@type":"ImageObject","inLanguage":"en-US","@id":"https:\/\/facon.com.ar\/#\/schema\/logo\/image\/","url":"https:\/\/facon.com.ar\/wp-content\/uploads\/logo-t.png","contentUrl":"https:\/\/facon.com.ar\/wp-content\/uploads\/logo-t.png","width":955,"height":793,"caption":"Facon Argentina"},"image":{"@id":"https:\/\/facon.com.ar\/#\/schema\/logo\/image\/"}}]}},"_links":{"self":[{"href":"https:\/\/facon.com.ar\/en\/wp-json\/wp\/v2\/product\/1068","targetHints":{"allow":["GET"]}}],"collection":[{"href":"https:\/\/facon.com.ar\/en\/wp-json\/wp\/v2\/product"}],"about":[{"href":"https:\/\/facon.com.ar\/en\/wp-json\/wp\/v2\/types\/product"}],"version-history":[{"count":2,"href":"https:\/\/facon.com.ar\/en\/wp-json\/wp\/v2\/product\/1068\/revisions"}],"predecessor-version":[{"id":112653,"href":"https:\/\/facon.com.ar\/en\/wp-json\/wp\/v2\/product\/1068\/revisions\/112653"}],"wp:featuredmedia":[{"embeddable":true,"href":"https:\/\/facon.com.ar\/en\/wp-json\/wp\/v2\/media\/13348"}],"wp:attachment":[{"href":"https:\/\/facon.com.ar\/en\/wp-json\/wp\/v2\/media?parent=1068"}],"wp:term":[{"taxonomy":"product_brand","embeddable":true,"href":"https:\/\/facon.com.ar\/en\/wp-json\/wp\/v2\/product_brand?post=1068"},{"taxonomy":"product_cat","embeddable":true,"href":"https:\/\/facon.com.ar\/en\/wp-json\/wp\/v2\/product_cat?post=1068"},{"taxonomy":"product_tag","embeddable":true,"href":"https:\/\/facon.com.ar\/en\/wp-json\/wp\/v2\/product_tag?post=1068"}],"curies":[{"name":"wp","href":"https:\/\/api.w.org\/{rel}","templated":true}]}}