{"id":1014,"date":"2020-08-09T00:27:29","date_gmt":"2020-08-09T03:27:29","guid":{"rendered":"https:\/\/facon.com.ar\/?post_type=product&#038;p=1014"},"modified":"2025-09-08T14:05:17","modified_gmt":"2025-09-08T17:05:17","slug":"mascaras-de-chane","status":"publish","type":"product","link":"https:\/\/facon.com.ar\/en\/productos\/mascaras-de-chane\/","title":{"rendered":"M\u00c1SCARAS DE CHAN\u00c9"},"content":{"rendered":"","protected":false},"excerpt":{"rendered":"<p class=\"\">Region: Salta<\/p>\n<p class=\"\">Variety of animals. Check available.<\/p>\n<p class=\"\">When the roads began to be built in the region, many animals died. Some members of the Chan\u00e9 ethnic group began to make their animal masks to maintain their spirits. To make them, they use drunk wood and natural pigments to give them color.<\/p>\n<p>Being a handcrafted product, it can vary in size, shapes and colors, but always respecting the quality it is presented and the usefulness for which it was designed.<\/p>\n<p>Any questions, you can contact us at <a href=\"mailto:info@facon.com.ar\">info@facon.com.ar<\/a><\/p>","protected":false},"featured_media":91211,"template":"","meta":{"_acf_changed":false},"product_brand":[],"product_cat":[20],"product_tag":[53,54,107,40,39,108,63,55,58,59,56,47],"class_list":{"0":"post-1014","1":"product","2":"type-product","3":"status-publish","4":"has-post-thumbnail","6":"product_cat-hogar-deco","7":"product_tag-animales","8":"product_tag-animales-tallados","9":"product_tag-chane","10":"product_tag-handmade","11":"product_tag-hecho-a-mano","12":"product_tag-mascaras","13":"product_tag-mascaras-de-chane","14":"product_tag-piezas-unicas","15":"product_tag-tallado-a-mano","16":"product_tag-tintes-naturales","17":"product_tag-unique-pieces","18":"product_tag-yaguarete","20":"first","21":"onbackorder","22":"shipping-taxable","23":"purchasable","24":"product-type-variable"},"acf":[],"yoast_head":"<!-- This site is optimized with the Yoast SEO plugin v27.3 - https:\/\/yoast.com\/product\/yoast-seo-wordpress\/ -->\n<title>M\u00c1SCARAS DE CHAN\u00c9 - Facon Argentina<\/title>\n<meta name=\"robots\" content=\"index, follow, max-snippet:-1, max-image-preview:large, max-video-preview:-1\" \/>\n<link rel=\"canonical\" href=\"https:\/\/facon.com.ar\/en\/productos\/mascaras-de-chane\/\" \/>\n<meta property=\"og:locale\" content=\"en_US\" \/>\n<meta property=\"og:type\" content=\"article\" \/>\n<meta property=\"og:title\" content=\"M\u00c1SCARAS DE CHAN\u00c9 - Facon Argentina\" \/>\n<meta property=\"og:description\" content=\"Regi\u00f3n: Salta. Variedad de Animales. Consultar disponibles. Cuando en la regi\u00f3n se comenzaron a construir las rutas, murieron muchos animales. Algunos integrantes de la etnia Chan\u00e9 comenzaron a hacer sus m\u00e1scaras de animales para mantener sus esp\u00edritus. Para realizarlas, utilizan madera de palo borracho y pigmentos naturales para darles color. Al ser un producto artesanal, \u00e9ste puede variar en su tama\u00f1o, formas y colores, pero siempre respetando la calidad que se presenta y la utilidad para el que fue pensado.  Cualquier duda, nos pod\u00e9s contactar en info@facon.com.ar\" \/>\n<meta property=\"og:url\" content=\"https:\/\/facon.com.ar\/en\/productos\/mascaras-de-chane\/\" \/>\n<meta property=\"og:site_name\" content=\"Facon Argentina\" \/>\n<meta property=\"article:modified_time\" content=\"2025-09-08T17:05:17+00:00\" \/>\n<meta property=\"og:image\" content=\"https:\/\/facon.com.ar\/wp-content\/uploads\/ma\u0301scaras-chane.jpg\" \/>\n\t<meta property=\"og:image:width\" content=\"1125\" \/>\n\t<meta property=\"og:image:height\" content=\"1396\" \/>\n\t<meta property=\"og:image:type\" content=\"image\/jpeg\" \/>\n<meta name=\"twitter:card\" content=\"summary_large_image\" \/>\n<script type=\"application\/ld+json\" class=\"yoast-schema-graph\">{\"@context\":\"https:\\\/\\\/schema.org\",\"@graph\":[{\"@type\":\"WebPage\",\"@id\":\"https:\\\/\\\/facon.com.ar\\\/productos\\\/mascaras-de-chane\\\/\",\"url\":\"https:\\\/\\\/facon.com.ar\\\/productos\\\/mascaras-de-chane\\\/\",\"name\":\"M\u00c1SCARAS DE CHAN\u00c9 - Facon Argentina\",\"isPartOf\":{\"@id\":\"https:\\\/\\\/facon.com.ar\\\/#website\"},\"primaryImageOfPage\":{\"@id\":\"https:\\\/\\\/facon.com.ar\\\/productos\\\/mascaras-de-chane\\\/#primaryimage\"},\"image\":{\"@id\":\"https:\\\/\\\/facon.com.ar\\\/productos\\\/mascaras-de-chane\\\/#primaryimage\"},\"thumbnailUrl\":\"https:\\\/\\\/facon.com.ar\\\/wp-content\\\/uploads\\\/ma\u0301scaras-chane.jpg\",\"datePublished\":\"2020-08-09T03:27:29+00:00\",\"dateModified\":\"2025-09-08T17:05:17+00:00\",\"breadcrumb\":{\"@id\":\"https:\\\/\\\/facon.com.ar\\\/productos\\\/mascaras-de-chane\\\/#breadcrumb\"},\"inLanguage\":\"en-US\",\"potentialAction\":[{\"@type\":\"ReadAction\",\"target\":[\"https:\\\/\\\/facon.com.ar\\\/productos\\\/mascaras-de-chane\\\/\"]}]},{\"@type\":\"ImageObject\",\"inLanguage\":\"en-US\",\"@id\":\"https:\\\/\\\/facon.com.ar\\\/productos\\\/mascaras-de-chane\\\/#primaryimage\",\"url\":\"https:\\\/\\\/facon.com.ar\\\/wp-content\\\/uploads\\\/ma\u0301scaras-chane.jpg\",\"contentUrl\":\"https:\\\/\\\/facon.com.ar\\\/wp-content\\\/uploads\\\/ma\u0301scaras-chane.jpg\",\"width\":1125,\"height\":1396},{\"@type\":\"BreadcrumbList\",\"@id\":\"https:\\\/\\\/facon.com.ar\\\/productos\\\/mascaras-de-chane\\\/#breadcrumb\",\"itemListElement\":[{\"@type\":\"ListItem\",\"position\":1,\"name\":\"Portada\",\"item\":\"https:\\\/\\\/facon.com.ar\\\/\"},{\"@type\":\"ListItem\",\"position\":2,\"name\":\"Tienda\",\"item\":\"https:\\\/\\\/facon.com.ar\\\/tienda\\\/\"},{\"@type\":\"ListItem\",\"position\":3,\"name\":\"M\u00c1SCARAS DE CHAN\u00c9\"}]},{\"@type\":\"WebSite\",\"@id\":\"https:\\\/\\\/facon.com.ar\\\/#website\",\"url\":\"https:\\\/\\\/facon.com.ar\\\/\",\"name\":\"Facon Argentina\",\"description\":\"Piezas \u00fanicas de artistas locales\",\"publisher\":{\"@id\":\"https:\\\/\\\/facon.com.ar\\\/#organization\"},\"potentialAction\":[{\"@type\":\"SearchAction\",\"target\":{\"@type\":\"EntryPoint\",\"urlTemplate\":\"https:\\\/\\\/facon.com.ar\\\/?s={search_term_string}\"},\"query-input\":{\"@type\":\"PropertyValueSpecification\",\"valueRequired\":true,\"valueName\":\"search_term_string\"}}],\"inLanguage\":\"en-US\"},{\"@type\":\"Organization\",\"@id\":\"https:\\\/\\\/facon.com.ar\\\/#organization\",\"name\":\"Facon Argentina\",\"url\":\"https:\\\/\\\/facon.com.ar\\\/\",\"logo\":{\"@type\":\"ImageObject\",\"inLanguage\":\"en-US\",\"@id\":\"https:\\\/\\\/facon.com.ar\\\/#\\\/schema\\\/logo\\\/image\\\/\",\"url\":\"https:\\\/\\\/facon.com.ar\\\/wp-content\\\/uploads\\\/logo-t.png\",\"contentUrl\":\"https:\\\/\\\/facon.com.ar\\\/wp-content\\\/uploads\\\/logo-t.png\",\"width\":955,\"height\":793,\"caption\":\"Facon Argentina\"},\"image\":{\"@id\":\"https:\\\/\\\/facon.com.ar\\\/#\\\/schema\\\/logo\\\/image\\\/\"}}]}<\/script>\n<!-- \/ Yoast SEO plugin. -->","yoast_head_json":{"title":"M\u00c1SCARAS DE CHAN\u00c9 - Facon Argentina","robots":{"index":"index","follow":"follow","max-snippet":"max-snippet:-1","max-image-preview":"max-image-preview:large","max-video-preview":"max-video-preview:-1"},"canonical":"https:\/\/facon.com.ar\/en\/productos\/mascaras-de-chane\/","og_locale":"en_US","og_type":"article","og_title":"M\u00c1SCARAS DE CHAN\u00c9 - Facon Argentina","og_description":"Regi\u00f3n: Salta. Variedad de Animales. Consultar disponibles. Cuando en la regi\u00f3n se comenzaron a construir las rutas, murieron muchos animales. Algunos integrantes de la etnia Chan\u00e9 comenzaron a hacer sus m\u00e1scaras de animales para mantener sus esp\u00edritus. Para realizarlas, utilizan madera de palo borracho y pigmentos naturales para darles color. Al ser un producto artesanal, \u00e9ste puede variar en su tama\u00f1o, formas y colores, pero siempre respetando la calidad que se presenta y la utilidad para el que fue pensado.  Cualquier duda, nos pod\u00e9s contactar en info@facon.com.ar","og_url":"https:\/\/facon.com.ar\/en\/productos\/mascaras-de-chane\/","og_site_name":"Facon Argentina","article_modified_time":"2025-09-08T17:05:17+00:00","og_image":[{"width":1125,"height":1396,"url":"https:\/\/facon.com.ar\/wp-content\/uploads\/ma\u0301scaras-chane.jpg","type":"image\/jpeg"}],"twitter_card":"summary_large_image","schema":{"@context":"https:\/\/schema.org","@graph":[{"@type":"WebPage","@id":"https:\/\/facon.com.ar\/productos\/mascaras-de-chane\/","url":"https:\/\/facon.com.ar\/productos\/mascaras-de-chane\/","name":"M\u00c1SCARAS DE CHAN\u00c9 - Facon Argentina","isPartOf":{"@id":"https:\/\/facon.com.ar\/#website"},"primaryImageOfPage":{"@id":"https:\/\/facon.com.ar\/productos\/mascaras-de-chane\/#primaryimage"},"image":{"@id":"https:\/\/facon.com.ar\/productos\/mascaras-de-chane\/#primaryimage"},"thumbnailUrl":"https:\/\/facon.com.ar\/wp-content\/uploads\/ma\u0301scaras-chane.jpg","datePublished":"2020-08-09T03:27:29+00:00","dateModified":"2025-09-08T17:05:17+00:00","breadcrumb":{"@id":"https:\/\/facon.com.ar\/productos\/mascaras-de-chane\/#breadcrumb"},"inLanguage":"en-US","potentialAction":[{"@type":"ReadAction","target":["https:\/\/facon.com.ar\/productos\/mascaras-de-chane\/"]}]},{"@type":"ImageObject","inLanguage":"en-US","@id":"https:\/\/facon.com.ar\/productos\/mascaras-de-chane\/#primaryimage","url":"https:\/\/facon.com.ar\/wp-content\/uploads\/ma\u0301scaras-chane.jpg","contentUrl":"https:\/\/facon.com.ar\/wp-content\/uploads\/ma\u0301scaras-chane.jpg","width":1125,"height":1396},{"@type":"BreadcrumbList","@id":"https:\/\/facon.com.ar\/productos\/mascaras-de-chane\/#breadcrumb","itemListElement":[{"@type":"ListItem","position":1,"name":"Portada","item":"https:\/\/facon.com.ar\/"},{"@type":"ListItem","position":2,"name":"Tienda","item":"https:\/\/facon.com.ar\/tienda\/"},{"@type":"ListItem","position":3,"name":"M\u00c1SCARAS DE CHAN\u00c9"}]},{"@type":"WebSite","@id":"https:\/\/facon.com.ar\/#website","url":"https:\/\/facon.com.ar\/","name":"Facon Argentina","description":"Piezas \u00fanicas de artistas locales","publisher":{"@id":"https:\/\/facon.com.ar\/#organization"},"potentialAction":[{"@type":"SearchAction","target":{"@type":"EntryPoint","urlTemplate":"https:\/\/facon.com.ar\/?s={search_term_string}"},"query-input":{"@type":"PropertyValueSpecification","valueRequired":true,"valueName":"search_term_string"}}],"inLanguage":"en-US"},{"@type":"Organization","@id":"https:\/\/facon.com.ar\/#organization","name":"Facon Argentina","url":"https:\/\/facon.com.ar\/","logo":{"@type":"ImageObject","inLanguage":"en-US","@id":"https:\/\/facon.com.ar\/#\/schema\/logo\/image\/","url":"https:\/\/facon.com.ar\/wp-content\/uploads\/logo-t.png","contentUrl":"https:\/\/facon.com.ar\/wp-content\/uploads\/logo-t.png","width":955,"height":793,"caption":"Facon Argentina"},"image":{"@id":"https:\/\/facon.com.ar\/#\/schema\/logo\/image\/"}}]}},"_links":{"self":[{"href":"https:\/\/facon.com.ar\/en\/wp-json\/wp\/v2\/product\/1014","targetHints":{"allow":["GET"]}}],"collection":[{"href":"https:\/\/facon.com.ar\/en\/wp-json\/wp\/v2\/product"}],"about":[{"href":"https:\/\/facon.com.ar\/en\/wp-json\/wp\/v2\/types\/product"}],"version-history":[{"count":2,"href":"https:\/\/facon.com.ar\/en\/wp-json\/wp\/v2\/product\/1014\/revisions"}],"predecessor-version":[{"id":113059,"href":"https:\/\/facon.com.ar\/en\/wp-json\/wp\/v2\/product\/1014\/revisions\/113059"}],"wp:featuredmedia":[{"embeddable":true,"href":"https:\/\/facon.com.ar\/en\/wp-json\/wp\/v2\/media\/91211"}],"wp:attachment":[{"href":"https:\/\/facon.com.ar\/en\/wp-json\/wp\/v2\/media?parent=1014"}],"wp:term":[{"taxonomy":"product_brand","embeddable":true,"href":"https:\/\/facon.com.ar\/en\/wp-json\/wp\/v2\/product_brand?post=1014"},{"taxonomy":"product_cat","embeddable":true,"href":"https:\/\/facon.com.ar\/en\/wp-json\/wp\/v2\/product_cat?post=1014"},{"taxonomy":"product_tag","embeddable":true,"href":"https:\/\/facon.com.ar\/en\/wp-json\/wp\/v2\/product_tag?post=1014"}],"curies":[{"name":"wp","href":"https:\/\/api.w.org\/{rel}","templated":true}]}}