{"id":76,"date":"2020-06-26T21:19:18","date_gmt":"2020-06-27T00:19:18","guid":{"rendered":"https:\/\/facon.com.ar\/?page_id=76"},"modified":"2021-10-22T20:44:35","modified_gmt":"2021-10-22T23:44:35","slug":"facon","status":"publish","type":"page","link":"https:\/\/facon.com.ar\/en\/facon\/","title":{"rendered":"Facon"},"content":{"rendered":"<div data-elementor-type=\"wp-page\" data-elementor-id=\"76\" class=\"elementor elementor-76\" data-elementor-post-type=\"page\">\n\t\t\t\t\t\t<section class=\"elementor-section elementor-top-section elementor-element elementor-element-bb43c6f elementor-section-stretched elementor-section-full_width elementor-section-height-min-height elementor-section-height-default elementor-section-items-middle\" data-id=\"bb43c6f\" data-element_type=\"section\" data-e-type=\"section\" data-settings=\"{&quot;stretch_section&quot;:&quot;section-stretched&quot;,&quot;background_background&quot;:&quot;classic&quot;}\">\n\t\t\t\t\t\t<div class=\"elementor-container elementor-column-gap-default\">\n\t\t\t\t\t<div class=\"elementor-column elementor-col-100 elementor-top-column elementor-element elementor-element-4a8dbf3\" data-id=\"4a8dbf3\" data-element_type=\"column\" data-e-type=\"column\">\n\t\t\t<div class=\"elementor-widget-wrap elementor-element-populated\">\n\t\t\t\t\t\t<div class=\"elementor-element elementor-element-75f8a56 elementor-widget elementor-widget-heading\" data-id=\"75f8a56\" data-element_type=\"widget\" data-e-type=\"widget\" data-widget_type=\"heading.default\">\n\t\t\t\t<div class=\"elementor-widget-container\">\n\t\t\t\t\t<h1 class=\"elementor-heading-title elementor-size-default\">ABOUT US<\/h1>\t\t\t\t<\/div>\n\t\t\t\t<\/div>\n\t\t\t\t\t<\/div>\n\t\t<\/div>\n\t\t\t\t\t<\/div>\n\t\t<\/section>\n\t\t\t\t<section class=\"elementor-section elementor-top-section elementor-element elementor-element-c9efb23 elementor-section-boxed elementor-section-height-default elementor-section-height-default\" data-id=\"c9efb23\" data-element_type=\"section\" data-e-type=\"section\">\n\t\t\t\t\t\t<div class=\"elementor-container elementor-column-gap-default\">\n\t\t\t\t\t<div class=\"elementor-column elementor-col-50 elementor-top-column elementor-element elementor-element-f1ca6b2\" data-id=\"f1ca6b2\" data-element_type=\"column\" data-e-type=\"column\">\n\t\t\t<div class=\"elementor-widget-wrap elementor-element-populated\">\n\t\t\t\t\t\t<div class=\"elementor-element elementor-element-e9e0fb5 elementor-widget elementor-widget-text-editor\" data-id=\"e9e0fb5\" data-element_type=\"widget\" data-e-type=\"widget\" data-widget_type=\"text-editor.default\">\n\t\t\t\t<div class=\"elementor-widget-container\">\n\t\t\t\t\t\t\t\t\t<p>Looking for new trails, the natural, the authentic and the local, we have set up a local of Argentine objects, in Chacarita.<\/p><p>Fac\u00f3n was born from the idea of \u200b\u200bcreating a space where pieces of our land are found, from artisanal to modern and contemporary, northern crafts and southern photographs, industrial designers, artists and craftsmen.<\/p>\t\t\t\t\t\t\t\t<\/div>\n\t\t\t\t<\/div>\n\t\t\t\t<div class=\"elementor-element elementor-element-8d8ff42 elementor-widget elementor-widget-text-editor\" data-id=\"8d8ff42\" data-element_type=\"widget\" data-e-type=\"widget\" data-widget_type=\"text-editor.default\">\n\t\t\t\t<div class=\"elementor-widget-container\">\n\t\t\t\t\t\t\t\t\t<p class=\"\">With more than 70,000 km traveled since we opened, FACON's backbone is our trips to the most remote, inaccessible and inhospitable places in the interior of Argentina. In each province, in each hill, in each valley, we visit artisan friends, living stories that are told through their crafts. The objective: to spread these trips and the experiences of each kilometer traveled, bringing to the world the creativity and work of so many unknown talents.<\/p><p class=\"\">Facon is a craftsman friend, a braider of tientos, a silver laborer,\u00a0<span style=\"font-size: 1rem;\">a patient weaver, a wood artist, a creative designer, a dream maker,\u00a0<\/span><span style=\"font-size: 1rem;\">a whistler of zambas, a carver of saints, a countryman with his drag, a student, a restless traveler, an inventor of stories, a faithful of Gauchito Gil, a sheep farmer, a reciter of poems.\u00a0<\/span><\/p><p id=\"yui_3_17_2_1_1593210104284_2441\" class=\"\">Fac\u00f3n is just a piece of the beautiful country we have.<\/p>\t\t\t\t\t\t\t\t<\/div>\n\t\t\t\t<\/div>\n\t\t\t\t\t<\/div>\n\t\t<\/div>\n\t\t\t\t<div class=\"elementor-column elementor-col-50 elementor-top-column elementor-element elementor-element-baa96b0\" data-id=\"baa96b0\" data-element_type=\"column\" data-e-type=\"column\">\n\t\t\t<div class=\"elementor-widget-wrap elementor-element-populated\">\n\t\t\t\t\t\t<div class=\"elementor-element elementor-element-2b32b78 elementor-widget elementor-widget-image\" data-id=\"2b32b78\" data-element_type=\"widget\" data-e-type=\"widget\" data-widget_type=\"image.default\">\n\t\t\t\t<div class=\"elementor-widget-container\">\n\t\t\t\t\t\t\t\t\t\t\t\t\t\t\t<img decoding=\"async\" src=\"https:\/\/facon.com.ar\/wp-content\/uploads\/elementor\/thumbs\/alfombra-santiago-del-estero-p3yvrpnbf9y18ix9x0l22wvbn338dc4u8jnwjfaybk.jpg\" title=\"alfombra santiago del estero\" alt=\"alfombra santiago del estero\" loading=\"lazy\" \/>\t\t\t\t\t\t\t\t\t\t\t\t\t\t\t<\/div>\n\t\t\t\t<\/div>\n\t\t\t\t<div class=\"elementor-element elementor-element-9e9dc7d elementor-widget elementor-widget-heading\" data-id=\"9e9dc7d\" data-element_type=\"widget\" data-e-type=\"widget\" data-widget_type=\"heading.default\">\n\t\t\t\t<div class=\"elementor-widget-container\">\n\t\t\t\t\t<span class=\"elementor-heading-title elementor-size-default\">Martin Bustamante at FACON.<\/span>\t\t\t\t<\/div>\n\t\t\t\t<\/div>\n\t\t\t\t\t<\/div>\n\t\t<\/div>\n\t\t\t\t\t<\/div>\n\t\t<\/section>\n\t\t\t\t<section class=\"elementor-section elementor-top-section elementor-element elementor-element-488cdfa elementor-section-boxed elementor-section-height-default elementor-section-height-default\" data-id=\"488cdfa\" data-element_type=\"section\" data-e-type=\"section\">\n\t\t\t\t\t\t<div class=\"elementor-container elementor-column-gap-default\">\n\t\t\t\t\t<div class=\"elementor-column elementor-col-50 elementor-top-column elementor-element elementor-element-212aa0e\" data-id=\"212aa0e\" data-element_type=\"column\" data-e-type=\"column\">\n\t\t\t<div class=\"elementor-widget-wrap elementor-element-populated\">\n\t\t\t\t\t\t<div class=\"elementor-element elementor-element-6d6d800 elementor-widget elementor-widget-image\" data-id=\"6d6d800\" data-element_type=\"widget\" data-e-type=\"widget\" data-widget_type=\"image.default\">\n\t\t\t\t<div class=\"elementor-widget-container\">\n\t\t\t\t\t\t\t\t\t\t\t\t\t\t\t<img decoding=\"async\" src=\"https:\/\/facon.com.ar\/wp-content\/uploads\/elementor\/thumbs\/pachamama-del-norte.-p02ln6wqd79gei4tmifle5f3r4fhvzsg3psz40og1s.jpg\" title=\"pachamama del norte.\" alt=\"pachamama del norte.\" loading=\"lazy\" \/>\t\t\t\t\t\t\t\t\t\t\t\t\t\t\t<\/div>\n\t\t\t\t<\/div>\n\t\t\t\t<div class=\"elementor-element elementor-element-41b9741 elementor-widget elementor-widget-heading\" data-id=\"41b9741\" data-element_type=\"widget\" data-e-type=\"widget\" data-widget_type=\"heading.default\">\n\t\t\t\t<div class=\"elementor-widget-container\">\n\t\t\t\t\t<span class=\"elementor-heading-title elementor-size-default\">Beautiful Pachamama Salte\u00f1a in the store.<\/span>\t\t\t\t<\/div>\n\t\t\t\t<\/div>\n\t\t\t\t\t<\/div>\n\t\t<\/div>\n\t\t\t\t<div class=\"elementor-column elementor-col-50 elementor-top-column elementor-element elementor-element-305b5af\" data-id=\"305b5af\" data-element_type=\"column\" data-e-type=\"column\">\n\t\t\t<div class=\"elementor-widget-wrap elementor-element-populated\">\n\t\t\t\t\t\t<div class=\"elementor-element elementor-element-18486ac elementor-widget elementor-widget-text-editor\" data-id=\"18486ac\" data-element_type=\"widget\" data-e-type=\"widget\" data-widget_type=\"text-editor.default\">\n\t\t\t\t<div class=\"elementor-widget-container\">\n\t\t\t\t\t\t\t\t\tFrom Argentina to the world\t\t\t\t\t\t\t\t<\/div>\n\t\t\t\t<\/div>\n\t\t\t\t<div class=\"elementor-element elementor-element-4f0bc8c elementor-widget elementor-widget-text-editor\" data-id=\"4f0bc8c\" data-element_type=\"widget\" data-e-type=\"widget\" data-widget_type=\"text-editor.default\">\n\t\t\t\t<div class=\"elementor-widget-container\">\n\t\t\t\t\t\t\t\t\t<p class=\"content_about\">This is a boutique that could only exist in Argentina. The store, which resides in Chacarita, features everything from ceramics to rugs to leather bags, all made by local artists, artisans, and independent industrial designers. Owner and art director Mart\u00edn Bustamante travels through Argentina to remote communities, using his keen eye to choose unique pieces. Look for beauty, energy, and cultural significance, in particular. The highlights of the collection include high-quality hand-woven rugs, carbon steel gaucho knives, leather and canvas backpacks, and purses made from chaguar, a plant fiber found near the Iguazu Falls. Facon has a direct relationship with artists and artisans. Its aim is to empower rural communities in a sustainable way. That is why they work with NGO craft projects. Go gaucho chic and choose amazing handwoven and naturally dyed rugs made from 100 percent sheep wool, organic leather backpacks and travel bags, or paintings and photographs by local artists.<\/p>\t\t\t\t\t\t\t\t<\/div>\n\t\t\t\t<\/div>\n\t\t\t\t\t<\/div>\n\t\t<\/div>\n\t\t\t\t\t<\/div>\n\t\t<\/section>\n\t\t\t\t<\/div>","protected":false},"excerpt":{"rendered":"<p>NOSOTROS Buscando nuevos senderos, lo natural, lo aut\u00e9ntico y local, hemos armado un local de objetos argentinos, en Chacarita. Fac\u00f3n nace de la idea de crear un espacio donde se encuentren pedazos de nuestra tierra, desde lo artesanal hasta la moderno y contempor\u00e1neo, artesan\u00edas del norte y fotograf\u00edas del sur, dise\u00f1adores industriales, artistas y artesanos. [&hellip;]<\/p>\n","protected":false},"author":1,"featured_media":724,"parent":0,"menu_order":0,"comment_status":"closed","ping_status":"closed","template":"elementor_header_footer","meta":{"_acf_changed":false,"footnotes":""},"class_list":["post-76","page","type-page","status-publish","has-post-thumbnail","hentry"],"acf":[],"yoast_head":"<!-- This site is optimized with the Yoast SEO plugin v27.3 - https:\/\/yoast.com\/product\/yoast-seo-wordpress\/ -->\n<title>Facon - Facon Argentina<\/title>\n<meta name=\"robots\" content=\"index, follow, max-snippet:-1, max-image-preview:large, max-video-preview:-1\" \/>\n<link rel=\"canonical\" href=\"https:\/\/facon.com.ar\/en\/facon\/\" \/>\n<meta property=\"og:locale\" content=\"en_US\" \/>\n<meta property=\"og:type\" content=\"article\" \/>\n<meta property=\"og:title\" content=\"Facon - Facon Argentina\" \/>\n<meta property=\"og:description\" content=\"NOSOTROS Buscando nuevos senderos, lo natural, lo aut\u00e9ntico y local, hemos armado un local de objetos argentinos, en Chacarita. Fac\u00f3n nace de la idea de crear un espacio donde se encuentren pedazos de nuestra tierra, desde lo artesanal hasta la moderno y contempor\u00e1neo, artesan\u00edas del norte y fotograf\u00edas del sur, dise\u00f1adores industriales, artistas y artesanos. [&hellip;]\" \/>\n<meta property=\"og:url\" content=\"https:\/\/facon.com.ar\/en\/facon\/\" \/>\n<meta property=\"og:site_name\" content=\"Facon Argentina\" \/>\n<meta property=\"article:modified_time\" content=\"2021-10-22T23:44:35+00:00\" \/>\n<meta property=\"og:image\" content=\"https:\/\/facon.com.ar\/wp-content\/uploads\/destacada.jpg\" \/>\n\t<meta property=\"og:image:width\" content=\"599\" \/>\n\t<meta property=\"og:image:height\" content=\"599\" \/>\n\t<meta property=\"og:image:type\" content=\"image\/jpeg\" \/>\n<meta name=\"twitter:card\" content=\"summary_large_image\" \/>\n<meta name=\"twitter:label1\" content=\"Est. reading time\" \/>\n\t<meta name=\"twitter:data1\" content=\"2 minutes\" \/>\n<script type=\"application\/ld+json\" class=\"yoast-schema-graph\">{\"@context\":\"https:\\\/\\\/schema.org\",\"@graph\":[{\"@type\":\"WebPage\",\"@id\":\"https:\\\/\\\/facon.com.ar\\\/facon\\\/\",\"url\":\"https:\\\/\\\/facon.com.ar\\\/facon\\\/\",\"name\":\"Facon - Facon Argentina\",\"isPartOf\":{\"@id\":\"https:\\\/\\\/facon.com.ar\\\/#website\"},\"primaryImageOfPage\":{\"@id\":\"https:\\\/\\\/facon.com.ar\\\/facon\\\/#primaryimage\"},\"image\":{\"@id\":\"https:\\\/\\\/facon.com.ar\\\/facon\\\/#primaryimage\"},\"thumbnailUrl\":\"https:\\\/\\\/facon.com.ar\\\/wp-content\\\/uploads\\\/destacada.jpg\",\"datePublished\":\"2020-06-27T00:19:18+00:00\",\"dateModified\":\"2021-10-22T23:44:35+00:00\",\"breadcrumb\":{\"@id\":\"https:\\\/\\\/facon.com.ar\\\/facon\\\/#breadcrumb\"},\"inLanguage\":\"en-US\",\"potentialAction\":[{\"@type\":\"ReadAction\",\"target\":[\"https:\\\/\\\/facon.com.ar\\\/facon\\\/\"]}]},{\"@type\":\"ImageObject\",\"inLanguage\":\"en-US\",\"@id\":\"https:\\\/\\\/facon.com.ar\\\/facon\\\/#primaryimage\",\"url\":\"https:\\\/\\\/facon.com.ar\\\/wp-content\\\/uploads\\\/destacada.jpg\",\"contentUrl\":\"https:\\\/\\\/facon.com.ar\\\/wp-content\\\/uploads\\\/destacada.jpg\",\"width\":599,\"height\":599,\"caption\":\"Facon Argentina\"},{\"@type\":\"BreadcrumbList\",\"@id\":\"https:\\\/\\\/facon.com.ar\\\/facon\\\/#breadcrumb\",\"itemListElement\":[{\"@type\":\"ListItem\",\"position\":1,\"name\":\"Portada\",\"item\":\"https:\\\/\\\/facon.com.ar\\\/\"},{\"@type\":\"ListItem\",\"position\":2,\"name\":\"Facon\"}]},{\"@type\":\"WebSite\",\"@id\":\"https:\\\/\\\/facon.com.ar\\\/#website\",\"url\":\"https:\\\/\\\/facon.com.ar\\\/\",\"name\":\"Facon Argentina\",\"description\":\"Piezas \u00fanicas de artistas locales\",\"publisher\":{\"@id\":\"https:\\\/\\\/facon.com.ar\\\/#organization\"},\"potentialAction\":[{\"@type\":\"SearchAction\",\"target\":{\"@type\":\"EntryPoint\",\"urlTemplate\":\"https:\\\/\\\/facon.com.ar\\\/?s={search_term_string}\"},\"query-input\":{\"@type\":\"PropertyValueSpecification\",\"valueRequired\":true,\"valueName\":\"search_term_string\"}}],\"inLanguage\":\"en-US\"},{\"@type\":\"Organization\",\"@id\":\"https:\\\/\\\/facon.com.ar\\\/#organization\",\"name\":\"Facon Argentina\",\"url\":\"https:\\\/\\\/facon.com.ar\\\/\",\"logo\":{\"@type\":\"ImageObject\",\"inLanguage\":\"en-US\",\"@id\":\"https:\\\/\\\/facon.com.ar\\\/#\\\/schema\\\/logo\\\/image\\\/\",\"url\":\"https:\\\/\\\/facon.com.ar\\\/wp-content\\\/uploads\\\/logo-t.png\",\"contentUrl\":\"https:\\\/\\\/facon.com.ar\\\/wp-content\\\/uploads\\\/logo-t.png\",\"width\":955,\"height\":793,\"caption\":\"Facon Argentina\"},\"image\":{\"@id\":\"https:\\\/\\\/facon.com.ar\\\/#\\\/schema\\\/logo\\\/image\\\/\"}}]}<\/script>\n<!-- \/ Yoast SEO plugin. -->","yoast_head_json":{"title":"Facon - Facon Argentina","robots":{"index":"index","follow":"follow","max-snippet":"max-snippet:-1","max-image-preview":"max-image-preview:large","max-video-preview":"max-video-preview:-1"},"canonical":"https:\/\/facon.com.ar\/en\/facon\/","og_locale":"en_US","og_type":"article","og_title":"Facon - Facon Argentina","og_description":"NOSOTROS Buscando nuevos senderos, lo natural, lo aut\u00e9ntico y local, hemos armado un local de objetos argentinos, en Chacarita. Fac\u00f3n nace de la idea de crear un espacio donde se encuentren pedazos de nuestra tierra, desde lo artesanal hasta la moderno y contempor\u00e1neo, artesan\u00edas del norte y fotograf\u00edas del sur, dise\u00f1adores industriales, artistas y artesanos. [&hellip;]","og_url":"https:\/\/facon.com.ar\/en\/facon\/","og_site_name":"Facon Argentina","article_modified_time":"2021-10-22T23:44:35+00:00","og_image":[{"width":599,"height":599,"url":"https:\/\/facon.com.ar\/wp-content\/uploads\/destacada.jpg","type":"image\/jpeg"}],"twitter_card":"summary_large_image","twitter_misc":{"Est. reading time":"2 minutes"},"schema":{"@context":"https:\/\/schema.org","@graph":[{"@type":"WebPage","@id":"https:\/\/facon.com.ar\/facon\/","url":"https:\/\/facon.com.ar\/facon\/","name":"Facon - Facon Argentina","isPartOf":{"@id":"https:\/\/facon.com.ar\/#website"},"primaryImageOfPage":{"@id":"https:\/\/facon.com.ar\/facon\/#primaryimage"},"image":{"@id":"https:\/\/facon.com.ar\/facon\/#primaryimage"},"thumbnailUrl":"https:\/\/facon.com.ar\/wp-content\/uploads\/destacada.jpg","datePublished":"2020-06-27T00:19:18+00:00","dateModified":"2021-10-22T23:44:35+00:00","breadcrumb":{"@id":"https:\/\/facon.com.ar\/facon\/#breadcrumb"},"inLanguage":"en-US","potentialAction":[{"@type":"ReadAction","target":["https:\/\/facon.com.ar\/facon\/"]}]},{"@type":"ImageObject","inLanguage":"en-US","@id":"https:\/\/facon.com.ar\/facon\/#primaryimage","url":"https:\/\/facon.com.ar\/wp-content\/uploads\/destacada.jpg","contentUrl":"https:\/\/facon.com.ar\/wp-content\/uploads\/destacada.jpg","width":599,"height":599,"caption":"Facon Argentina"},{"@type":"BreadcrumbList","@id":"https:\/\/facon.com.ar\/facon\/#breadcrumb","itemListElement":[{"@type":"ListItem","position":1,"name":"Portada","item":"https:\/\/facon.com.ar\/"},{"@type":"ListItem","position":2,"name":"Facon"}]},{"@type":"WebSite","@id":"https:\/\/facon.com.ar\/#website","url":"https:\/\/facon.com.ar\/","name":"Facon Argentina","description":"Piezas \u00fanicas de artistas locales","publisher":{"@id":"https:\/\/facon.com.ar\/#organization"},"potentialAction":[{"@type":"SearchAction","target":{"@type":"EntryPoint","urlTemplate":"https:\/\/facon.com.ar\/?s={search_term_string}"},"query-input":{"@type":"PropertyValueSpecification","valueRequired":true,"valueName":"search_term_string"}}],"inLanguage":"en-US"},{"@type":"Organization","@id":"https:\/\/facon.com.ar\/#organization","name":"Facon Argentina","url":"https:\/\/facon.com.ar\/","logo":{"@type":"ImageObject","inLanguage":"en-US","@id":"https:\/\/facon.com.ar\/#\/schema\/logo\/image\/","url":"https:\/\/facon.com.ar\/wp-content\/uploads\/logo-t.png","contentUrl":"https:\/\/facon.com.ar\/wp-content\/uploads\/logo-t.png","width":955,"height":793,"caption":"Facon Argentina"},"image":{"@id":"https:\/\/facon.com.ar\/#\/schema\/logo\/image\/"}}]}},"_links":{"self":[{"href":"https:\/\/facon.com.ar\/en\/wp-json\/wp\/v2\/pages\/76","targetHints":{"allow":["GET"]}}],"collection":[{"href":"https:\/\/facon.com.ar\/en\/wp-json\/wp\/v2\/pages"}],"about":[{"href":"https:\/\/facon.com.ar\/en\/wp-json\/wp\/v2\/types\/page"}],"author":[{"embeddable":true,"href":"https:\/\/facon.com.ar\/en\/wp-json\/wp\/v2\/users\/1"}],"replies":[{"embeddable":true,"href":"https:\/\/facon.com.ar\/en\/wp-json\/wp\/v2\/comments?post=76"}],"version-history":[{"count":0,"href":"https:\/\/facon.com.ar\/en\/wp-json\/wp\/v2\/pages\/76\/revisions"}],"wp:featuredmedia":[{"embeddable":true,"href":"https:\/\/facon.com.ar\/en\/wp-json\/wp\/v2\/media\/724"}],"wp:attachment":[{"href":"https:\/\/facon.com.ar\/en\/wp-json\/wp\/v2\/media?parent=76"}],"curies":[{"name":"wp","href":"https:\/\/api.w.org\/{rel}","templated":true}]}}