{"id":46,"date":"2020-06-26T20:00:17","date_gmt":"2020-06-26T23:00:17","guid":{"rendered":"https:\/\/facon.com.ar\/?page_id=46"},"modified":"2020-06-28T19:28:47","modified_gmt":"2020-06-28T22:28:47","slug":"cuidado-manutencion","status":"publish","type":"page","link":"https:\/\/facon.com.ar\/en\/cuidado-manutencion\/","title":{"rendered":"Care and maintenance"},"content":{"rendered":"<div data-elementor-type=\"wp-page\" data-elementor-id=\"46\" class=\"elementor elementor-46\" data-elementor-post-type=\"page\">\n\t\t\t\t\t\t<section class=\"elementor-section elementor-top-section elementor-element elementor-element-3c3e4fb elementor-section-stretched elementor-section-boxed elementor-section-height-default elementor-section-height-default\" data-id=\"3c3e4fb\" data-element_type=\"section\" data-e-type=\"section\" data-settings=\"{&quot;stretch_section&quot;:&quot;section-stretched&quot;}\">\n\t\t\t\t\t\t<div class=\"elementor-container elementor-column-gap-default\">\n\t\t\t\t\t<div class=\"elementor-column elementor-col-100 elementor-top-column elementor-element elementor-element-5cb517c\" data-id=\"5cb517c\" data-element_type=\"column\" data-e-type=\"column\">\n\t\t\t<div class=\"elementor-widget-wrap elementor-element-populated\">\n\t\t\t\t\t\t<div class=\"elementor-element elementor-element-597f144 elementor-widget elementor-widget-heading\" data-id=\"597f144\" data-element_type=\"widget\" data-e-type=\"widget\" data-widget_type=\"heading.default\">\n\t\t\t\t<div class=\"elementor-widget-container\">\n\t\t\t\t\t<h1 class=\"elementor-heading-title elementor-size-default\">Cuidados &amp; Manutenci\u00f3n<\/h1>\t\t\t\t<\/div>\n\t\t\t\t<\/div>\n\t\t\t\t<div class=\"elementor-element elementor-element-26c6068 elementor-widget elementor-widget-text-editor\" data-id=\"26c6068\" data-element_type=\"widget\" data-e-type=\"widget\" data-widget_type=\"text-editor.default\">\n\t\t\t\t<div class=\"elementor-widget-container\">\n\t\t\t\t\t\t\t\t\t\n<p><strong>PONCHOS &amp; RUGS<br \/><\/strong><\/p>\n<p class=\"\">Thank you for choosing a FACON products. To help keep your rug and poncho looking at its best for years to come, below we have outlined a few words of advice to read before.  Liquid spills must be blotted up as soon as possible. First, remove any solid materials if present with care. Using a white towel, white cloth or white paper towel to draw up the liquid as best you can, as it will eliminate the possible migration of dyes. Place the towel or cloth on top of the spill and starting from the outside of the spill, apply pressure to soak up the liquid and draw it out of the wool. Never rub a wet liquid stain. Repeat this step until clean. If a stain is still evident, apply a small amount of lukewarm water and draw it out using the same method described above. Using a designated wool detergent can help remove the stain as well, but use sparingly so to avoid possible fading of dyes. Make sure all the detergent is then removed from the wool. If the stain can\u2019t be removed using these methods, seek professional advice or have your rug\/poncho professionally cleaned.  In the case of mud or dirt on your rug\/poncho, brush and\/or vacuum with care once dry. Always let mud dry before attempting to clean.  For small spot stains that have already dried on your rug\/poncho, we do recommend that a designated wool detergent be used as per its instructions if you wish to attempt to remove the stain yourself.  A mild mixture of lukewarm water, white vinegar and detergent can also be used as a homemade solution, but the use of a designated wool detergent is preferable. If using the homemade solution, wet a white cloth with this mixture and gently wipe, taking care not to spread the stain. If you have any doubts whatsoever or the stain is still evident once dry, seek the advice or service of an experienced rug\/poncho cleaning professional.<br \/><br \/>Rugs should be vacuumed with care on a regular basis. The more traffic your rug receives the more often it should be cleaned. The build up of dirt and\/or sand can drastically reduce the lifespan of your rug. Constant foot traffic on a soiled rug causes the premature breakdown of the wool fibers due to the abrasive nature of dirt and sand.  When vacuuming, take care not to use too much suction and move the head of the vacuum over your rug slowly, being careful not to catch any threads. Never use a vacuum head that has moving parts as this could damage your rug. Always vacuum with the direction of the weave. Vacuum both sides of your rug as dirt can penetrate all the way through.  If in doubt, always seek the advice or service of an experienced rug cleaning professional.  Never machine wash or hand wash an entire rug with water. This could lead to deformation and\/or running of dyes.<\/p>\n<p class=\"\">Never store rugs in plastic bags as this can cause discolouration over a period of time. Instead, keep in a clean and dry environment that is easily accessible for regular inspection and cleaning.<br \/><br \/>FACON accepts no responsibility for damage caused by persons following the cleaning and care procedures listed on this page. This is simply advice and you should always contact an experienced rug cleaning professional if you are ever in doubt regarding the care of your rug.<\/p>\n\t\t\t\t\t\t\t\t<\/div>\n\t\t\t\t<\/div>\n\t\t\t\t\t<\/div>\n\t\t<\/div>\n\t\t\t\t\t<\/div>\n\t\t<\/section>\n\t\t\t\t<\/div>","protected":false},"excerpt":{"rendered":"<p>Cuidados &#038; Manutenci\u00f3n PONCHOS &amp;\u00a0ALFOMBRAS Gracias por elegir un producto FACON. Para ayudar a que su alfombra y su poncho se vean lo mejor posible en los a\u00f1os venideros, a continuaci\u00f3n hemos resumido algunas palabras de consejos para leer antes. Los derrames de l\u00edquidos deben secarse lo antes posible. Primero, elimine cualquier material s\u00f3lido si [&hellip;]<\/p>\n","protected":false},"author":1,"featured_media":0,"parent":0,"menu_order":0,"comment_status":"closed","ping_status":"closed","template":"elementor_header_footer","meta":{"_acf_changed":false,"footnotes":""},"class_list":["post-46","page","type-page","status-publish","hentry"],"acf":[],"yoast_head":"<!-- This site is optimized with the Yoast SEO plugin v27.3 - https:\/\/yoast.com\/product\/yoast-seo-wordpress\/ -->\n<title>Cuidado y manutenci\u00f3n - Facon Argentina<\/title>\n<meta name=\"robots\" content=\"index, follow, max-snippet:-1, max-image-preview:large, max-video-preview:-1\" \/>\n<link rel=\"canonical\" href=\"https:\/\/facon.com.ar\/en\/cuidado-manutencion\/\" \/>\n<meta property=\"og:locale\" content=\"en_US\" \/>\n<meta property=\"og:type\" content=\"article\" \/>\n<meta property=\"og:title\" content=\"Cuidado y manutenci\u00f3n - Facon Argentina\" \/>\n<meta property=\"og:description\" content=\"Cuidados &#038; Manutenci\u00f3n PONCHOS &amp;\u00a0ALFOMBRAS Gracias por elegir un producto FACON. Para ayudar a que su alfombra y su poncho se vean lo mejor posible en los a\u00f1os venideros, a continuaci\u00f3n hemos resumido algunas palabras de consejos para leer antes. Los derrames de l\u00edquidos deben secarse lo antes posible. Primero, elimine cualquier material s\u00f3lido si [&hellip;]\" \/>\n<meta property=\"og:url\" content=\"https:\/\/facon.com.ar\/en\/cuidado-manutencion\/\" \/>\n<meta property=\"og:site_name\" content=\"Facon Argentina\" \/>\n<meta property=\"article:modified_time\" content=\"2020-06-28T22:28:47+00:00\" \/>\n<meta name=\"twitter:card\" content=\"summary_large_image\" \/>\n<meta name=\"twitter:label1\" content=\"Est. reading time\" \/>\n\t<meta name=\"twitter:data1\" content=\"3 minutes\" \/>\n<script type=\"application\/ld+json\" class=\"yoast-schema-graph\">{\"@context\":\"https:\\\/\\\/schema.org\",\"@graph\":[{\"@type\":\"WebPage\",\"@id\":\"https:\\\/\\\/facon.com.ar\\\/en\\\/cuidado-manutencion\\\/\",\"url\":\"https:\\\/\\\/facon.com.ar\\\/en\\\/cuidado-manutencion\\\/\",\"name\":\"Cuidado y manutenci\u00f3n - Facon Argentina\",\"isPartOf\":{\"@id\":\"https:\\\/\\\/facon.com.ar\\\/#website\"},\"datePublished\":\"2020-06-26T23:00:17+00:00\",\"dateModified\":\"2020-06-28T22:28:47+00:00\",\"breadcrumb\":{\"@id\":\"https:\\\/\\\/facon.com.ar\\\/en\\\/cuidado-manutencion\\\/#breadcrumb\"},\"inLanguage\":\"en-US\",\"potentialAction\":[{\"@type\":\"ReadAction\",\"target\":[\"https:\\\/\\\/facon.com.ar\\\/en\\\/cuidado-manutencion\\\/\"]}]},{\"@type\":\"BreadcrumbList\",\"@id\":\"https:\\\/\\\/facon.com.ar\\\/en\\\/cuidado-manutencion\\\/#breadcrumb\",\"itemListElement\":[{\"@type\":\"ListItem\",\"position\":1,\"name\":\"Portada\",\"item\":\"https:\\\/\\\/facon.com.ar\\\/\"},{\"@type\":\"ListItem\",\"position\":2,\"name\":\"Cuidado y manutenci\u00f3n\"}]},{\"@type\":\"WebSite\",\"@id\":\"https:\\\/\\\/facon.com.ar\\\/#website\",\"url\":\"https:\\\/\\\/facon.com.ar\\\/\",\"name\":\"Facon Argentina\",\"description\":\"Piezas \u00fanicas de artistas locales\",\"publisher\":{\"@id\":\"https:\\\/\\\/facon.com.ar\\\/#organization\"},\"potentialAction\":[{\"@type\":\"SearchAction\",\"target\":{\"@type\":\"EntryPoint\",\"urlTemplate\":\"https:\\\/\\\/facon.com.ar\\\/?s={search_term_string}\"},\"query-input\":{\"@type\":\"PropertyValueSpecification\",\"valueRequired\":true,\"valueName\":\"search_term_string\"}}],\"inLanguage\":\"en-US\"},{\"@type\":\"Organization\",\"@id\":\"https:\\\/\\\/facon.com.ar\\\/#organization\",\"name\":\"Facon Argentina\",\"url\":\"https:\\\/\\\/facon.com.ar\\\/\",\"logo\":{\"@type\":\"ImageObject\",\"inLanguage\":\"en-US\",\"@id\":\"https:\\\/\\\/facon.com.ar\\\/#\\\/schema\\\/logo\\\/image\\\/\",\"url\":\"https:\\\/\\\/facon.com.ar\\\/wp-content\\\/uploads\\\/logo-t.png\",\"contentUrl\":\"https:\\\/\\\/facon.com.ar\\\/wp-content\\\/uploads\\\/logo-t.png\",\"width\":955,\"height\":793,\"caption\":\"Facon Argentina\"},\"image\":{\"@id\":\"https:\\\/\\\/facon.com.ar\\\/#\\\/schema\\\/logo\\\/image\\\/\"}}]}<\/script>\n<!-- \/ Yoast SEO plugin. -->","yoast_head_json":{"title":"Cuidado y manutenci\u00f3n - Facon Argentina","robots":{"index":"index","follow":"follow","max-snippet":"max-snippet:-1","max-image-preview":"max-image-preview:large","max-video-preview":"max-video-preview:-1"},"canonical":"https:\/\/facon.com.ar\/en\/cuidado-manutencion\/","og_locale":"en_US","og_type":"article","og_title":"Cuidado y manutenci\u00f3n - Facon Argentina","og_description":"Cuidados &#038; Manutenci\u00f3n PONCHOS &amp;\u00a0ALFOMBRAS Gracias por elegir un producto FACON. Para ayudar a que su alfombra y su poncho se vean lo mejor posible en los a\u00f1os venideros, a continuaci\u00f3n hemos resumido algunas palabras de consejos para leer antes. Los derrames de l\u00edquidos deben secarse lo antes posible. Primero, elimine cualquier material s\u00f3lido si [&hellip;]","og_url":"https:\/\/facon.com.ar\/en\/cuidado-manutencion\/","og_site_name":"Facon Argentina","article_modified_time":"2020-06-28T22:28:47+00:00","twitter_card":"summary_large_image","twitter_misc":{"Est. reading time":"3 minutes"},"schema":{"@context":"https:\/\/schema.org","@graph":[{"@type":"WebPage","@id":"https:\/\/facon.com.ar\/en\/cuidado-manutencion\/","url":"https:\/\/facon.com.ar\/en\/cuidado-manutencion\/","name":"Cuidado y manutenci\u00f3n - Facon Argentina","isPartOf":{"@id":"https:\/\/facon.com.ar\/#website"},"datePublished":"2020-06-26T23:00:17+00:00","dateModified":"2020-06-28T22:28:47+00:00","breadcrumb":{"@id":"https:\/\/facon.com.ar\/en\/cuidado-manutencion\/#breadcrumb"},"inLanguage":"en-US","potentialAction":[{"@type":"ReadAction","target":["https:\/\/facon.com.ar\/en\/cuidado-manutencion\/"]}]},{"@type":"BreadcrumbList","@id":"https:\/\/facon.com.ar\/en\/cuidado-manutencion\/#breadcrumb","itemListElement":[{"@type":"ListItem","position":1,"name":"Portada","item":"https:\/\/facon.com.ar\/"},{"@type":"ListItem","position":2,"name":"Cuidado y manutenci\u00f3n"}]},{"@type":"WebSite","@id":"https:\/\/facon.com.ar\/#website","url":"https:\/\/facon.com.ar\/","name":"Facon Argentina","description":"Piezas \u00fanicas de artistas locales","publisher":{"@id":"https:\/\/facon.com.ar\/#organization"},"potentialAction":[{"@type":"SearchAction","target":{"@type":"EntryPoint","urlTemplate":"https:\/\/facon.com.ar\/?s={search_term_string}"},"query-input":{"@type":"PropertyValueSpecification","valueRequired":true,"valueName":"search_term_string"}}],"inLanguage":"en-US"},{"@type":"Organization","@id":"https:\/\/facon.com.ar\/#organization","name":"Facon Argentina","url":"https:\/\/facon.com.ar\/","logo":{"@type":"ImageObject","inLanguage":"en-US","@id":"https:\/\/facon.com.ar\/#\/schema\/logo\/image\/","url":"https:\/\/facon.com.ar\/wp-content\/uploads\/logo-t.png","contentUrl":"https:\/\/facon.com.ar\/wp-content\/uploads\/logo-t.png","width":955,"height":793,"caption":"Facon Argentina"},"image":{"@id":"https:\/\/facon.com.ar\/#\/schema\/logo\/image\/"}}]}},"_links":{"self":[{"href":"https:\/\/facon.com.ar\/en\/wp-json\/wp\/v2\/pages\/46","targetHints":{"allow":["GET"]}}],"collection":[{"href":"https:\/\/facon.com.ar\/en\/wp-json\/wp\/v2\/pages"}],"about":[{"href":"https:\/\/facon.com.ar\/en\/wp-json\/wp\/v2\/types\/page"}],"author":[{"embeddable":true,"href":"https:\/\/facon.com.ar\/en\/wp-json\/wp\/v2\/users\/1"}],"replies":[{"embeddable":true,"href":"https:\/\/facon.com.ar\/en\/wp-json\/wp\/v2\/comments?post=46"}],"version-history":[{"count":0,"href":"https:\/\/facon.com.ar\/en\/wp-json\/wp\/v2\/pages\/46\/revisions"}],"wp:attachment":[{"href":"https:\/\/facon.com.ar\/en\/wp-json\/wp\/v2\/media?parent=46"}],"curies":[{"name":"wp","href":"https:\/\/api.w.org\/{rel}","templated":true}]}}